{"id":1269,"date":"2026-01-29T06:34:35","date_gmt":"2026-01-29T06:34:35","guid":{"rendered":"https:\/\/theinsulatedglass.com\/?post_type=product&#038;p=1269"},"modified":"2026-01-29T06:34:35","modified_gmt":"2026-01-29T06:34:35","slug":"project-spec-bullet-resistant-glass-for-security-use","status":"publish","type":"product","link":"https:\/\/theinsulatedglass.com\/it\/project-spec-bullet-resistant-glass-for-security-use\/","title":{"rendered":"Vetro antiproiettile Project Spec per uso di sicurezza"},"content":{"rendered":"<p data-start=\"65\" data-end=\"393\">Panoramica<br data-start=\"73\" data-end=\"76\" \/>Dalle prime note di progetto all'installazione finale, le vetrate di sicurezza funzionano al meglio quando vetro, intelaiatura e dettagli di interfaccia sono coordinati. I nostri vetri antiproiettile sono forniti secondo le specifiche di progetto con caratteristiche di ritenzione migliorate, per contribuire a limitare le ricadute pericolose e a garantire una visuale chiara per le operazioni quotidiane.<\/p>\n<p data-start=\"397\" data-end=\"805\">Caratteristiche principali<br data-start=\"409\" data-end=\"412\" \/>- Coordinare la geometria dei pannelli con i telai e la ferramenta per ottenere un montaggio prevedibile.<br data-start=\"485\" data-end=\"488\" \/>- Aumenta l'integrit\u00e0 post-rottura grazie alla struttura laminata multistrato<br data-start=\"565\" data-end=\"568\" \/>- Mantenere le opzioni di chiarezza ottica adatte ai punti di sicurezza rivolti al cliente<br data-start=\"644\" data-end=\"647\" \/>- Supporto di una vita utile duratura con una qualit\u00e0 dei bordi e una guida alla manipolazione controllate<br data-start=\"728\" data-end=\"731\" \/>- Semplificare la pianificazione dei rischi del sito, fornendo build tracciabili e ripetibili.<\/p>\n<p data-start=\"809\" data-end=\"1265\">Opzioni e personalizzazione<br data-start=\"832\" data-end=\"835\" \/>- Dimensioni, forme e numerazione dei set in base ai disegni.<br data-start=\"901\" data-end=\"904\" \/>- Configurazioni costruttive disponibili su richiesta (laminato interamente in vetro, policarbonato rivestito in vetro o strati misti)<br data-start=\"1010\" data-end=\"1013\" \/>- Finitura dei bordi, fori e ritagli offerti per sistemi passanti e fissaggi<br data-start=\"1094\" data-end=\"1097\" \/>- Soluzioni opzionali per il controllo delle schegge o per la superficie antigraffio, disponibili su richiesta.<br data-start=\"1176\" data-end=\"1179\" \/>- Le unit\u00e0 antiproiettile pronte per l'IGU possono essere fornite dove \u00e8 richiesto il comfort termico.<\/p>\n<p data-start=\"1269\" data-end=\"1473\">Applicazioni tipiche<br data-start=\"1289\" data-end=\"1292\" \/>Finestre di transazione, casse, cabine di guardia, vetrate di ambasciate e consolati, linee di sportelli bancari, aree di accoglienza sicure, osservazione di strutture di detenzione, finestre di sale di controllo.<\/p>\n<p data-start=\"1477\" data-end=\"1800\">Fornitura e assistenza<br data-start=\"1493\" data-end=\"1496\" \/>La fornitura diretta in fabbrica supporta la pianificazione dei programmi con tempi di consegna stabili, compreso l'imballaggio per l'esportazione \/ l'imballaggio in casse per il trasporto su lunghe distanze. Sono applicati il controllo qualit\u00e0 interno e la tracciabilit\u00e0 della qualit\u00e0; sono disponibili il supporto ai disegni e il coordinamento dei disegni di officina e, su richiesta, la conformit\u00e0 agli standard.<\/p>","protected":false},"excerpt":{"rendered":"<p>Progettato per i punti di sicurezza in cui il coordinamento \u00e8 importante, questo vetro stratificato antiproiettile \u00e8 prodotto secondo le specifiche del progetto con una maggiore ritenzione per un comportamento pi\u00f9 sicuro dopo la rottura. Utilizzato comunemente per le finestre delle transazioni e le cabine di guardia, favorisce una chiara visibilit\u00e0 integrandosi con i telai e la ferramenta compatibili.<\/p>","protected":false},"featured_media":1291,"template":"","meta":{"_gspb_post_css":""},"product_brand":[],"product_cat":[32],"product_tag":[590,66,765,64,97,767,429,766,764,768,65,428],"class_list":{"0":"post-1269","1":"product","2":"type-product","3":"status-publish","4":"has-post-thumbnail","6":"product_cat-bulletproof-glass","7":"product_tag-bank-teller-window-glass","8":"product_tag-bulk-supply","9":"product_tag-bullet-resistant-laminated-glass","10":"product_tag-custom-size","11":"product_tag-factory-direct","12":"product_tag-glass-clad-polycarbonate-option","13":"product_tag-guard-booth-glazing","14":"product_tag-multi-layer-security-glazing","15":"product_tag-project-spec-bullet-resistant-glass-for-security-use","16":"product_tag-security-reception-glazing","17":"product_tag-shop-drawing-support","18":"product_tag-transaction-window-glass","20":"first","21":"instock","22":"shipping-taxable","23":"purchasable","24":"product-type-simple"},"_links":{"self":[{"href":"https:\/\/theinsulatedglass.com\/it\/wp-json\/wp\/v2\/product\/1269","targetHints":{"allow":["GET"]}}],"collection":[{"href":"https:\/\/theinsulatedglass.com\/it\/wp-json\/wp\/v2\/product"}],"about":[{"href":"https:\/\/theinsulatedglass.com\/it\/wp-json\/wp\/v2\/types\/product"}],"wp:featuredmedia":[{"embeddable":true,"href":"https:\/\/theinsulatedglass.com\/it\/wp-json\/wp\/v2\/media\/1291"}],"wp:attachment":[{"href":"https:\/\/theinsulatedglass.com\/it\/wp-json\/wp\/v2\/media?parent=1269"}],"wp:term":[{"taxonomy":"product_brand","embeddable":true,"href":"https:\/\/theinsulatedglass.com\/it\/wp-json\/wp\/v2\/product_brand?post=1269"},{"taxonomy":"product_cat","embeddable":true,"href":"https:\/\/theinsulatedglass.com\/it\/wp-json\/wp\/v2\/product_cat?post=1269"},{"taxonomy":"product_tag","embeddable":true,"href":"https:\/\/theinsulatedglass.com\/it\/wp-json\/wp\/v2\/product_tag?post=1269"}],"curies":[{"name":"wp","href":"https:\/\/api.w.org\/{rel}","templated":true}]}}