{"id":1298,"date":"2026-01-29T06:58:56","date_gmt":"2026-01-29T06:58:56","guid":{"rendered":"https:\/\/theinsulatedglass.com\/?post_type=product&#038;p=1298"},"modified":"2026-01-29T06:59:04","modified_gmt":"2026-01-29T06:59:04","slug":"project-spec-custom-coated-glass-energy-saving-glass","status":"publish","type":"product","link":"https:\/\/theinsulatedglass.com\/it\/project-spec-custom-coated-glass-energy-saving-glass\/","title":{"rendered":"Progetto specifico Vetro rivestito personalizzato Vetro a risparmio energetico"},"content":{"rendered":"<p data-start=\"65\" data-end=\"403\">Panoramica<br data-start=\"73\" data-end=\"76\" \/>Dai disegni d'officina alla consegna in cantiere, il vetro rivestito a risparmio energetico d\u00e0 il meglio di s\u00e9 quando ogni dettaglio viene coordinato in anticipo. Questo vetro specifico per il progetto viene prodotto in base alle dimensioni delle aperture, all'orientamento del rivestimento e ai requisiti di assemblaggio del vetro isolante. Si adatta ai sistemi di facciate e finestre in cui il comfort e la coerenza dei lotti sono importanti.<\/p>\n<p data-start=\"407\" data-end=\"854\">Caratteristiche principali<br data-start=\"419\" data-end=\"422\" \/>- Ottimizzare il potenziale di rendimento energetico attraverso un'appropriata selezione del vetro rivestito<br data-start=\"504\" data-end=\"507\" \/>- Allineare la posizione del rivestimento per la costruzione di IGU per ridurre gli errori di manipolazione e installazione<br data-start=\"589\" data-end=\"592\" \/>- Mantenere una qualit\u00e0 visiva stabile con un'ispezione controllata e una manipolazione sicura del rivestimento<br data-start=\"677\" data-end=\"680\" \/>- Supportare la fabbricazione di IGU durevoli attraverso un'adeguata preparazione dei bordi e il controllo della lavorazione<br data-start=\"766\" data-end=\"769\" \/>- Riduzione della variabilit\u00e0 in loco grazie alla fornitura di set abbinati per progetti a pi\u00f9 elevazioni<\/p>\n<p data-start=\"858\" data-end=\"1322\">Opzioni e personalizzazione<br data-start=\"881\" data-end=\"884\" \/>- Dimensioni personalizzate \/ Dimensioni e forme su ordinazione in base alle specifiche del progetto<br data-start=\"947\" data-end=\"950\" \/>- Le opzioni di vetro con rivestimento basso emissivo sono disponibili su richiesta, comprese le gamme di aspetto neutro.<br data-start=\"1036\" data-end=\"1039\" \/>- I substrati sono disponibili a seconda delle esigenze: trasparenti, a basso contenuto di ferro, colorati, temperati o laminati.<br data-start=\"1129\" data-end=\"1132\" \/>- Configurazioni IGU (doppi o tripli vetri) e pacchetti di riempimento a gas offerti su richiesta<br data-start=\"1220\" data-end=\"1223\" \/>- Zone di eliminazione dei bordi, fori, tacche e revisione della fattibilit\u00e0 con il supporto al disegno \/ disegno di officina.<\/p>\n<p data-start=\"1326\" data-end=\"1511\">Applicazioni tipiche<br data-start=\"1346\" data-end=\"1349\" \/>Pannelli di visione per facciate continue, finestre commerciali, finestre residenziali, lucernari, IGU compatibili con spandrel, sistemi di vetrine, sunroom, progetti di retrofit di facciata<\/p>\n<p data-start=\"1515\" data-end=\"1804\">Fornitura e assistenza<br data-start=\"1531\" data-end=\"1534\" \/>La fornitura diretta in fabbrica, con tempi di consegna stabili, supporta sia la campionatura che la produzione in serie. Si applica il controllo qualit\u00e0 interno con tracciabilit\u00e0 della qualit\u00e0 e si pu\u00f2 organizzare l'imballaggio per l'esportazione \/ l'imballaggio in casse per le spedizioni a lunga distanza. La conformit\u00e0 agli standard \u00e8 disponibile su richiesta.<\/p>","protected":false},"excerpt":{"rendered":"<p>Per le vetrate a progetto, questo vetro a risparmio energetico rivestito viene prodotto su ordinazione per adattarsi ai disegni e ai dettagli dell'interfaccia. Il rivestimento aiuta a gestire il trasferimento di calore mantenendo un aspetto pulito, rendendolo una scelta pratica per le facciate continue e le vetrate ad alte prestazioni IGU.<\/p>","protected":false},"featured_media":1316,"template":"","meta":{"_gspb_post_css":""},"product_brand":[],"product_cat":[24],"product_tag":[66,797,226,64,230,318,267,81,58,796,233,61],"class_list":{"0":"post-1298","1":"product","2":"type-product","3":"status-publish","4":"has-post-thumbnail","6":"product_cat-architectural-energy-saving-glass","7":"product_tag-bulk-supply","8":"product_tag-coated-energy-saving-glazing","9":"product_tag-curtain-wall-vision-glass","10":"product_tag-custom-size","11":"product_tag-double-glazing","12":"product_tag-energy-efficient-window-glass","13":"product_tag-insulated-glass-unit-igu","14":"product_tag-laminated-glass-option","15":"product_tag-low-e-coated-glass","16":"product_tag-project-spec-custom-coated-glass-energy-saving-glass","17":"product_tag-skylight-igu","18":"product_tag-tempered-glass-option","20":"first","21":"instock","22":"shipping-taxable","23":"purchasable","24":"product-type-simple"},"_links":{"self":[{"href":"https:\/\/theinsulatedglass.com\/it\/wp-json\/wp\/v2\/product\/1298","targetHints":{"allow":["GET"]}}],"collection":[{"href":"https:\/\/theinsulatedglass.com\/it\/wp-json\/wp\/v2\/product"}],"about":[{"href":"https:\/\/theinsulatedglass.com\/it\/wp-json\/wp\/v2\/types\/product"}],"wp:featuredmedia":[{"embeddable":true,"href":"https:\/\/theinsulatedglass.com\/it\/wp-json\/wp\/v2\/media\/1316"}],"wp:attachment":[{"href":"https:\/\/theinsulatedglass.com\/it\/wp-json\/wp\/v2\/media?parent=1298"}],"wp:term":[{"taxonomy":"product_brand","embeddable":true,"href":"https:\/\/theinsulatedglass.com\/it\/wp-json\/wp\/v2\/product_brand?post=1298"},{"taxonomy":"product_cat","embeddable":true,"href":"https:\/\/theinsulatedglass.com\/it\/wp-json\/wp\/v2\/product_cat?post=1298"},{"taxonomy":"product_tag","embeddable":true,"href":"https:\/\/theinsulatedglass.com\/it\/wp-json\/wp\/v2\/product_tag?post=1298"}],"curies":[{"name":"wp","href":"https:\/\/api.w.org\/{rel}","templated":true}]}}