{"id":1299,"date":"2026-01-29T06:58:36","date_gmt":"2026-01-29T06:58:36","guid":{"rendered":"https:\/\/theinsulatedglass.com\/?post_type=product&#038;p=1299"},"modified":"2026-01-29T06:59:02","modified_gmt":"2026-01-29T06:59:02","slug":"supply-security-glazing-glass-for-facility-and-home-use","status":"publish","type":"product","link":"https:\/\/theinsulatedglass.com\/it\/supply-security-glazing-glass-for-facility-and-home-use\/","title":{"rendered":"Fornitura di vetri di sicurezza per strutture e uso domestico"},"content":{"rendered":"<p data-start=\"68\" data-end=\"408\">Panoramica<br data-start=\"76\" data-end=\"79\" \/>L'adattamento viene prima di tutto nelle vetrate di sicurezza: la qualit\u00e0 dei bordi, i fori e i ritagli determinano la buona integrazione del vetro con serrature, guarnizioni e telai. Forniamo vetri di sicurezza lavorati in base al layout del progetto, con la possibilit\u00e0 di realizzare stratificazioni per migliorare la tenuta dopo la rottura e mantenere una visuale chiara per l'uso quotidiano.<\/p>\n<p data-start=\"412\" data-end=\"811\">Caratteristiche principali<br data-start=\"424\" data-end=\"427\" \/>- Profilare accuratamente i pannelli per adattarli alle aperture e alle interfacce della ferramenta.<br data-start=\"496\" data-end=\"499\" \/>- Lucidare o arrotare i bordi per favorire una manipolazione pi\u00f9 sicura e un migliore contatto con la guarnizione.<br data-start=\"574\" data-end=\"577\" \/>- Eseguire fori, intagli e fessure per cerniere, morsetti e dettagli di passaggio.<br data-start=\"657\" data-end=\"660\" \/>- Combinate il vetro trasparente con costruzioni stratificate opzionali per una maggiore ritenzione.<br data-start=\"739\" data-end=\"742\" \/>- Controllo della ripetibilit\u00e0 attraverso il controllo qualit\u00e0 interno nelle fasi di lavorazione pi\u00f9 importanti<\/p>\n<p data-start=\"815\" data-end=\"1175\">Opzioni e personalizzazione<br data-start=\"838\" data-end=\"841\" \/>- Dimensioni personalizzate \/ Realizzato su ordinazione da disegni, modelli o campioni<br data-start=\"907\" data-end=\"910\" \/>- Lavorazione CNC e raggi d'angolo disponibili su richiesta<br data-start=\"964\" data-end=\"967\" \/>- Set temperati, laminati o pronti per l'IGU disponibili su richiesta.<br data-start=\"1028\" data-end=\"1031\" \/>- Pellicole opzionali, bande di fritte o trattamenti per la privacy sono disponibili su richiesta.<br data-start=\"1103\" data-end=\"1106\" \/>- Servizio OEM\/ODM per la codifica dei pezzi, l'etichettatura dei set e le regole di confezionamento<\/p>\n<p data-start=\"1179\" data-end=\"1375\">Applicazioni tipiche<br data-start=\"1199\" data-end=\"1202\" \/>Porte d'ingresso di strutture, finestre di sicurezza, schermi di accoglienza, fianchi dei corridoi, pannelli inferiori dei negozi, vetri delle scale, porte d'ingresso di abitazioni, finestre residenziali al piano terra<\/p>\n<p data-start=\"1379\" data-end=\"1701\">Fornitura e assistenza<br data-start=\"1395\" data-end=\"1398\" \/>La produzione in serie diretta dalla fabbrica supporta le forniture in serie con tempi di consegna rapidi per i programmi ricorrenti. \u00c8 disponibile un supporto di disegno\/disegno per la verifica dell'adattamento, con tracciabilit\u00e0 della qualit\u00e0 applicata ai lotti; \u00e8 possibile fornire imballaggi per l'esportazione e imballaggi in casse. La conformit\u00e0 agli standard \u00e8 disponibile su richiesta.<\/p>","protected":false},"excerpt":{"rendered":"<p>Vetro di sicurezza fornito in dimensioni su misura con ritagli CNC precisi e bordi rifiniti per un'installazione affidabile. Sono comunemente richiesti per le porte d'ingresso delle strutture e per le finestre del piano terra delle abitazioni, dove \u00e8 necessario un mantenimento pi\u00f9 sicuro dopo la rottura e una visuale pulita.<\/p>","protected":false},"featured_media":1320,"template":"","meta":{"_gspb_post_css":""},"product_brand":[],"product_cat":[29],"product_tag":[66,793,64,794,792,274,86,398,795,791,113],"class_list":{"0":"post-1299","1":"product","2":"type-product","3":"status-publish","4":"has-post-thumbnail","6":"product_cat-safety-glass-series","7":"product_tag-bulk-supply","8":"product_tag-cnc-cutout-glass","9":"product_tag-custom-size","10":"product_tag-entry-door-glazing","11":"product_tag-igu-ready-security-glazing","12":"product_tag-laminated-security-glass","13":"product_tag-oem-odm-service","14":"product_tag-security-window-glass","15":"product_tag-storefront-security-panel","16":"product_tag-supply-security-glazing-glass-for-facility-and-home-use","17":"product_tag-tempered-safety-glass","19":"first","20":"instock","21":"shipping-taxable","22":"purchasable","23":"product-type-simple"},"_links":{"self":[{"href":"https:\/\/theinsulatedglass.com\/it\/wp-json\/wp\/v2\/product\/1299","targetHints":{"allow":["GET"]}}],"collection":[{"href":"https:\/\/theinsulatedglass.com\/it\/wp-json\/wp\/v2\/product"}],"about":[{"href":"https:\/\/theinsulatedglass.com\/it\/wp-json\/wp\/v2\/types\/product"}],"wp:featuredmedia":[{"embeddable":true,"href":"https:\/\/theinsulatedglass.com\/it\/wp-json\/wp\/v2\/media\/1320"}],"wp:attachment":[{"href":"https:\/\/theinsulatedglass.com\/it\/wp-json\/wp\/v2\/media?parent=1299"}],"wp:term":[{"taxonomy":"product_brand","embeddable":true,"href":"https:\/\/theinsulatedglass.com\/it\/wp-json\/wp\/v2\/product_brand?post=1299"},{"taxonomy":"product_cat","embeddable":true,"href":"https:\/\/theinsulatedglass.com\/it\/wp-json\/wp\/v2\/product_cat?post=1299"},{"taxonomy":"product_tag","embeddable":true,"href":"https:\/\/theinsulatedglass.com\/it\/wp-json\/wp\/v2\/product_tag?post=1299"}],"curies":[{"name":"wp","href":"https:\/\/api.w.org\/{rel}","templated":true}]}}