{"id":1328,"date":"2026-01-29T07:17:08","date_gmt":"2026-01-29T07:17:08","guid":{"rendered":"https:\/\/theinsulatedglass.com\/?post_type=product&#038;p=1328"},"modified":"2026-01-29T07:17:09","modified_gmt":"2026-01-29T07:17:09","slug":"durable-high-quality-heat-resistant-insulated-tempered-glass","status":"publish","type":"product","link":"https:\/\/theinsulatedglass.com\/it\/durable-high-quality-heat-resistant-insulated-tempered-glass\/","title":{"rendered":"Durevole vetro temperato isolato di alta qualit\u00e0 resistente al calore"},"content":{"rendered":"<p data-start=\"75\" data-end=\"360\">Panoramica<br data-start=\"83\" data-end=\"86\" \/>Il comfort termico inizia con la costruzione del vetro. Il vetro temperato isolato di alta qualit\u00e0 e resistente al calore viene fornito sotto forma di lastre temperate preparate per l'assemblaggio del vetro isolante, che contribuiscono a ridurre lo scambio di calore tollerando forti differenziali di temperatura in facciata.<\/p>\n<p data-start=\"364\" data-end=\"378\">Caratteristiche principali<\/p>\n<p data-start=\"381\" data-end=\"437\">Riduce il trasferimento di calore quando \u00e8 incorporato in costruzioni IGU<\/p>\n<p data-start=\"440\" data-end=\"515\">Stabilizza le prestazioni in caso di esposizione al sole e di rapidi cambiamenti tra interno ed esterno<\/p>\n<p data-start=\"518\" data-end=\"585\">Migliora la sicurezza delle aree occupate grazie al modello di rottura temperato<\/p>\n<p data-start=\"588\" data-end=\"647\">Mantiene una visione nitida con foschia e distorsione controllate<\/p>\n<p data-start=\"650\" data-end=\"719\">Supporta una lunga durata grazie alla compatibilit\u00e0 con i bordi e le guarnizioni di lunga durata<\/p>\n<p data-start=\"723\" data-end=\"748\">Opzioni e personalizzazione<\/p>\n<p data-start=\"751\" data-end=\"801\">Dimensioni Made-to-Order e ottimizzazione del taglio a listino<\/p>\n<p data-start=\"804\" data-end=\"882\">Accoppiamento Low-E, substrati colorati o opzioni riflettenti disponibili su richiesta.<\/p>\n<p data-start=\"885\" data-end=\"954\">Distanziatore, riempimento di gas e costruzione complessiva dell'IGU definiti in base alle specifiche del progetto<\/p>\n<p data-start=\"957\" data-end=\"1031\">Combinazioni temperate + laminate fornite come richiesto per una maggiore sicurezza<\/p>\n<p data-start=\"1034\" data-end=\"1103\">Disegno d'officina\/supporto al disegno per la corrispondenza dei prospetti e le revisioni<\/p>\n<p data-start=\"1107\" data-end=\"1295\">Applicazioni tipiche<br data-start=\"1127\" data-end=\"1130\" \/>Finestre ad alta efficienza energetica, vetrate isolanti per facciate continue, lucernari, portefinestre, verande, vetrate per vetrine, finestre per la visualizzazione di elettrodomestici, lanterne per tetti.<\/p>\n<p data-start=\"1299\" data-end=\"1547\">Fornitura e assistenza<br data-start=\"1315\" data-end=\"1318\" \/>Produzione in volumi con pianificazione di tempi stabili per consegne graduali. Il controllo qualit\u00e0 interno e la tracciabilit\u00e0 della qualit\u00e0 supportano il controllo dei lotti, con imballaggi per l'esportazione e casse per il trasporto. La conformit\u00e0 agli standard \u00e8 disponibile su richiesta.<\/p>","protected":false},"excerpt":{"rendered":"<p>Progettato per le vetrate isolanti, questo vetro temperato resistente al calore migliora il comfort termico e mantiene le prestazioni di sicurezza in caso di sbalzi di temperatura giornalieri. Comunemente richiesto per finestre e lucernari ad alta efficienza energetica, aiuta i progetti a bilanciare durata, chiarezza e affidabilit\u00e0.<\/p>","protected":false},"featured_media":1342,"template":"","meta":{"_gspb_post_css":""},"product_brand":[],"product_cat":[15],"product_tag":[66,232,64,817,815,164,816,541,722,818,113,311],"class_list":{"0":"post-1328","1":"product","2":"type-product","3":"status-publish","4":"has-post-thumbnail","6":"product_cat-tempered-glass-series","7":"product_tag-bulk-supply","8":"product_tag-curtain-wall-igu","9":"product_tag-custom-size","10":"product_tag-double-glazing-unit","11":"product_tag-durable-high-quality-heat-resistant-insulated-tempered-glass","12":"product_tag-igu-glass","13":"product_tag-insulated-tempered-glass","14":"product_tag-low-e-option","15":"product_tag-patio-door-glass","16":"product_tag-skylight-glass-unit","17":"product_tag-tempered-safety-glass","18":"product_tag-window-glazing","20":"first","21":"instock","22":"shipping-taxable","23":"purchasable","24":"product-type-simple"},"_links":{"self":[{"href":"https:\/\/theinsulatedglass.com\/it\/wp-json\/wp\/v2\/product\/1328","targetHints":{"allow":["GET"]}}],"collection":[{"href":"https:\/\/theinsulatedglass.com\/it\/wp-json\/wp\/v2\/product"}],"about":[{"href":"https:\/\/theinsulatedglass.com\/it\/wp-json\/wp\/v2\/types\/product"}],"wp:featuredmedia":[{"embeddable":true,"href":"https:\/\/theinsulatedglass.com\/it\/wp-json\/wp\/v2\/media\/1342"}],"wp:attachment":[{"href":"https:\/\/theinsulatedglass.com\/it\/wp-json\/wp\/v2\/media?parent=1328"}],"wp:term":[{"taxonomy":"product_brand","embeddable":true,"href":"https:\/\/theinsulatedglass.com\/it\/wp-json\/wp\/v2\/product_brand?post=1328"},{"taxonomy":"product_cat","embeddable":true,"href":"https:\/\/theinsulatedglass.com\/it\/wp-json\/wp\/v2\/product_cat?post=1328"},{"taxonomy":"product_tag","embeddable":true,"href":"https:\/\/theinsulatedglass.com\/it\/wp-json\/wp\/v2\/product_tag?post=1328"}],"curies":[{"name":"wp","href":"https:\/\/api.w.org\/{rel}","templated":true}]}}