{"id":1353,"date":"2026-01-29T08:48:54","date_gmt":"2026-01-29T08:48:54","guid":{"rendered":"https:\/\/theinsulatedglass.com\/?post_type=product&#038;p=1353"},"modified":"2026-01-29T09:09:57","modified_gmt":"2026-01-29T09:09:57","slug":"high-quality-artistic-home-luxury-crystal-glass-decorations","status":"publish","type":"product","link":"https:\/\/theinsulatedglass.com\/it\/high-quality-artistic-home-luxury-crystal-glass-decorations\/","title":{"rendered":"Decorazioni di cristallo di lusso per la casa artistica di alta qualit\u00e0"},"content":{"rendered":"<p data-start=\"72\" data-end=\"366\">Panoramica<br data-start=\"80\" data-end=\"83\" \/>Costruite per mantenere la loro brillantezza anche dopo averle maneggiate quotidianamente, queste decorazioni in cristallo combinano un'elevata chiarezza ottica con una finitura controllata che riduce le scheggiature dei bordi e i difetti superficiali. Il risultato \u00e8 un aspetto lussuoso che rimane costante nei set, nelle linee regalo e negli interni curati.<\/p>\n<p data-start=\"370\" data-end=\"763\">Caratteristiche principali<br data-start=\"382\" data-end=\"385\" \/>- Presenta un'elevata trasparenza e una nitida rifrazione della luce per una presentazione di qualit\u00e0.<br data-start=\"465\" data-end=\"468\" \/>- Rafforzano la durata grazie ad un'attenta formatura e a pratiche di raffreddamento controllate.<br data-start=\"548\" data-end=\"551\" \/>- Bordi raffinati con dettagli lucidati a mano per punti di contatto pi\u00f9 sicuri<br data-start=\"617\" data-end=\"620\" \/>- Mantenere l'uniformit\u00e0 della superficie attraverso il controllo di qualit\u00e0 interno alle fasi critiche<br data-start=\"683\" data-end=\"686\" \/>- Tracciabilit\u00e0 dei lotti con la tracciabilit\u00e0 della qualit\u00e0 per ordini e ritiri ripetuti<\/p>\n<p data-start=\"767\" data-end=\"1153\">Opzioni e personalizzazione<br data-start=\"790\" data-end=\"793\" \/>- Dimensioni personalizzate \/ Forme su ordinazione da disegno, campione o file 3D<br data-start=\"862\" data-end=\"865\" \/>- Profili sfaccettati, arrotondati o scolpiti disponibili su richiesta<br data-start=\"926\" data-end=\"929\" \/>- Finiture satinate, lucide o con accenti incisi, disponibili come opzioni di design.<br data-start=\"997\" data-end=\"1000\" \/>- Marcatura laser e servizio OEM\/ODM per l'identit\u00e0 del marchio e la denominazione della serie<br data-start=\"1072\" data-end=\"1075\" \/>- Imballaggio per l'esportazione con imballaggio in cassa e protezione divisoria per il transito<\/p>\n<p data-start=\"1157\" data-end=\"1352\">Applicazioni tipiche<br data-start=\"1177\" data-end=\"1180\" \/>Centrotavola, decorazioni per caminetti e scaffali, espositori per hall di hotel, allestimento di vetrine di boutique, accenti per sale da pranzo, decorazioni per location di matrimoni, allestimento di showroom, articoli da regalo di qualit\u00e0.<\/p>\n<p data-start=\"1356\" data-end=\"1671\">Fornitura e assistenza<br data-start=\"1372\" data-end=\"1375\" \/>La produzione diretta in fabbrica supporta la pianificazione delle forniture di massa per i lanci stagionali e il rifornimento continuo, con opzioni di Lead Time stabile per le SKU ripetute. Siamo in grado di seguire le specifiche del vostro progetto e di fornire un supporto per i disegni, oltre a liste di imballaggio e note di ispezione. La conformit\u00e0 agli standard \u00e8 disponibile su richiesta.<\/p>","protected":false},"excerpt":{"rendered":"<p>Pezzi decorativi in vetro cristallo di alta qualit\u00e0 con lucidatura di precisione e finitura durevole per una sensazione di qualit\u00e0 e peso. Le forme su ordinazione supportano le collezioni OEM\/ODM e sono comunemente utilizzate come centrotavola, elementi di arredo per scaffali ed elementi espositivi per le hall degli hotel.<\/p>","protected":false},"featured_media":1360,"template":"","meta":{"_gspb_post_css":""},"product_brand":[],"product_cat":[34],"product_tag":[66,64,829,830,831,828,833,835,832,366,86,834],"class_list":{"0":"post-1353","1":"product","2":"type-product","3":"status-publish","4":"has-post-thumbnail","6":"product_cat-decorative-special-glass","7":"product_tag-bulk-supply","8":"product_tag-custom-size","9":"product_tag-cut-crystal-glass","10":"product_tag-faceted-crystal-decor","11":"product_tag-hand-polished-glass","12":"product_tag-high-quality-artistic-home-luxury-crystal-glass-decorations","13":"product_tag-home-decor-accents","14":"product_tag-hotel-lobby-decor","15":"product_tag-laser-engraved-glass","16":"product_tag-made-to-order","17":"product_tag-oem-odm-service","18":"product_tag-table-centerpiece-decor","20":"first","21":"instock","22":"shipping-taxable","23":"purchasable","24":"product-type-simple"},"_links":{"self":[{"href":"https:\/\/theinsulatedglass.com\/it\/wp-json\/wp\/v2\/product\/1353","targetHints":{"allow":["GET"]}}],"collection":[{"href":"https:\/\/theinsulatedglass.com\/it\/wp-json\/wp\/v2\/product"}],"about":[{"href":"https:\/\/theinsulatedglass.com\/it\/wp-json\/wp\/v2\/types\/product"}],"wp:featuredmedia":[{"embeddable":true,"href":"https:\/\/theinsulatedglass.com\/it\/wp-json\/wp\/v2\/media\/1360"}],"wp:attachment":[{"href":"https:\/\/theinsulatedglass.com\/it\/wp-json\/wp\/v2\/media?parent=1353"}],"wp:term":[{"taxonomy":"product_brand","embeddable":true,"href":"https:\/\/theinsulatedglass.com\/it\/wp-json\/wp\/v2\/product_brand?post=1353"},{"taxonomy":"product_cat","embeddable":true,"href":"https:\/\/theinsulatedglass.com\/it\/wp-json\/wp\/v2\/product_cat?post=1353"},{"taxonomy":"product_tag","embeddable":true,"href":"https:\/\/theinsulatedglass.com\/it\/wp-json\/wp\/v2\/product_tag?post=1353"}],"curies":[{"name":"wp","href":"https:\/\/api.w.org\/{rel}","templated":true}]}}