{"id":543,"date":"2026-01-27T06:06:26","date_gmt":"2026-01-27T06:06:26","guid":{"rendered":"https:\/\/theinsulatedglass.com\/?post_type=product&#038;p=543"},"modified":"2026-01-27T06:06:26","modified_gmt":"2026-01-27T06:06:26","slug":"pvb-laminated-glass-safety-use-bulk-supply","status":"publish","type":"product","link":"https:\/\/theinsulatedglass.com\/it\/pvb-laminated-glass-safety-use-bulk-supply\/","title":{"rendered":"Vetro laminato PVB per uso di sicurezza Fornitura all'ingrosso"},"content":{"rendered":"<p data-start=\"49\" data-end=\"445\"><strong data-start=\"57\" data-end=\"69\">Panoramica<\/strong><br data-start=\"69\" data-end=\"72\" \/>Progettato per il comfort in ambienti molto frequentati, il vetro stratificato in PVB riduce il trasferimento delle vibrazioni, fornendo al contempo uno strato di sicurezza che aiuta a mantenere i frammenti rotti legati all'intercalare. \u00c8 una scelta pratica quando il rischio di impatto, il rischio di caduta o l'elevato traffico pedonale richiedono un comportamento controllato alla rottura.<\/p>\n<p data-start=\"447\" data-end=\"465\"><strong data-start=\"447\" data-end=\"463\">Caratteristiche principali<\/strong><\/p>\n<ul data-start=\"466\" data-end=\"997\">\n<li data-start=\"466\" data-end=\"582\">\n<p data-start=\"468\" data-end=\"582\">Smorzare il rumore e limitare la risonanza grazie all'effetto smorzante dell'intercalare in PVB.<\/p>\n<\/li>\n<li data-start=\"583\" data-end=\"702\">\n<p data-start=\"585\" data-end=\"702\">Conservare i pezzi di vetro dopo la rottura per ridurre le ricadute taglienti nelle aree occupate.<\/p>\n<\/li>\n<li data-start=\"703\" data-end=\"826\">\n<p data-start=\"705\" data-end=\"826\">Migliorano la protezione degli interni filtrando i raggi UV quando sono specificati con PVB schermante i raggi UV.<\/p>\n<\/li>\n<li data-start=\"827\" data-end=\"918\">\n<p data-start=\"829\" data-end=\"918\">Mantenere la coerenza della produzione attraverso il controllo qualit\u00e0 interno e la tracciabilit\u00e0 della qualit\u00e0 tra i lotti.<\/p>\n<\/li>\n<li data-start=\"919\" data-end=\"997\">\n<p data-start=\"921\" data-end=\"997\">Supportare la produzione diretta di volumi in fabbrica per i programmi di fornitura di massa in corso.<\/p>\n<\/li>\n<\/ul>\n<p data-start=\"999\" data-end=\"1028\"><strong data-start=\"999\" data-end=\"1026\">Opzioni e personalizzazione<\/strong><\/p>\n<ul data-start=\"1029\" data-end=\"1471\">\n<li data-start=\"1029\" data-end=\"1098\">\n<p data-start=\"1031\" data-end=\"1098\">Realizzato su ordinazione Dimensioni, forme e bordi personalizzati in base alle specifiche del progetto.<\/p>\n<\/li>\n<li data-start=\"1099\" data-end=\"1186\">\n<p data-start=\"1101\" data-end=\"1186\">I veli temperati o rinforzati termicamente sono disponibili su richiesta per esigenze di resistenza pi\u00f9 elevate.<\/p>\n<\/li>\n<li data-start=\"1187\" data-end=\"1260\">\n<p data-start=\"1189\" data-end=\"1260\">Combinazioni di vetri trasparenti, colorati, con motivi o a basso contenuto di ferro, come richiesto.<\/p>\n<\/li>\n<li data-start=\"1261\" data-end=\"1390\">\n<p data-start=\"1263\" data-end=\"1390\">PVB: standard, acustico o con schermatura UV; spessore e numero di strati su richiesta.<\/p>\n<\/li>\n<li data-start=\"1391\" data-end=\"1471\">\n<p data-start=\"1393\" data-end=\"1471\">Ritagli, intagli e fori di perforazione CNC con il supporto di disegni\/disegni d'officina.<\/p>\n<\/li>\n<\/ul>\n<p data-start=\"1473\" data-end=\"1688\"><strong data-start=\"1473\" data-end=\"1497\">Applicazioni tipiche<\/strong><br data-start=\"1497\" data-end=\"1500\" \/>Pareti divisorie interne, facciate di uffici, balaustre e parapetti, vetrate di scale, pensiline, lucernari, vetrate di vetrine, vetrate di facciate continue, atrii di ascensori, finestre per la visione di apparecchiature.<\/p>\n<p data-start=\"1690\" data-end=\"1908\"><strong data-start=\"1690\" data-end=\"1710\">Fornitura e assistenza<\/strong><br data-start=\"1710\" data-end=\"1713\" \/>Offriamo una programmazione stabile dei tempi di consegna, l'imballaggio per l'esportazione e l'imballaggio in casse per ridurre il rischio di transito. Viene fornita la documentazione per l'ispezione in entrata e la conformit\u00e0 agli standard \u00e8 disponibile su richiesta.<\/p>","protected":false},"excerpt":{"rendered":"<p>Il vetro stratificato PVB combina due strati con un interstrato PVB per aiutare a trattenere i frammenti dopo l'impatto e migliorare il comfort negli spazi occupati quotidianamente. \u00c8 comunemente richiesto per partizioni interne e balaustre che richiedono un comportamento controllato alla rottura.<\/p>","protected":false},"featured_media":544,"template":"","meta":{"_gspb_post_css":""},"product_brand":[],"product_cat":[30],"product_tag":[70,74,75,64,77,73,68,69,67,76,72,71],"class_list":{"0":"post-543","1":"product","2":"type-product","3":"status-publish","4":"has-post-thumbnail","6":"product_cat-laminated-glass","7":"product_tag-acoustic-laminated-glass","8":"product_tag-balustrade-glass","9":"product_tag-canopy-glazing","10":"product_tag-custom-size","11":"product_tag-factory-direct-bulk-supply","12":"product_tag-glass-partition-panels","13":"product_tag-laminated-safety-glass","14":"product_tag-pvb-interlayer","15":"product_tag-pvb-laminated-glass-safety-use-bulk-supply","16":"product_tag-skylight-glazing","17":"product_tag-tempered-ply-option","18":"product_tag-uv-screening-interlayer","20":"first","21":"instock","22":"shipping-taxable","23":"purchasable","24":"product-type-simple"},"_links":{"self":[{"href":"https:\/\/theinsulatedglass.com\/it\/wp-json\/wp\/v2\/product\/543","targetHints":{"allow":["GET"]}}],"collection":[{"href":"https:\/\/theinsulatedglass.com\/it\/wp-json\/wp\/v2\/product"}],"about":[{"href":"https:\/\/theinsulatedglass.com\/it\/wp-json\/wp\/v2\/types\/product"}],"wp:featuredmedia":[{"embeddable":true,"href":"https:\/\/theinsulatedglass.com\/it\/wp-json\/wp\/v2\/media\/544"}],"wp:attachment":[{"href":"https:\/\/theinsulatedglass.com\/it\/wp-json\/wp\/v2\/media?parent=543"}],"wp:term":[{"taxonomy":"product_brand","embeddable":true,"href":"https:\/\/theinsulatedglass.com\/it\/wp-json\/wp\/v2\/product_brand?post=543"},{"taxonomy":"product_cat","embeddable":true,"href":"https:\/\/theinsulatedglass.com\/it\/wp-json\/wp\/v2\/product_cat?post=543"},{"taxonomy":"product_tag","embeddable":true,"href":"https:\/\/theinsulatedglass.com\/it\/wp-json\/wp\/v2\/product_tag?post=543"}],"curies":[{"name":"wp","href":"https:\/\/api.w.org\/{rel}","templated":true}]}}