{"id":550,"date":"2026-01-27T06:13:37","date_gmt":"2026-01-27T06:13:37","guid":{"rendered":"https:\/\/theinsulatedglass.com\/?post_type=product&#038;p=550"},"modified":"2026-01-27T06:13:37","modified_gmt":"2026-01-27T06:13:37","slug":"bulk-custom-size-ultra-clear-low-iron-glass","status":"publish","type":"product","link":"https:\/\/theinsulatedglass.com\/it\/bulk-custom-size-ultra-clear-low-iron-glass\/","title":{"rendered":"Vetro basso-ferro ultrachiaro sfuso di dimensioni personalizzate"},"content":{"rendered":"<p data-start=\"48\" data-end=\"369\"><strong data-start=\"56\" data-end=\"68\">Panoramica<\/strong><br data-start=\"68\" data-end=\"71\" \/>La produzione di precisione inizia con un vetro ultra chiaro a basso contenuto di ferro, scelto quando il colore dei bordi e la resa del bianco reale sono importanti. Riducendo il contenuto di ferro, il vetro a basso contenuto di ferro offre una maggiore trasmissione della luce e un aspetto pi\u00f9 pulito e meno verde rispetto al vetro trasparente standard.<\/p>\n<p data-start=\"371\" data-end=\"389\"><strong data-start=\"371\" data-end=\"387\">Caratteristiche principali<\/strong><\/p>\n<ul data-start=\"390\" data-end=\"831\">\n<li data-start=\"390\" data-end=\"499\">\n<p data-start=\"392\" data-end=\"499\">Migliorare la fedelt\u00e0 dei colori per display e condizioni di illuminazione ottimali.<\/p>\n<\/li>\n<li data-start=\"500\" data-end=\"612\">\n<p data-start=\"502\" data-end=\"612\">Fornire bordi a controllo di truciolo attraverso la rettifica e la lucidatura dei bordi CNC.<\/p>\n<\/li>\n<li data-start=\"613\" data-end=\"679\">\n<p data-start=\"615\" data-end=\"679\">Supporto della ripetibilit\u00e0 dal campionamento alla produzione in serie.<\/p>\n<\/li>\n<li data-start=\"680\" data-end=\"756\">\n<p data-start=\"682\" data-end=\"756\">Consente la lavorazione a valle, come la tempra o la laminazione, su richiesta.<\/p>\n<\/li>\n<li data-start=\"757\" data-end=\"831\">\n<p data-start=\"759\" data-end=\"831\">Mantenere la tracciabilit\u00e0 della qualit\u00e0 con punti di controllo QC interni documentati.<\/p>\n<\/li>\n<\/ul>\n<p data-start=\"833\" data-end=\"862\"><strong data-start=\"833\" data-end=\"860\">Opzioni e personalizzazione<\/strong><\/p>\n<ul data-start=\"863\" data-end=\"1269\">\n<li data-start=\"863\" data-end=\"941\">\n<p data-start=\"865\" data-end=\"941\">Dimensioni personalizzate, rettangoli o profili sagomati in base alle specifiche del progetto.<\/p>\n<\/li>\n<li data-start=\"942\" data-end=\"1034\">\n<p data-start=\"944\" data-end=\"1034\">Foratura, intagli e ritagli interni con supporto al disegno \/ revisione del disegno di officina.<\/p>\n<\/li>\n<li data-start=\"1035\" data-end=\"1102\">\n<p data-start=\"1037\" data-end=\"1102\">Scelta dei bordi: cucitura, lucidatura piatta, lucidatura a matita o smussatura.<\/p>\n<\/li>\n<li data-start=\"1103\" data-end=\"1188\">\n<p data-start=\"1105\" data-end=\"1188\">Opzioni di superficie: trasparente, acidata, fritta\/stampa o pellicole protettive come richiesto.<\/p>\n<\/li>\n<li data-start=\"1189\" data-end=\"1269\">\n<p data-start=\"1191\" data-end=\"1269\">Formati di imballaggio per SKU misti, set di etichette e kitting per il servizio OEM\/ODM.<\/p>\n<\/li>\n<\/ul>\n<p data-start=\"1271\" data-end=\"1486\"><strong data-start=\"1271\" data-end=\"1295\">Applicazioni tipiche<\/strong><br data-start=\"1295\" data-end=\"1298\" \/>Vetrate per musei, scaffali per vetrine di vendita al dettaglio, vetri di copertura per pannelli solari, pannelli per acquari, pannelli per cabine doccia, divisori interni, ante e ripiani di armadi, pannelli frontali per elettrodomestici.<\/p>\n<p data-start=\"1488\" data-end=\"1776\"><strong data-start=\"1488\" data-end=\"1508\">Fornitura e assistenza<\/strong><br data-start=\"1508\" data-end=\"1511\" \/>\u00c8 disponibile una pianificazione rapida dei tempi di consegna sia per i prototipi che per le forniture di massa. Le unit\u00e0 vengono spedite con imballaggi per l'esportazione e imballaggi in casse progettati per controllare gli spostamenti e proteggere gli angoli. La conformit\u00e0 agli standard \u00e8 disponibile su richiesta.<\/p>","protected":false},"excerpt":{"rendered":"<p>Il vetro ultrachiaro a basso tenore di ferro su misura \u00e8 realizzato su ordinazione per garantire una maggiore trasmissione della luce e un colore dei bordi pi\u00f9 pulito rispetto al vetro trasparente standard. Un uso comune \u00e8 quello delle vetrate per musei e negozi, dove il colore vero e i bordi lucidi sono fondamentali.<\/p>","protected":false},"featured_media":553,"template":"","meta":{"_gspb_post_css":""},"product_brand":[],"product_cat":[35],"product_tag":[84,78,66,80,82,81,79,86,53,85,83,61],"class_list":{"0":"post-550","1":"product","2":"type-product","3":"status-publish","4":"has-post-thumbnail","6":"product_cat-ultra-clear-glass","7":"product_tag-aquarium-glass-panels","8":"product_tag-bulk-custom-size-ultra-clear-low-iron-glass","9":"product_tag-bulk-supply","10":"product_tag-cnc-cut-glass","11":"product_tag-display-case-glass","12":"product_tag-laminated-glass-option","13":"product_tag-low-iron-float-glass","14":"product_tag-oem-odm-service","15":"product_tag-polished-edge-glass","16":"product_tag-shower-enclosure-glass","17":"product_tag-solar-panel-cover-glass","18":"product_tag-tempered-glass-option","20":"first","21":"instock","22":"shipping-taxable","23":"purchasable","24":"product-type-simple"},"_links":{"self":[{"href":"https:\/\/theinsulatedglass.com\/it\/wp-json\/wp\/v2\/product\/550","targetHints":{"allow":["GET"]}}],"collection":[{"href":"https:\/\/theinsulatedglass.com\/it\/wp-json\/wp\/v2\/product"}],"about":[{"href":"https:\/\/theinsulatedglass.com\/it\/wp-json\/wp\/v2\/types\/product"}],"wp:featuredmedia":[{"embeddable":true,"href":"https:\/\/theinsulatedglass.com\/it\/wp-json\/wp\/v2\/media\/553"}],"wp:attachment":[{"href":"https:\/\/theinsulatedglass.com\/it\/wp-json\/wp\/v2\/media?parent=550"}],"wp:term":[{"taxonomy":"product_brand","embeddable":true,"href":"https:\/\/theinsulatedglass.com\/it\/wp-json\/wp\/v2\/product_brand?post=550"},{"taxonomy":"product_cat","embeddable":true,"href":"https:\/\/theinsulatedglass.com\/it\/wp-json\/wp\/v2\/product_cat?post=550"},{"taxonomy":"product_tag","embeddable":true,"href":"https:\/\/theinsulatedglass.com\/it\/wp-json\/wp\/v2\/product_tag?post=550"}],"curies":[{"name":"wp","href":"https:\/\/api.w.org\/{rel}","templated":true}]}}