{"id":564,"date":"2026-01-27T06:34:09","date_gmt":"2026-01-27T06:34:09","guid":{"rendered":"https:\/\/theinsulatedglass.com\/?post_type=product&#038;p=564"},"modified":"2026-01-27T06:34:09","modified_gmt":"2026-01-27T06:34:09","slug":"project-spec-bulk-double-glazed-low-e-insulating-glass","status":"publish","type":"product","link":"https:\/\/theinsulatedglass.com\/it\/project-spec-bulk-double-glazed-low-e-insulating-glass\/","title":{"rendered":"Vetro isolante basso emissivo sfuso a doppio vetro Spec. di progetto"},"content":{"rendered":"<p data-start=\"59\" data-end=\"357\"><strong data-start=\"67\" data-end=\"79\">Panoramica<\/strong><br data-start=\"79\" data-end=\"82\" \/>Le prestazioni energetiche iniziano dalla linea del vetro. Il nostro doppio vetro isolante basso emissivo \u00e8 costruito secondo le specifiche del progetto, combinando un'intercapedine d'aria sigillata con le lamelle con rivestimento basso emissivo per ridurre il trasferimento di calore e mantenere una forte trasmissione della luce diurna.<\/p>\n<p data-start=\"359\" data-end=\"377\"><strong data-start=\"359\" data-end=\"375\">Caratteristiche principali<\/strong><\/p>\n<ul data-start=\"378\" data-end=\"942\">\n<li data-start=\"378\" data-end=\"506\">\n<p data-start=\"380\" data-end=\"506\">Ridurre lo scambio di calore radiante grazie ai rivestimenti Low-E per favorire un migliore comfort termico.<\/p>\n<\/li>\n<li data-start=\"507\" data-end=\"603\">\n<p data-start=\"509\" data-end=\"603\">Migliorare il comfort interno in prossimit\u00e0 delle vetrate perimetrali, limitando gli sbalzi di temperatura in corrispondenza del vetro.<\/p>\n<\/li>\n<li data-start=\"604\" data-end=\"729\">\n<p data-start=\"606\" data-end=\"729\">Migliorare l'isolamento con riempimenti opzionali di cavit\u00e0 con argon\/kripton (disponibili su richiesta).<\/p>\n<\/li>\n<li data-start=\"730\" data-end=\"846\">\n<p data-start=\"732\" data-end=\"846\">Ridurre al minimo le perdite dei bordi specificando, se necessario, sistemi di distanziatori per bordi caldi.<\/p>\n<\/li>\n<li data-start=\"847\" data-end=\"942\">\n<p data-start=\"849\" data-end=\"942\">Mantenere la coerenza della produzione attraverso il controllo qualit\u00e0 interno e la tracciabilit\u00e0 della qualit\u00e0 nei lotti di produzione.<\/p>\n<\/li>\n<\/ul>\n<p data-start=\"944\" data-end=\"973\"><strong data-start=\"944\" data-end=\"971\">Opzioni e personalizzazione<\/strong><\/p>\n<ul data-start=\"974\" data-end=\"1416\">\n<li data-start=\"974\" data-end=\"1064\">\n<p data-start=\"976\" data-end=\"1064\">Realizzati su misura Dimensioni, forme e spessore complessivo per adattarsi alla profondit\u00e0 della tasca del sistema.<\/p>\n<\/li>\n<li data-start=\"1065\" data-end=\"1154\">\n<p data-start=\"1067\" data-end=\"1154\">Vetro: trasparente o colorato; su richiesta sono disponibili anche vetri temperati e\/o stratificati.<\/p>\n<\/li>\n<li data-start=\"1155\" data-end=\"1247\">\n<p data-start=\"1157\" data-end=\"1247\">Selezione del rivestimento e posizionamento della superficie coordinati con il disegno di officina\/supporto al disegno.<\/p>\n<\/li>\n<li data-start=\"1248\" data-end=\"1334\">\n<p data-start=\"1250\" data-end=\"1334\">Opzioni di distanziatori e guarnizioni (comprese le varianti a bordo caldo) fornite secondo le specifiche.<\/p>\n<\/li>\n<li data-start=\"1335\" data-end=\"1416\">\n<p data-start=\"1337\" data-end=\"1416\">Etichettatura, kitting e assistenza OEM\/ODM disponibili per programmi ripetuti.<\/p>\n<\/li>\n<\/ul>\n<p data-start=\"1418\" data-end=\"1656\"><strong data-start=\"1418\" data-end=\"1442\">Applicazioni tipiche<\/strong><br data-start=\"1442\" data-end=\"1445\" \/>Moduli di facciate continue unificate, aree di visione di facciate continue a incastro, sistemi di pareti finestrate, facciate di uffici di grattacieli, prospetti di alberghi, vetrate di palazzi, scale e atri, edifici scolastici e sanitari.<\/p>\n<p data-start=\"1658\" data-end=\"1891\"><strong data-start=\"1658\" data-end=\"1678\">Fornitura e assistenza<\/strong><br data-start=\"1678\" data-end=\"1681\" \/>La produzione diretta in fabbrica supporta i programmi di fornitura di grandi quantit\u00e0 e di produzione in serie con una pianificazione stabile dei tempi di consegna. Sono disponibili imballaggi per l'esportazione e imballaggi in casse e, su richiesta, la conformit\u00e0 agli standard.<\/p>","protected":false},"excerpt":{"rendered":"<p>Il vetro isolante a doppia lastra Low-E di Project Spec migliora il comfort termico grazie alla combinazione di una cavit\u00e0 sigillata e di lastre con rivestimento Low-E. Realizzato su ordinazione per moduli di facciate continue e sistemi di finestre ad alte prestazioni che richiedono dimensioni ripetibili e costruzioni coerenti.<\/p>","protected":false},"featured_media":565,"template":"","meta":{"_gspb_post_css":""},"product_brand":[],"product_cat":[26],"product_tag":[95,66,62,64,56,97,81,58,94,61,60,96],"class_list":{"0":"post-564","1":"product","2":"type-product","3":"status-publish","4":"has-post-thumbnail","6":"product_cat-low-e-insulating-glass","7":"product_tag-argon-gas-fill-option","8":"product_tag-bulk-supply","9":"product_tag-curtain-wall-glazing","10":"product_tag-custom-size","11":"product_tag-double-glazed-igu","12":"product_tag-factory-direct","13":"product_tag-laminated-glass-option","14":"product_tag-low-e-coated-glass","15":"product_tag-project-spec-bulk-double-glazed-low-e-insulating-glass","16":"product_tag-tempered-glass-option","17":"product_tag-warm-edge-spacer","18":"product_tag-window-wall-systems","20":"first","21":"instock","22":"shipping-taxable","23":"purchasable","24":"product-type-simple"},"_links":{"self":[{"href":"https:\/\/theinsulatedglass.com\/it\/wp-json\/wp\/v2\/product\/564","targetHints":{"allow":["GET"]}}],"collection":[{"href":"https:\/\/theinsulatedglass.com\/it\/wp-json\/wp\/v2\/product"}],"about":[{"href":"https:\/\/theinsulatedglass.com\/it\/wp-json\/wp\/v2\/types\/product"}],"wp:featuredmedia":[{"embeddable":true,"href":"https:\/\/theinsulatedglass.com\/it\/wp-json\/wp\/v2\/media\/565"}],"wp:attachment":[{"href":"https:\/\/theinsulatedglass.com\/it\/wp-json\/wp\/v2\/media?parent=564"}],"wp:term":[{"taxonomy":"product_brand","embeddable":true,"href":"https:\/\/theinsulatedglass.com\/it\/wp-json\/wp\/v2\/product_brand?post=564"},{"taxonomy":"product_cat","embeddable":true,"href":"https:\/\/theinsulatedglass.com\/it\/wp-json\/wp\/v2\/product_cat?post=564"},{"taxonomy":"product_tag","embeddable":true,"href":"https:\/\/theinsulatedglass.com\/it\/wp-json\/wp\/v2\/product_tag?post=564"}],"curies":[{"name":"wp","href":"https:\/\/api.w.org\/{rel}","templated":true}]}}