{"id":577,"date":"2026-01-27T06:49:53","date_gmt":"2026-01-27T06:49:53","guid":{"rendered":"https:\/\/theinsulatedglass.com\/?post_type=product&#038;p=577"},"modified":"2026-01-27T06:49:53","modified_gmt":"2026-01-27T06:49:53","slug":"cut-to-size-bulk-supply-blue-tinted-glass","status":"publish","type":"product","link":"https:\/\/theinsulatedglass.com\/it\/cut-to-size-bulk-supply-blue-tinted-glass\/","title":{"rendered":"Vetro colorato blu per forniture all'ingrosso tagliate a misura"},"content":{"rendered":"<p data-start=\"46\" data-end=\"413\"><strong data-start=\"54\" data-end=\"66\">Panoramica<\/strong><br data-start=\"66\" data-end=\"69\" \/>Realizzato per pacchetti di vetrate esigenti, il vetro colorato blu aiuta a gestire la luminosit\u00e0 e la radiazione solare, aggiungendo una tonalit\u00e0 di colore durevole e coerente. I prodotti float colorati sono comunemente scelti per ridurre l'abbagliamento e il trasferimento di calore rispetto al vetro trasparente, migliorando il comfort degli occupanti sui prospetti esposti al sole.<\/p>\n<p data-start=\"415\" data-end=\"433\"><strong data-start=\"415\" data-end=\"431\">Caratteristiche principali<\/strong><\/p>\n<ul data-start=\"434\" data-end=\"950\">\n<li data-start=\"434\" data-end=\"548\">\n<p data-start=\"436\" data-end=\"548\">Migliorano il comfort visivo riducendo la trasmissione della luce visibile e l'abbagliamento.<\/p>\n<\/li>\n<li data-start=\"549\" data-end=\"657\">\n<p data-start=\"551\" data-end=\"657\">Assorbono una parte dell'energia solare per contribuire a moderare l'aumento del calore solare.<\/p>\n<\/li>\n<li data-start=\"658\" data-end=\"741\">\n<p data-start=\"660\" data-end=\"741\">Mantenere l'uniformit\u00e0 del colore da lotto a lotto con il controllo qualit\u00e0 interno e la tracciabilit\u00e0 della qualit\u00e0.<\/p>\n<\/li>\n<li data-start=\"742\" data-end=\"867\">\n<p data-start=\"744\" data-end=\"867\">Aumentate le prestazioni di sicurezza con opzioni di costruzione temperate o laminate, se necessario.<\/p>\n<\/li>\n<li data-start=\"868\" data-end=\"950\">\n<p data-start=\"870\" data-end=\"950\">Supporto per la ripetibilit\u00e0 dell'adattamento grazie alla lavorazione su misura e alla lavorazione controllata dei bordi.<\/p>\n<\/li>\n<\/ul>\n<p data-start=\"952\" data-end=\"981\"><strong data-start=\"952\" data-end=\"979\">Opzioni e personalizzazione<\/strong><\/p>\n<ul data-start=\"982\" data-end=\"1408\">\n<li data-start=\"982\" data-end=\"1062\">\n<p data-start=\"984\" data-end=\"1062\">Pannelli su misura, rettangoli o profili sagomati su disegno.<\/p>\n<\/li>\n<li data-start=\"1063\" data-end=\"1138\">\n<p data-start=\"1065\" data-end=\"1138\">Finiture dei bordi: aggraffati, lucidati piatti, lucidati a matita o con piccoli smussi.<\/p>\n<\/li>\n<li data-start=\"1139\" data-end=\"1217\">\n<p data-start=\"1141\" data-end=\"1217\">Foratura\/annodamento CNC per raccordi, svasature e distanze dalla ferramenta.<\/p>\n<\/li>\n<li data-start=\"1218\" data-end=\"1337\">\n<p data-start=\"1220\" data-end=\"1337\">Configurazioni temperate o laminate disponibili su richiesta per vetri di sicurezza.<\/p>\n<\/li>\n<li data-start=\"1338\" data-end=\"1408\">\n<p data-start=\"1340\" data-end=\"1408\">Confezioni miste, set di etichette e kitting per programmi di assistenza OEM\/ODM.<\/p>\n<\/li>\n<\/ul>\n<p data-start=\"1410\" data-end=\"1624\"><strong data-start=\"1410\" data-end=\"1434\">Applicazioni tipiche<\/strong><br data-start=\"1434\" data-end=\"1437\" \/>Aree di visibilit\u00e0 delle facciate continue, pannelli spandrel e shadow-box, vetrate di vetrine, finestre esterne, divisori interni, tamponamenti di balaustre (se laminati), vetrate di pensiline, pannelli espositivi.<\/p>\n<p data-start=\"1626\" data-end=\"1861\"><strong data-start=\"1626\" data-end=\"1646\">Fornitura e assistenza<\/strong><br data-start=\"1646\" data-end=\"1649\" \/>La fornitura diretta di massa in fabbrica supporta i programmi di volume con una pianificazione stabile dei tempi di consegna. Sono disponibili imballaggi per l'esportazione e imballaggi in casse per proteggere gli angoli e le superfici e, su richiesta, la conformit\u00e0 agli standard.<\/p>","protected":false},"excerpt":{"rendered":"<p>Il vetro colorato blu tagliato a misura riduce l'abbagliamento e controlla l'irraggiamento solare, garantendo al tempo stesso un aspetto durevole e coerente con il colore. Viene comunemente utilizzato per le vetrate dei negozi e per le facciate continue, dove \u00e8 importante la ripetibilit\u00e0 e la stabilit\u00e0 dei lotti.<\/p>","protected":false},"featured_media":581,"template":"","meta":{"_gspb_post_css":""},"product_brand":[],"product_cat":[36],"product_tag":[107,66,62,64,106,97,111,81,110,109,61,108],"class_list":{"0":"post-577","1":"product","2":"type-product","3":"status-publish","4":"has-post-thumbnail","6":"product_cat-tinted-glass","7":"product_tag-blue-tinted-float-glass","8":"product_tag-bulk-supply","9":"product_tag-curtain-wall-glazing","10":"product_tag-custom-size","11":"product_tag-cut-to-size-bulk-supply-blue-tinted-glass","12":"product_tag-factory-direct","13":"product_tag-interior-partitions","14":"product_tag-laminated-glass-option","15":"product_tag-spandrel-panels","16":"product_tag-storefront-glass","17":"product_tag-tempered-glass-option","18":"product_tag-tinted-architectural-glass","20":"first","21":"instock","22":"shipping-taxable","23":"purchasable","24":"product-type-simple"},"_links":{"self":[{"href":"https:\/\/theinsulatedglass.com\/it\/wp-json\/wp\/v2\/product\/577","targetHints":{"allow":["GET"]}}],"collection":[{"href":"https:\/\/theinsulatedglass.com\/it\/wp-json\/wp\/v2\/product"}],"about":[{"href":"https:\/\/theinsulatedglass.com\/it\/wp-json\/wp\/v2\/types\/product"}],"wp:featuredmedia":[{"embeddable":true,"href":"https:\/\/theinsulatedglass.com\/it\/wp-json\/wp\/v2\/media\/581"}],"wp:attachment":[{"href":"https:\/\/theinsulatedglass.com\/it\/wp-json\/wp\/v2\/media?parent=577"}],"wp:term":[{"taxonomy":"product_brand","embeddable":true,"href":"https:\/\/theinsulatedglass.com\/it\/wp-json\/wp\/v2\/product_brand?post=577"},{"taxonomy":"product_cat","embeddable":true,"href":"https:\/\/theinsulatedglass.com\/it\/wp-json\/wp\/v2\/product_cat?post=577"},{"taxonomy":"product_tag","embeddable":true,"href":"https:\/\/theinsulatedglass.com\/it\/wp-json\/wp\/v2\/product_tag?post=577"}],"curies":[{"name":"wp","href":"https:\/\/api.w.org\/{rel}","templated":true}]}}