{"id":582,"date":"2026-01-27T06:56:24","date_gmt":"2026-01-27T06:56:24","guid":{"rendered":"https:\/\/theinsulatedglass.com\/?post_type=product&#038;p=582"},"modified":"2026-01-27T06:56:24","modified_gmt":"2026-01-27T06:56:24","slug":"custom-size-bulk-supply-tempered-door-and-window-glass","status":"publish","type":"product","link":"https:\/\/theinsulatedglass.com\/it\/custom-size-bulk-supply-tempered-door-and-window-glass\/","title":{"rendered":"Il rifornimento in serie di dimensioni personalizzate ha temperato il vetro di porte e finestre"},"content":{"rendered":"<p data-start=\"59\" data-end=\"606\"><strong data-start=\"67\" data-end=\"79\">Panoramica<\/strong><br data-start=\"79\" data-end=\"82\" \/>Quando le aperture di porte e finestre devono affrontare il sole, il vento e il contatto frequente, il vetro temperato aiuta a mantenere gli assemblaggi durevoli e a sostenere interni confortevoli. La tempra termica riscalda il vetro e lo raffredda rapidamente per creare una compressione superficiale che lo rende almeno quattro volte pi\u00f9 resistente del vetro ricotto dello stesso spessore. In caso di rottura, il vetro si frantuma in piccole particelle, riducendo la probabilit\u00e0 di tagli gravi nelle aree ad alto traffico.<\/p>\n<p data-start=\"608\" data-end=\"626\"><strong data-start=\"608\" data-end=\"624\">Caratteristiche principali<\/strong><\/p>\n<ul data-start=\"627\" data-end=\"1140\">\n<li data-start=\"627\" data-end=\"731\">\n<p data-start=\"629\" data-end=\"731\">Aumenta la resistenza agli urti e al carico del vento rispetto al vetro ricotto.<\/p>\n<\/li>\n<li data-start=\"732\" data-end=\"829\">\n<p data-start=\"734\" data-end=\"829\">Riducete il rischio di lesioni con un modello di rottura a piccoli frammenti.<\/p>\n<\/li>\n<li data-start=\"830\" data-end=\"948\">\n<p data-start=\"832\" data-end=\"948\">Favoriscono una sigillatura pi\u00f9 stretta e un funzionamento pi\u00f9 fluido mantenendo la planarit\u00e0 e la qualit\u00e0 dei bordi grazie a una lavorazione controllata.<\/p>\n<\/li>\n<li data-start=\"949\" data-end=\"1072\">\n<p data-start=\"951\" data-end=\"1072\">Abilita i vetri di sicurezza nelle applicazioni per porte, sidelite e finestre selezionate.<\/p>\n<\/li>\n<li data-start=\"1073\" data-end=\"1140\">\n<p data-start=\"1075\" data-end=\"1140\">Mantenere la coerenza con il controllo qualit\u00e0 interno e la tracciabilit\u00e0 della qualit\u00e0.<\/p>\n<\/li>\n<\/ul>\n<p data-start=\"1142\" data-end=\"1171\"><strong data-start=\"1142\" data-end=\"1169\">Opzioni e personalizzazione<\/strong><\/p>\n<ul data-start=\"1172\" data-end=\"1664\">\n<li data-start=\"1172\" data-end=\"1257\">\n<p data-start=\"1174\" data-end=\"1257\">Realizzati su misura in base alle specifiche del progetto, con supporto per disegni e progetti.<\/p>\n<\/li>\n<li data-start=\"1258\" data-end=\"1338\">\n<p data-start=\"1260\" data-end=\"1338\">Finiture dei bordi: aggraffati, arruffati, lucidati a matita, lucidati piatti o con piccoli smussi.<\/p>\n<\/li>\n<li data-start=\"1339\" data-end=\"1464\">\n<p data-start=\"1341\" data-end=\"1464\">Fori, intagli e ritagli di ferramenta completati prima della tempra, secondo i disegni.<\/p>\n<\/li>\n<li data-start=\"1465\" data-end=\"1549\">\n<p data-start=\"1467\" data-end=\"1549\">Substrati: trasparenti, a basso contenuto di ferro, colorati; fritte\/stampe e pellicole protettive su richiesta.<\/p>\n<\/li>\n<li data-start=\"1550\" data-end=\"1664\">\n<p data-start=\"1552\" data-end=\"1664\">L'opzione di avere le lamelle temperate pronte per l'IGU \u00e8 disponibile per le costruzioni di porte\/finestre a doppio vetro.<\/p>\n<\/li>\n<\/ul>\n<p data-start=\"1666\" data-end=\"1865\"><strong data-start=\"1666\" data-end=\"1690\">Applicazioni tipiche<\/strong><br data-start=\"1690\" data-end=\"1693\" \/>Pannelli per porte finestre scorrevoli, porte d'ingresso a battente, vetrate per porte d'ingresso di negozi, sidelites e traverse, ante di finestre, porte finestre, porte interne in vetro, finestre di ricambio.<\/p>\n<p data-start=\"1867\" data-end=\"2068\"><strong data-start=\"1867\" data-end=\"1887\">Fornitura e assistenza<\/strong><br data-start=\"1887\" data-end=\"1890\" \/>La fornitura diretta di massa in fabbrica supporta la produzione di volumi con una pianificazione stabile dei tempi di consegna. Sono disponibili imballaggi per l'esportazione e imballaggi in casse. La conformit\u00e0 agli standard \u00e8 disponibile su richiesta.<\/p>","protected":false},"excerpt":{"rendered":"<p>Il vetro temperato per porte e finestre \u00e8 realizzato su misura per garantire una maggiore resistenza e un modello di rottura pi\u00f9 sicuro, contribuendo a proteggere gli occupanti nelle aperture ad alto traffico. Costruito secondo i vostri disegni per porte scorrevoli e sidelites, con bordi puliti e liti opzionali pronte per IGU per assemblaggi isolati.<\/p>","protected":false},"featured_media":583,"template":"","meta":{"_gspb_post_css":""},"product_brand":[],"product_cat":[42],"product_tag":[116,64,112,77,114,115,65,120,117,119,113,118],"class_list":{"0":"post-582","1":"product","2":"type-product","3":"status-publish","4":"has-post-thumbnail","6":"product_cat-door-window-glass","7":"product_tag-cnc-drilling-and-notching","8":"product_tag-custom-size","9":"product_tag-custom-size-bulk-supply-tempered-door-and-window-glass","10":"product_tag-factory-direct-bulk-supply","11":"product_tag-heat-treated-glass","12":"product_tag-polished-edgework","13":"product_tag-shop-drawing-support","14":"product_tag-sidelite-and-transom-glass","15":"product_tag-sliding-door-glass","16":"product_tag-storefront-door-glazing","17":"product_tag-tempered-safety-glass","18":"product_tag-window-sash-glass","20":"first","21":"instock","22":"shipping-taxable","23":"purchasable","24":"product-type-simple"},"_links":{"self":[{"href":"https:\/\/theinsulatedglass.com\/it\/wp-json\/wp\/v2\/product\/582","targetHints":{"allow":["GET"]}}],"collection":[{"href":"https:\/\/theinsulatedglass.com\/it\/wp-json\/wp\/v2\/product"}],"about":[{"href":"https:\/\/theinsulatedglass.com\/it\/wp-json\/wp\/v2\/types\/product"}],"wp:featuredmedia":[{"embeddable":true,"href":"https:\/\/theinsulatedglass.com\/it\/wp-json\/wp\/v2\/media\/583"}],"wp:attachment":[{"href":"https:\/\/theinsulatedglass.com\/it\/wp-json\/wp\/v2\/media?parent=582"}],"wp:term":[{"taxonomy":"product_brand","embeddable":true,"href":"https:\/\/theinsulatedglass.com\/it\/wp-json\/wp\/v2\/product_brand?post=582"},{"taxonomy":"product_cat","embeddable":true,"href":"https:\/\/theinsulatedglass.com\/it\/wp-json\/wp\/v2\/product_cat?post=582"},{"taxonomy":"product_tag","embeddable":true,"href":"https:\/\/theinsulatedglass.com\/it\/wp-json\/wp\/v2\/product_tag?post=582"}],"curies":[{"name":"wp","href":"https:\/\/api.w.org\/{rel}","templated":true}]}}