{"id":589,"date":"2026-01-27T07:02:11","date_gmt":"2026-01-27T07:02:11","guid":{"rendered":"https:\/\/theinsulatedglass.com\/?post_type=product&#038;p=589"},"modified":"2026-01-27T07:02:11","modified_gmt":"2026-01-27T07:02:11","slug":"cut-to-size-bulk-hard-coat-online-low-e-glass","status":"publish","type":"product","link":"https:\/\/theinsulatedglass.com\/it\/cut-to-size-bulk-hard-coat-online-low-e-glass\/","title":{"rendered":"Vetro basso emissivo tagliato a misura in linea a rivestimento duro sfuso"},"content":{"rendered":"<p data-start=\"50\" data-end=\"537\"><strong data-start=\"58\" data-end=\"70\">Panoramica<\/strong><br data-start=\"70\" data-end=\"73\" \/>Per i progetti che necessitano di un aspetto pulito e coerente con una gestione pratica, i rivestimenti Low-E a strato duro (pirolitici) sono una scelta affidabile. I rivestimenti pirolitici vengono applicati online durante la produzione di galleggianti e formano un legame superficiale durevole che supporta i flussi di lavoro di fabbricazione e lavorazione. I rivestimenti Low-E riflettono l'energia infrarossa a onde lunghe per contribuire a migliorare il comfort termico senza bloccare la luce naturale.<\/p>\n<p data-start=\"539\" data-end=\"557\"><strong data-start=\"539\" data-end=\"555\">Caratteristiche principali<\/strong><\/p>\n<ul data-start=\"558\" data-end=\"1104\">\n<li data-start=\"558\" data-end=\"646\">\n<p data-start=\"560\" data-end=\"646\">Mantenere una tonalit\u00e0 visiva coerente tra i lotti con un'uniformit\u00e0 di rivestimento controllata.<\/p>\n<\/li>\n<li data-start=\"647\" data-end=\"762\">\n<p data-start=\"649\" data-end=\"762\">Migliorano il comfort interno riflettendo il calore radiante verso la fonte.<\/p>\n<\/li>\n<li data-start=\"763\" data-end=\"887\">\n<p data-start=\"765\" data-end=\"887\">Supportano linee di taglio efficienti grazie alla natura robusta delle superfici a rivestimento duro.<\/p>\n<\/li>\n<li data-start=\"888\" data-end=\"1030\">\n<p data-start=\"890\" data-end=\"1030\">Consente di realizzare costruzioni di sicurezza combinandole con la tempra o la laminazione (disponibili su richiesta).<\/p>\n<\/li>\n<li data-start=\"1031\" data-end=\"1104\">\n<p data-start=\"1033\" data-end=\"1104\">Mantenere il controllo qualit\u00e0 interno con la tracciabilit\u00e0 della qualit\u00e0 per ottenere risultati ripetibili.<\/p>\n<\/li>\n<\/ul>\n<p data-start=\"1106\" data-end=\"1135\"><strong data-start=\"1106\" data-end=\"1133\">Opzioni e personalizzazione<\/strong><\/p>\n<ul data-start=\"1136\" data-end=\"1683\">\n<li data-start=\"1136\" data-end=\"1233\">\n<p data-start=\"1138\" data-end=\"1233\">Lastre su misura, rettangoli tagliati su misura o profili sagomati secondo le specifiche del progetto.<\/p>\n<\/li>\n<li data-start=\"1234\" data-end=\"1313\">\n<p data-start=\"1236\" data-end=\"1313\">Possibilit\u00e0 di lavorazione dei bordi: bordi aggraffati, arruffati o lucidi a seconda dell'esposizione.<\/p>\n<\/li>\n<li data-start=\"1314\" data-end=\"1408\">\n<p data-start=\"1316\" data-end=\"1408\">Guida al posizionamento del rivestimento tramite supporto al disegno \/ revisione del disegno di officina per la localizzazione della superficie.<\/p>\n<\/li>\n<li data-start=\"1409\" data-end=\"1539\">\n<p data-start=\"1411\" data-end=\"1539\">Opzioni di integrazione IGU (posizione del distanziatore e configurazione della cavit\u00e0) disponibili su richiesta.<\/p>\n<\/li>\n<li data-start=\"1540\" data-end=\"1683\">\n<p data-start=\"1542\" data-end=\"1683\">Trattamento termico e compatibilit\u00e0 con la laminazione sono disponibili su richiesta, in base alla scelta del vetro\/rivestimento.<\/p>\n<\/li>\n<\/ul>\n<p data-start=\"1685\" data-end=\"1871\"><strong data-start=\"1685\" data-end=\"1709\">Applicazioni tipiche<\/strong><br data-start=\"1709\" data-end=\"1712\" \/>Finestre antitermosifone, vetri secondari, vetri sostitutivi di finestre, vetri isolanti a doppio strato, aree di visione di facciate continue, vetri di lucernari, solarium, banconi di servizio.<\/p>\n<p data-start=\"1873\" data-end=\"2143\"><strong data-start=\"1873\" data-end=\"1893\">Fornitura e assistenza<\/strong><br data-start=\"1893\" data-end=\"1896\" \/>I programmi di fornitura diretta in fabbrica di prodotti sfusi sono supportati dalla programmazione di tempi di consegna stabili, dall'imballaggio per l'esportazione e dall'imballaggio in casse per le spedizioni a lunga distanza. I record di ispezione possono essere forniti con ogni lotto e la conformit\u00e0 agli standard \u00e8 disponibile su richiesta.<\/p>","protected":false},"excerpt":{"rendered":"<p>Il vetro basso emissivo online Hard-coat \u00e8 tagliato su misura con un resistente rivestimento pirolitico progettato per una manipolazione e una lavorazione efficienti. Fornito in grandi quantit\u00e0 per vetri secondari e pannelli per finestre tempestose, consente di ottenere miglioramenti energetici pratici mantenendo un aspetto coerente.<\/p>","protected":false},"featured_media":590,"template":"","meta":{"_gspb_post_css":""},"product_brand":[],"product_cat":[27],"product_tag":[64,121,77,122,125,127,124,123,129,128,126,130],"class_list":{"0":"post-589","1":"product","2":"type-product","3":"status-publish","4":"has-post-thumbnail","6":"product_cat-online-low-e-glass","7":"product_tag-custom-size","8":"product_tag-cut-to-size-bulk-hard-coat-online-low-e-glass","9":"product_tag-factory-direct-bulk-supply","10":"product_tag-hard-coat-low-e-glass","11":"product_tag-igu-compatible-glass","12":"product_tag-laminated-option","13":"product_tag-low-emissivity-coating","14":"product_tag-pyrolytic-online-coating","15":"product_tag-secondary-glazing","16":"product_tag-storm-window-glass","17":"product_tag-tempered-option","18":"product_tag-window-replacement-lites","20":"first","21":"instock","22":"shipping-taxable","23":"purchasable","24":"product-type-simple"},"_links":{"self":[{"href":"https:\/\/theinsulatedglass.com\/it\/wp-json\/wp\/v2\/product\/589","targetHints":{"allow":["GET"]}}],"collection":[{"href":"https:\/\/theinsulatedglass.com\/it\/wp-json\/wp\/v2\/product"}],"about":[{"href":"https:\/\/theinsulatedglass.com\/it\/wp-json\/wp\/v2\/types\/product"}],"wp:featuredmedia":[{"embeddable":true,"href":"https:\/\/theinsulatedglass.com\/it\/wp-json\/wp\/v2\/media\/590"}],"wp:attachment":[{"href":"https:\/\/theinsulatedglass.com\/it\/wp-json\/wp\/v2\/media?parent=589"}],"wp:term":[{"taxonomy":"product_brand","embeddable":true,"href":"https:\/\/theinsulatedglass.com\/it\/wp-json\/wp\/v2\/product_brand?post=589"},{"taxonomy":"product_cat","embeddable":true,"href":"https:\/\/theinsulatedglass.com\/it\/wp-json\/wp\/v2\/product_cat?post=589"},{"taxonomy":"product_tag","embeddable":true,"href":"https:\/\/theinsulatedglass.com\/it\/wp-json\/wp\/v2\/product_tag?post=589"}],"curies":[{"name":"wp","href":"https:\/\/api.w.org\/{rel}","templated":true}]}}