{"id":597,"date":"2026-01-27T07:30:31","date_gmt":"2026-01-27T07:30:31","guid":{"rendered":"https:\/\/theinsulatedglass.com\/?post_type=product&#038;p=597"},"modified":"2026-01-27T07:30:31","modified_gmt":"2026-01-27T07:30:31","slug":"privacy-use-bulk-supply-fluted-pattern-glass","status":"publish","type":"product","link":"https:\/\/theinsulatedglass.com\/it\/privacy-use-bulk-supply-fluted-pattern-glass\/","title":{"rendered":"Privacy Utilizzare il vetro a forma di scanalatura per forniture in serie"},"content":{"rendered":"<p data-start=\"57\" data-end=\"306\">Panoramica<br data-start=\"65\" data-end=\"68\" \/>Quando privacy e comfort devono coesistere, il vetro con motivo scanalato offre un pratico equilibrio: offusca le linee visive dirette pur lasciando entrare una luce generosa. La texture lineare attenua inoltre il riverbero, rendendo gli spazi pi\u00f9 tranquilli e fruibili.<\/p>\n<p data-start=\"310\" data-end=\"324\">Caratteristiche principali<\/p>\n<p data-start=\"327\" data-end=\"398\">Diffondono la luce in entrata per ridurre i riflessi e l'affaticamento visivo.<\/p>\n<p data-start=\"401\" data-end=\"473\">Oscura la vista con una superficie scanalata direzionale per una privacy affidabile.<\/p>\n<p data-start=\"476\" data-end=\"548\">Mantenere un aspetto pulito e architettonico, in linea con gli interni moderni.<\/p>\n<p data-start=\"551\" data-end=\"621\">Supporto alla fabbricazione a valle tramite la ripetizione stabile e coerente del modello<\/p>\n<p data-start=\"624\" data-end=\"691\">Consente un facile coordinamento con telai, guarnizioni e sistemi di ferramenta.<\/p>\n<p data-start=\"695\" data-end=\"720\">Opzioni e personalizzazione<\/p>\n<p data-start=\"723\" data-end=\"768\">Formati su ordinazione e fornitura di tagli su misura<\/p>\n<p data-start=\"771\" data-end=\"847\">Costruzioni temperate o laminate disponibili su richiesta per prestazioni migliori<\/p>\n<p data-start=\"850\" data-end=\"912\">Scelta della direzione del flauto, della profondit\u00e0 del disegno e della finitura superficiale<\/p>\n<p data-start=\"915\" data-end=\"981\">Lavorazione dei bordi, raggiatura degli angoli e foratura\/taglio CNC come richiesto.<\/p>\n<p data-start=\"984\" data-end=\"1050\">Servizio OEM\/ODM e opzioni di etichettatura\/branding per la fornitura del programma<\/p>\n<p data-start=\"1054\" data-end=\"1258\">Applicazioni tipiche<br data-start=\"1074\" data-end=\"1077\" \/>Pareti divisorie per uffici, vetrate per sale riunioni, schermi per docce, finestre per bagni, porte interne, facciate di armadi e guardaroba, sidelites per scale, schermi per espositori per la vendita al dettaglio, divisori per reception<\/p>\n<p data-start=\"1262\" data-end=\"1584\">Fornitura e assistenza<br data-start=\"1278\" data-end=\"1281\" \/>Fornitura diretta in fabbrica di prodotti sfusi con pianificazione della produzione in serie e tempi di consegna stabili per gli ordini ripetuti. Controllo qualit\u00e0 interno con tracciabilit\u00e0 della qualit\u00e0, oltre a imballaggio per l'esportazione e imballaggio in casse per consegne internazionali. Sono disponibili specifiche di progetto e disegni di officina; la conformit\u00e0 agli standard \u00e8 disponibile su richiesta.<\/p>","protected":false},"excerpt":{"rendered":"<p>Progettato per garantire privacy e comfort visivo, il nostro vetro con motivo scanalato attenua l'abbagliamento e sfuma le linee visive, mantenendo gli spazi luminosi. Fornito in volume con dimensioni su ordinazione, \u00e8 una scelta affidabile per pareti divisorie per uffici, schermi per docce e porte interne.<\/p>","protected":false},"featured_media":598,"template":"","meta":{"_gspb_post_css":""},"product_brand":[],"product_cat":[37],"product_tag":[139,93,132,138,134,140,136,131,135,137,133],"class_list":{"0":"post-597","1":"product","2":"type-product","3":"status-publish","4":"has-post-thumbnail","6":"product_cat-patterned-glass","7":"product_tag-custom-size-glass","8":"product_tag-factory-direct-supply","9":"product_tag-fluted-pattern-glass","10":"product_tag-interior-door-glazing","11":"product_tag-laminated-fluted-glass","12":"product_tag-oem-service","13":"product_tag-office-partition-glass","14":"product_tag-privacy-use-bulk-supply-fluted-pattern-glass","15":"product_tag-rolled-patterned-glass","16":"product_tag-shower-screen-glass","17":"product_tag-tempered-fluted-glass","19":"first","20":"instock","21":"shipping-taxable","22":"purchasable","23":"product-type-simple"},"_links":{"self":[{"href":"https:\/\/theinsulatedglass.com\/it\/wp-json\/wp\/v2\/product\/597","targetHints":{"allow":["GET"]}}],"collection":[{"href":"https:\/\/theinsulatedglass.com\/it\/wp-json\/wp\/v2\/product"}],"about":[{"href":"https:\/\/theinsulatedglass.com\/it\/wp-json\/wp\/v2\/types\/product"}],"wp:featuredmedia":[{"embeddable":true,"href":"https:\/\/theinsulatedglass.com\/it\/wp-json\/wp\/v2\/media\/598"}],"wp:attachment":[{"href":"https:\/\/theinsulatedglass.com\/it\/wp-json\/wp\/v2\/media?parent=597"}],"wp:term":[{"taxonomy":"product_brand","embeddable":true,"href":"https:\/\/theinsulatedglass.com\/it\/wp-json\/wp\/v2\/product_brand?post=597"},{"taxonomy":"product_cat","embeddable":true,"href":"https:\/\/theinsulatedglass.com\/it\/wp-json\/wp\/v2\/product_cat?post=597"},{"taxonomy":"product_tag","embeddable":true,"href":"https:\/\/theinsulatedglass.com\/it\/wp-json\/wp\/v2\/product_tag?post=597"}],"curies":[{"name":"wp","href":"https:\/\/api.w.org\/{rel}","templated":true}]}}