{"id":618,"date":"2026-01-27T07:47:48","date_gmt":"2026-01-27T07:47:48","guid":{"rendered":"https:\/\/theinsulatedglass.com\/?post_type=product&#038;p=618"},"modified":"2026-01-27T07:47:48","modified_gmt":"2026-01-27T07:47:48","slug":"project-spec-bulk-supply-heat-soaked-tempered-glass","status":"publish","type":"product","link":"https:\/\/theinsulatedglass.com\/it\/project-spec-bulk-supply-heat-soaked-tempered-glass\/","title":{"rendered":"Progetto Spec fornitura all'ingrosso di vetro temperato impregnato di calore"},"content":{"rendered":"<p data-start=\"64\" data-end=\"347\">Panoramica<br data-start=\"72\" data-end=\"75\" \/>Per le facciate ad alta visibilit\u00e0 e le vetrate sopraelevate, la coerenza visiva \u00e8 parte integrante della storia delle prestazioni. Il vetro temperato impregnato di calore aggiunge un'ulteriore fase di schermatura dopo la tempra per contribuire a migliorare la sicurezza in servizio, mantenendo l'aspetto chiaro e pulito che gli architetti si aspettano.<\/p>\n<p data-start=\"351\" data-end=\"365\">Caratteristiche principali<\/p>\n<p data-start=\"368\" data-end=\"424\">Chiariscono le linee visive con una bassa tinta e un'elevata trasparenza<\/p>\n<p data-start=\"427\" data-end=\"485\">Rafforzare le prestazioni di sicurezza grazie alla costruzione temperata<\/p>\n<p data-start=\"488\" data-end=\"565\">Ridurre il rischio di rotture impreviste in servizio applicando il trattamento di heat soak<\/p>\n<p data-start=\"568\" data-end=\"642\">Supporto di dettagli ordinati con qualit\u00e0 controllata dei bordi e finitura degli angoli<\/p>\n<p data-start=\"645\" data-end=\"713\">Mantenere l'aspetto ripetibile tra i lotti per grandi elevazioni<\/p>\n<p data-start=\"716\" data-end=\"794\">Consentono un'installazione pi\u00f9 agevole mantenendo i pannelli piatti e dimensionalmente stabili<\/p>\n<p data-start=\"798\" data-end=\"823\">Opzioni e personalizzazione<\/p>\n<p data-start=\"826\" data-end=\"900\">Taglio su ordinazione in base alle specifiche del progetto, compreso il taglio a misura su richiesta<\/p>\n<p data-start=\"903\" data-end=\"978\">Fori, tacche e ritagli CNC per staffe, fissaggi e ferramenta<\/p>\n<p data-start=\"981\" data-end=\"1047\">Opzioni di lavorazione dei bordi disponibili su richiesta (lucidati, arrugginiti, smussati)<\/p>\n<p data-start=\"1050\" data-end=\"1121\">Modelli di fritte ceramiche o stampe antiscivolo opzionali per aree selezionate<\/p>\n<p data-start=\"1124\" data-end=\"1184\">Su richiesta, \u00e8 possibile realizzare rivestimenti in laminato o integrare IGU.<\/p>\n<p data-start=\"1187\" data-end=\"1250\">Imballaggio, etichettatura e confezionamento su misura per il sequenziamento del sito<\/p>\n<p data-start=\"1254\" data-end=\"1460\">Applicazioni tipiche<br data-start=\"1274\" data-end=\"1277\" \/>Vetri per facciate continue, vetrate per vetrine, lucernari, pensiline in vetro, coperture di atri, zone spandrel di facciata, pannelli di tamponamento per balaustre, vetrate per l'atrio degli ascensori, schermi antivento.<\/p>\n<p data-start=\"1464\" data-end=\"1773\">Fornitura e assistenza<br data-start=\"1480\" data-end=\"1483\" \/>Fornitura di grandi quantit\u00e0 con pianificazione della produzione in serie e tempi di consegna rapidi quando la programmazione lo consente. Sono previsti il supporto per i disegni e il coordinamento dei disegni di officina, con il supporto del controllo qualit\u00e0 interno e della tracciabilit\u00e0 della qualit\u00e0. Sono disponibili imballaggi per l'esportazione e imballaggi in casse; la conformit\u00e0 agli standard \u00e8 disponibile su richiesta.<\/p>","protected":false},"excerpt":{"rendered":"<p>Il vetro temperato impregnato di calore offre un'estetica chiara e uniforme, con un'ulteriore fase di schermatura per garantire l'affidabilit\u00e0 a lungo termine. Fornito in dimensioni personalizzate per i programmi in serie, \u00e8 ampiamente richiesto per i pannelli di visione delle facciate continue e per le vetrate aeree, dove l'aspetto e la sicurezza sono importanti.<\/p>","protected":false},"featured_media":619,"template":"","meta":{"_gspb_post_css":""},"product_brand":[],"product_cat":[23],"product_tag":[161,62,139,160,158,157,159,156,65,76,109,113],"class_list":{"0":"post-618","1":"product","2":"type-product","3":"status-publish","4":"has-post-thumbnail","6":"product_cat-heat-soaked-tempered-glass","7":"product_tag-bulk-supply-glass","8":"product_tag-curtain-wall-glazing","9":"product_tag-custom-size-glass","10":"product_tag-glass-canopy-panels","11":"product_tag-heat-soak-processed-glass","12":"product_tag-heat-soaked-tempered-glass","13":"product_tag-laminated-heat-soaked-glass","14":"product_tag-project-spec-bulk-supply-heat-soaked-tempered-glass","15":"product_tag-shop-drawing-support","16":"product_tag-skylight-glazing","17":"product_tag-storefront-glass","18":"product_tag-tempered-safety-glass","20":"first","21":"instock","22":"shipping-taxable","23":"purchasable","24":"product-type-simple"},"_links":{"self":[{"href":"https:\/\/theinsulatedglass.com\/it\/wp-json\/wp\/v2\/product\/618","targetHints":{"allow":["GET"]}}],"collection":[{"href":"https:\/\/theinsulatedglass.com\/it\/wp-json\/wp\/v2\/product"}],"about":[{"href":"https:\/\/theinsulatedglass.com\/it\/wp-json\/wp\/v2\/types\/product"}],"wp:featuredmedia":[{"embeddable":true,"href":"https:\/\/theinsulatedglass.com\/it\/wp-json\/wp\/v2\/media\/619"}],"wp:attachment":[{"href":"https:\/\/theinsulatedglass.com\/it\/wp-json\/wp\/v2\/media?parent=618"}],"wp:term":[{"taxonomy":"product_brand","embeddable":true,"href":"https:\/\/theinsulatedglass.com\/it\/wp-json\/wp\/v2\/product_brand?post=618"},{"taxonomy":"product_cat","embeddable":true,"href":"https:\/\/theinsulatedglass.com\/it\/wp-json\/wp\/v2\/product_cat?post=618"},{"taxonomy":"product_tag","embeddable":true,"href":"https:\/\/theinsulatedglass.com\/it\/wp-json\/wp\/v2\/product_tag?post=618"}],"curies":[{"name":"wp","href":"https:\/\/api.w.org\/{rel}","templated":true}]}}