{"id":625,"date":"2026-01-27T07:53:33","date_gmt":"2026-01-27T07:53:33","guid":{"rendered":"https:\/\/theinsulatedglass.com\/?post_type=product&#038;p=625"},"modified":"2026-01-27T07:53:33","modified_gmt":"2026-01-27T07:53:33","slug":"project-spec-custom-solar-control-coated-glass","status":"publish","type":"product","link":"https:\/\/theinsulatedglass.com\/it\/project-spec-custom-solar-control-coated-glass\/","title":{"rendered":"Progetto specifico Vetro rivestito a controllo solare personalizzato"},"content":{"rendered":"<p data-start=\"59\" data-end=\"366\">Panoramica<br data-start=\"67\" data-end=\"70\" \/>Dal coordinamento iniziale della facciata alla spedizione finale, il vetro rivestito a controllo solare d\u00e0 il meglio di s\u00e9 quando viene fornito esattamente in base ai requisiti di costruzione e movimentazione del progetto. Questa soluzione Project Spec aiuta a ridurre il calore solare e l'abbagliamento, preservando la luce diurna e un aspetto esterno coerente.<\/p>\n<p data-start=\"370\" data-end=\"384\">Caratteristiche principali<\/p>\n<p data-start=\"387\" data-end=\"461\">Gestire il guadagno solare e l'abbagliamento per migliorare il comfort degli ambienti interni in prossimit\u00e0 delle vetrate<\/p>\n<p data-start=\"464\" data-end=\"546\">Mantenere la coerenza dei colori architettonici tra i vari prospetti e le consegne per fasi.<\/p>\n<p data-start=\"549\" data-end=\"627\">Supportare gli assemblaggi IGU e laminati con pratiche di lavorazione consapevoli del rivestimento<\/p>\n<p data-start=\"630\" data-end=\"701\">Coordinare l'orientamento del rivestimento per una corretta installazione in loco<\/p>\n<p data-start=\"704\" data-end=\"788\">Migliorare l'affidabilit\u00e0 della sigillatura a valle grazie alla preparazione controllata dei bordi del rivestimento<\/p>\n<p data-start=\"791\" data-end=\"863\">Consentite un'esecuzione prevedibile del progetto con un controllo della produzione tracciabile<\/p>\n<p data-start=\"867\" data-end=\"892\">Opzioni e personalizzazione<\/p>\n<p data-start=\"895\" data-end=\"968\">Dimensioni personalizzate \/ Tagli, forme e abbinamenti di pannelli su richiesta.<\/p>\n<p data-start=\"971\" data-end=\"1046\">Sono disponibili selezioni di tonalit\u00e0\/riflettenza del rivestimento per allinearsi all'intento della facciata<\/p>\n<p data-start=\"1049\" data-end=\"1128\">Configurazioni IGU e supporto per la compatibilit\u00e0 tra distanziatore e guarnizione disponibili su richiesta.<\/p>\n<p data-start=\"1131\" data-end=\"1198\">Eliminazione dei bordi, mascheratura e zone protette secondo i disegni.<\/p>\n<p data-start=\"1201\" data-end=\"1272\">Le conversioni temperate o laminate sono disponibili su richiesta, se necessario.<\/p>\n<p data-start=\"1275\" data-end=\"1335\">Campioni e pannelli di approvazione disponibili per l'approvazione del progetto<\/p>\n<p data-start=\"1339\" data-end=\"1550\">Applicazioni tipiche<br data-start=\"1359\" data-end=\"1362\" \/>IGU per facciate continue, unit\u00e0 per finestre commerciali, retrofit di facciate, torri di uffici, vetrate di hotel, vetrine di negozi, coperture di atri, lucernari e lucernari per tetti, terminali di aeroporti e di transito.<\/p>\n<p data-start=\"1554\" data-end=\"1903\">Fornitura e assistenza<br data-start=\"1570\" data-end=\"1573\" \/>Fornitura diretta in fabbrica con allineamento delle specifiche di progetto, supporto ai disegni e coordinamento dei disegni di officina per le approvazioni e le sequenze. \u00c8 disponibile una pianificazione stabile dei tempi di consegna per rilasci scaglionati, con il supporto del controllo qualit\u00e0 interno e della tracciabilit\u00e0 della qualit\u00e0. \u00c8 possibile organizzare l'imballaggio per l'esportazione e l'imballaggio in casse; la conformit\u00e0 agli standard \u00e8 disponibile su richiesta.<\/p>","protected":false},"excerpt":{"rendered":"<p>Il vetro rivestito a controllo solare Project Spec riduce il calore e l'abbagliamento, mantenendo la luce diurna e una tonalit\u00e0 esterna pulita. Realizzato su ordinazione in dimensioni personalizzate con coordinamento dei disegni, \u00e8 un'opzione affidabile per i progetti di facciate continue e finestre commerciali che richiedono un aspetto uniforme nelle varie forniture.<\/p>","protected":false},"featured_media":629,"template":"","meta":{"_gspb_post_css":""},"product_brand":[],"product_cat":[28],"product_tag":[66,166,62,139,167,169,164,58,165,162,168,163],"class_list":{"0":"post-625","1":"product","2":"type-product","3":"status-publish","4":"has-post-thumbnail","6":"product_cat-coated-glass","7":"product_tag-bulk-supply","8":"product_tag-commercial-window-glass","9":"product_tag-curtain-wall-glazing","10":"product_tag-custom-size-glass","11":"product_tag-facade-glass","12":"product_tag-factory-direct-glass","13":"product_tag-igu-glass","14":"product_tag-low-e-coated-glass","15":"product_tag-magnetron-coated-glass","16":"product_tag-project-spec-custom-solar-control-coated-glass","17":"product_tag-project-spec-support","18":"product_tag-solar-control-coated-glass","20":"first","21":"instock","22":"shipping-taxable","23":"purchasable","24":"product-type-simple"},"_links":{"self":[{"href":"https:\/\/theinsulatedglass.com\/it\/wp-json\/wp\/v2\/product\/625","targetHints":{"allow":["GET"]}}],"collection":[{"href":"https:\/\/theinsulatedglass.com\/it\/wp-json\/wp\/v2\/product"}],"about":[{"href":"https:\/\/theinsulatedglass.com\/it\/wp-json\/wp\/v2\/types\/product"}],"wp:featuredmedia":[{"embeddable":true,"href":"https:\/\/theinsulatedglass.com\/it\/wp-json\/wp\/v2\/media\/629"}],"wp:attachment":[{"href":"https:\/\/theinsulatedglass.com\/it\/wp-json\/wp\/v2\/media?parent=625"}],"wp:term":[{"taxonomy":"product_brand","embeddable":true,"href":"https:\/\/theinsulatedglass.com\/it\/wp-json\/wp\/v2\/product_brand?post=625"},{"taxonomy":"product_cat","embeddable":true,"href":"https:\/\/theinsulatedglass.com\/it\/wp-json\/wp\/v2\/product_cat?post=625"},{"taxonomy":"product_tag","embeddable":true,"href":"https:\/\/theinsulatedglass.com\/it\/wp-json\/wp\/v2\/product_tag?post=625"}],"curies":[{"name":"wp","href":"https:\/\/api.w.org\/{rel}","templated":true}]}}