{"id":644,"date":"2026-01-27T08:14:25","date_gmt":"2026-01-27T08:14:25","guid":{"rendered":"https:\/\/theinsulatedglass.com\/?post_type=product&#038;p=644"},"modified":"2026-01-27T08:14:25","modified_gmt":"2026-01-27T08:14:25","slug":"custom-size-interior-decoration-glass-for-decoration","status":"publish","type":"product","link":"https:\/\/theinsulatedglass.com\/it\/custom-size-interior-decoration-glass-for-decoration\/","title":{"rendered":"Vetro di decorazione interna di dimensione personalizzata per la decorazione"},"content":{"rendered":"<p data-start=\"65\" data-end=\"353\">Panoramica<br data-start=\"73\" data-end=\"76\" \/>Gli interni di un progetto hanno spesso bisogno di vetro decorativo che corrisponda ai disegni, che arrivi etichettato e che si installi senza bisogno di rilavorazioni in loco. Il nostro vetro decorativo per interni viene fornito in base alle specifiche del progetto e in dimensioni su ordinazione, aiutando i progettisti a ottenere linee visive coerenti in pi\u00f9 aree.<\/p>\n<p data-start=\"357\" data-end=\"371\">Caratteristiche principali<\/p>\n<p data-start=\"374\" data-end=\"450\">Coordinare le finiture per creare un tema decorativo unitario da una stanza all'altra<\/p>\n<p data-start=\"453\" data-end=\"515\">Offre bordi puliti per una manipolazione pi\u00f9 sicura e dettagli raffinati<\/p>\n<p data-start=\"518\" data-end=\"594\">Mantengono stabile il colore e l'aspetto della superficie in condizioni di illuminazione tipica degli ambienti interni.<\/p>\n<p data-start=\"597\" data-end=\"678\">Supporto per una rapida installazione grazie a chiari segni di orientamento e all'etichettatura dell'ID del pannello<\/p>\n<p data-start=\"681\" data-end=\"739\">Riduzione del rischio di rilavorazione con controlli di fabbricazione basati sul disegno<\/p>\n<p data-start=\"743\" data-end=\"768\">Opzioni e personalizzazione<\/p>\n<p data-start=\"771\" data-end=\"837\">Taglio su misura \/ Made-to-Order, comprese le forme su richiesta<\/p>\n<p data-start=\"840\" data-end=\"942\">Finiture disponibili su richiesta: retroverniciate, acidate, con motivi a specchio o stampate.<\/p>\n<p data-start=\"945\" data-end=\"1024\">Costruzioni temperate o laminate disponibili su richiesta, per soddisfare le esigenze di sicurezza.<\/p>\n<p data-start=\"1027\" data-end=\"1098\">Fori, tacche e ritagli CNC per raccordi, distanziatori e canali<\/p>\n<p data-start=\"1101\" data-end=\"1168\">Servizio OEM\/ODM per programmi di marca, ordini ripetuti e set di kit<\/p>\n<p data-start=\"1172\" data-end=\"1400\">Applicazioni tipiche<br data-start=\"1192\" data-end=\"1195\" \/>Pareti d'arredo, rivestimenti di atrii per ascensori, pareti divisorie interne, porte in vetro e sidelites, inserti per armadi e guardaroba, fondali per ricevimenti, schermi per scale, pannelli espositivi per la vendita al dettaglio, accenti per corridoi di hotel<\/p>\n<p data-start=\"1404\" data-end=\"1709\">Fornitura e assistenza<br data-start=\"1420\" data-end=\"1423\" \/>Fornitura diretta in fabbrica con coordinamento dei disegni di officina e delle specifiche di progetto per le approvazioni e le sequenze. \u00c8 disponibile una pianificazione stabile dei tempi di consegna, supportata dal controllo qualit\u00e0 interno e dalla tracciabilit\u00e0 della qualit\u00e0. \u00c8 possibile organizzare l'imballaggio per l'esportazione con casse; la conformit\u00e0 agli standard \u00e8 disponibile su richiesta.<\/p>","protected":false},"excerpt":{"rendered":"<p>Il vetro per decorazioni d'interni su misura offre finiture personalizzate e dimensioni precise per adattarsi ai disegni del progetto e garantire un aspetto coerente. \u00c8 comunemente richiesto per pareti e divisori in hotel, spazi commerciali e interni residenziali.<\/p>","protected":false},"featured_media":645,"template":"","meta":{"_gspb_post_css":""},"product_brand":[],"product_cat":[44],"product_tag":[193,64,186,187,194,97,191,192,190,86,188,189],"class_list":{"0":"post-644","1":"product","2":"type-product","3":"status-publish","4":"has-post-thumbnail","6":"product_cat-interior-decoration-glass","7":"product_tag-cabinet-door-inserts","8":"product_tag-custom-size","9":"product_tag-custom-size-interior-decoration-glass-for-decoration","10":"product_tag-decorative-glass-panels","11":"product_tag-elevator-lobby-glass","12":"product_tag-factory-direct","13":"product_tag-feature-wall-glass","14":"product_tag-interior-partition-glass","15":"product_tag-laminated-decorative-glass","16":"product_tag-oem-odm-service","17":"product_tag-printed-glass","18":"product_tag-tempered-decorative-glass","20":"first","21":"instock","22":"shipping-taxable","23":"purchasable","24":"product-type-simple"},"_links":{"self":[{"href":"https:\/\/theinsulatedglass.com\/it\/wp-json\/wp\/v2\/product\/644","targetHints":{"allow":["GET"]}}],"collection":[{"href":"https:\/\/theinsulatedglass.com\/it\/wp-json\/wp\/v2\/product"}],"about":[{"href":"https:\/\/theinsulatedglass.com\/it\/wp-json\/wp\/v2\/types\/product"}],"wp:featuredmedia":[{"embeddable":true,"href":"https:\/\/theinsulatedglass.com\/it\/wp-json\/wp\/v2\/media\/645"}],"wp:attachment":[{"href":"https:\/\/theinsulatedglass.com\/it\/wp-json\/wp\/v2\/media?parent=644"}],"wp:term":[{"taxonomy":"product_brand","embeddable":true,"href":"https:\/\/theinsulatedglass.com\/it\/wp-json\/wp\/v2\/product_brand?post=644"},{"taxonomy":"product_cat","embeddable":true,"href":"https:\/\/theinsulatedglass.com\/it\/wp-json\/wp\/v2\/product_cat?post=644"},{"taxonomy":"product_tag","embeddable":true,"href":"https:\/\/theinsulatedglass.com\/it\/wp-json\/wp\/v2\/product_tag?post=644"}],"curies":[{"name":"wp","href":"https:\/\/api.w.org\/{rel}","templated":true}]}}