{"id":658,"date":"2026-01-27T08:29:08","date_gmt":"2026-01-27T08:29:08","guid":{"rendered":"https:\/\/theinsulatedglass.com\/?post_type=product&#038;p=658"},"modified":"2026-01-27T08:29:08","modified_gmt":"2026-01-27T08:29:08","slug":"oven-door-appliance-tempered-glass-for-home-use","status":"publish","type":"product","link":"https:\/\/theinsulatedglass.com\/it\/oven-door-appliance-tempered-glass-for-home-use\/","title":{"rendered":"Vetro temperato dell'apparecchio della porta del forno per uso domestico"},"content":{"rendered":"<p data-start=\"60\" data-end=\"322\">Panoramica<br data-start=\"68\" data-end=\"71\" \/>Costruito per cicli di riscaldamento ripetuti e per la manipolazione quotidiana, il vetro temperato della porta del forno supporta prestazioni durature nelle cucine ad alto utilizzo. La struttura temperata aggiunge un comportamento di sicurezza in caso di rottura, mantenendo al contempo una chiara visibilit\u00e0 attraverso la porta.<\/p>\n<p data-start=\"326\" data-end=\"340\">Caratteristiche principali<\/p>\n<p data-start=\"343\" data-end=\"408\">Gestisce i cicli termici di routine con prestazioni di sicurezza temprate<\/p>\n<p data-start=\"411\" data-end=\"479\">Mantenere una visione chiara con una distorsione controllata per i vetri delle porte<\/p>\n<p data-start=\"482\" data-end=\"562\">Riduzione del rischio di danneggiamento dei bordi grazie a controlli specifici di finitura e manipolazione dei bordi.<\/p>\n<p data-start=\"565\" data-end=\"635\">Supporto per un assemblaggio affidabile con ritagli e posizionamento dei fori accurati<\/p>\n<p data-start=\"638\" data-end=\"718\">Migliorare la durata della superficie con bande stampate e marcature protettive opzionali<\/p>\n<p data-start=\"722\" data-end=\"747\">Opzioni e personalizzazione<\/p>\n<p data-start=\"750\" data-end=\"823\">Pannelli su misura e su ordinazione secondo il disegno del pezzo e le note di tolleranza<\/p>\n<p data-start=\"826\" data-end=\"892\">Opzioni di lavorazione dei bordi disponibili su richiesta (levigati, smussati, arruffati)<\/p>\n<p data-start=\"895\" data-end=\"969\">Fori, tacche e ritagli CNC per cerniere, staffe e sistemi di maniglie<\/p>\n<p data-start=\"972\" data-end=\"1055\">Bordi in fritta ceramica serigrafata, loghi o bande di opacit\u00e0 disponibili su richiesta.<\/p>\n<p data-start=\"1058\" data-end=\"1134\">Opzioni di colorazione\/aspetto disponibili su richiesta (trasparente, grigio, aspetto annerito)<\/p>\n<p data-start=\"1137\" data-end=\"1199\">Set di pezzi singoli o abbinati disponibili con servizio OEM\/ODM<\/p>\n<p data-start=\"1203\" data-end=\"1462\">Applicazioni tipiche<br data-start=\"1223\" data-end=\"1226\" \/>Pannelli di visualizzazione della porta del forno da incasso, finestre del forno a libera installazione, vetro della porta del forno a parete, porte del forno tostapane, porte del forno a convezione da banco, set di vetri interni\/esterni del forno, finestre della porta del forno per pizza, finestre di ispezione degli elettrodomestici da cucina<\/p>\n<p data-start=\"1466\" data-end=\"1827\">Fornitura e assistenza<br data-start=\"1482\" data-end=\"1485\" \/>Fornitura in blocco con pianificazione della produzione in serie e un'opzione di Lead Time rapido per i programmi in corso. Il controllo qualit\u00e0 interno con tracciabilit\u00e0 della qualit\u00e0 supporta lotti ripetuti coerenti e l'imballaggio per l'esportazione\/confezionamento in casse pu\u00f2 essere organizzato per proteggere il trasporto. Sono disponibili il supporto per i disegni e la revisione dei disegni di officina; la conformit\u00e0 agli standard \u00e8 disponibile su richiesta.<\/p>","protected":false},"excerpt":{"rendered":"<p>Progettato per le temperature elevate in cucina, il nostro vetro temperato per porte di forni offre prestazioni di sicurezza affidabili con una visione chiara e ritagli di ferramenta accurati. Fornito su ordinazione per i programmi OEM, si adatta alle porte dei forni da incasso e alle finestre dei forni da cucina dove \u00e8 importante la coerenza tra i lotti.<\/p>","protected":false},"featured_media":659,"template":"","meta":{"_gspb_post_css":""},"product_brand":[],"product_cat":[45],"product_tag":[213,66,208,209,64,86,206,210,211,207,113,212],"class_list":{"0":"post-658","1":"product","2":"type-product","3":"status-publish","4":"has-post-thumbnail","6":"product_cat-appliance-glass","7":"product_tag-appliance-door-window","8":"product_tag-bulk-supply","9":"product_tag-ceramic-frit-glass","10":"product_tag-cnc-cut-glass-panel","11":"product_tag-custom-size","12":"product_tag-oem-odm-service","13":"product_tag-oven-door-appliance-tempered-glass-for-home-use","14":"product_tag-oven-door-glass","15":"product_tag-range-oven-window-glass","16":"product_tag-tempered-appliance-glass","17":"product_tag-tempered-safety-glass","18":"product_tag-toaster-oven-door-glass","20":"first","21":"instock","22":"shipping-taxable","23":"purchasable","24":"product-type-simple"},"_links":{"self":[{"href":"https:\/\/theinsulatedglass.com\/it\/wp-json\/wp\/v2\/product\/658","targetHints":{"allow":["GET"]}}],"collection":[{"href":"https:\/\/theinsulatedglass.com\/it\/wp-json\/wp\/v2\/product"}],"about":[{"href":"https:\/\/theinsulatedglass.com\/it\/wp-json\/wp\/v2\/types\/product"}],"wp:featuredmedia":[{"embeddable":true,"href":"https:\/\/theinsulatedglass.com\/it\/wp-json\/wp\/v2\/media\/659"}],"wp:attachment":[{"href":"https:\/\/theinsulatedglass.com\/it\/wp-json\/wp\/v2\/media?parent=658"}],"wp:term":[{"taxonomy":"product_brand","embeddable":true,"href":"https:\/\/theinsulatedglass.com\/it\/wp-json\/wp\/v2\/product_brand?post=658"},{"taxonomy":"product_cat","embeddable":true,"href":"https:\/\/theinsulatedglass.com\/it\/wp-json\/wp\/v2\/product_cat?post=658"},{"taxonomy":"product_tag","embeddable":true,"href":"https:\/\/theinsulatedglass.com\/it\/wp-json\/wp\/v2\/product_tag?post=658"}],"curies":[{"name":"wp","href":"https:\/\/api.w.org\/{rel}","templated":true}]}}