{"id":679,"date":"2026-01-27T08:52:42","date_gmt":"2026-01-27T08:52:42","guid":{"rendered":"https:\/\/theinsulatedglass.com\/?post_type=product&#038;p=679"},"modified":"2026-01-27T08:52:42","modified_gmt":"2026-01-27T08:52:42","slug":"factory-direct-custom-insulating-glass-igu","status":"publish","type":"product","link":"https:\/\/theinsulatedglass.com\/it\/factory-direct-custom-insulating-glass-igu\/","title":{"rendered":"Fabbrica diretta di vetro isolante personalizzato IGU"},"content":{"rendered":"<p data-start=\"55\" data-end=\"295\">Panoramica<br data-start=\"63\" data-end=\"66\" \/>La riduzione della domanda di HVAC spesso inizia dalla linea di vetratura. Le nostre vetrate isolanti personalizzate Factory Direct vengono assemblate in base ai requisiti del progetto per contribuire a limitare il trasferimento di calore, migliorare il comfort degli occupanti e mantenere la luce diurna chiara e utilizzabile.<\/p>\n<p data-start=\"299\" data-end=\"313\">Caratteristiche principali<\/p>\n<p data-start=\"316\" data-end=\"396\">Riduzione della perdita di calore invernale e dell'ingresso di calore estivo rispetto al vetro monolitico<\/p>\n<p data-start=\"399\" data-end=\"471\">Migliora il comfort in prossimit\u00e0 delle finestre stabilizzando la temperatura interna del vetro.<\/p>\n<p data-start=\"474\" data-end=\"550\">Supporto di viste pi\u00f9 chiare con pulizia interna controllata durante l'assemblaggio<\/p>\n<p data-start=\"553\" data-end=\"635\">Migliorare la resistenza alla condensa quando l'intero sistema di finestre \u00e8 progettato correttamente<\/p>\n<p data-start=\"638\" data-end=\"711\">Mantenere dimensioni ripetibili per facilitare l'incorniciatura e l'innesto della guarnizione<\/p>\n<p data-start=\"715\" data-end=\"740\">Opzioni e personalizzazione<\/p>\n<p data-start=\"743\" data-end=\"806\">Su ordinazione \/ Dimensioni personalizzate Dimensioni e forme delle IGU su disegno<\/p>\n<p data-start=\"809\" data-end=\"874\">Le selezioni di rivestimenti a bassa emissivit\u00e0 e a controllo solare sono disponibili su richiesta.<\/p>\n<p data-start=\"877\" data-end=\"958\">Scelte di distanziatori, opzioni di bordi caldi e sistemi di sigillatura offerti in base alle specifiche di progetto<\/p>\n<p data-start=\"961\" data-end=\"1041\">Su richiesta, sono disponibili le versioni a riempimento di gas, i substrati colorati e le lampade laminate\/temprate.<\/p>\n<p data-start=\"1044\" data-end=\"1111\">Griglie, bordi in fritta e zone di cancellazione dei bordi forniti a seconda delle esigenze<\/p>\n<p data-start=\"1115\" data-end=\"1291\">Applicazioni tipiche<br data-start=\"1135\" data-end=\"1138\" \/>Finestre residenziali, pareti vetrate commerciali, aree di visione con facciate continue, sistemi di vetrine, lucernari, porte finestre, vetrate per scale, coperture per atri.<\/p>\n<p data-start=\"1295\" data-end=\"1619\">Fornitura e assistenza<br data-start=\"1311\" data-end=\"1314\" \/>La produzione in serie \u00e8 disponibile per programmi ripetuti, con una pianificazione dei tempi di consegna rapidi per rilasci scaglionati. Il controllo qualit\u00e0 interno supporta controlli di assemblaggio coerenti e pu\u00f2 essere organizzato l'imballaggio per l'esportazione con l'imballaggio in casse. Sono disponibili disegni di officina e revisione dei disegni; la conformit\u00e0 agli standard \u00e8 disponibile su richiesta.<\/p>","protected":false},"excerpt":{"rendered":"<p>Una vetrocamera ben costruita \u00e8 il modo pi\u00f9 rapido per ottenere stanze pi\u00f9 confortevoli e ridurre il rischio di condensa. Le nostre unit\u00e0 di vetro isolante, prodotte direttamente in fabbrica e su ordinazione, vengono fornite per finestre residenziali e sistemi di facciate continue commerciali, con una vestibilit\u00e0 costante.<\/p>","protected":false},"featured_media":680,"template":"","meta":{"_gspb_post_css":""},"product_brand":[],"product_cat":[25],"product_tag":[66,232,64,230,228,57,229,233,234,60,231],"class_list":{"0":"post-679","1":"product","2":"type-product","3":"status-publish","4":"has-post-thumbnail","6":"product_cat-insulating-glass-igu","7":"product_tag-bulk-supply","8":"product_tag-curtain-wall-igu","9":"product_tag-custom-size","10":"product_tag-double-glazing","11":"product_tag-factory-direct-custom-insulating-glass-igu","12":"product_tag-insulated-glass-unit","13":"product_tag-low-e-igu","14":"product_tag-skylight-igu","15":"product_tag-storefront-igu","16":"product_tag-warm-edge-spacer","17":"product_tag-window-igu","19":"first","20":"instock","21":"shipping-taxable","22":"purchasable","23":"product-type-simple"},"_links":{"self":[{"href":"https:\/\/theinsulatedglass.com\/it\/wp-json\/wp\/v2\/product\/679","targetHints":{"allow":["GET"]}}],"collection":[{"href":"https:\/\/theinsulatedglass.com\/it\/wp-json\/wp\/v2\/product"}],"about":[{"href":"https:\/\/theinsulatedglass.com\/it\/wp-json\/wp\/v2\/types\/product"}],"wp:featuredmedia":[{"embeddable":true,"href":"https:\/\/theinsulatedglass.com\/it\/wp-json\/wp\/v2\/media\/680"}],"wp:attachment":[{"href":"https:\/\/theinsulatedglass.com\/it\/wp-json\/wp\/v2\/media?parent=679"}],"wp:term":[{"taxonomy":"product_brand","embeddable":true,"href":"https:\/\/theinsulatedglass.com\/it\/wp-json\/wp\/v2\/product_brand?post=679"},{"taxonomy":"product_cat","embeddable":true,"href":"https:\/\/theinsulatedglass.com\/it\/wp-json\/wp\/v2\/product_cat?post=679"},{"taxonomy":"product_tag","embeddable":true,"href":"https:\/\/theinsulatedglass.com\/it\/wp-json\/wp\/v2\/product_tag?post=679"}],"curies":[{"name":"wp","href":"https:\/\/api.w.org\/{rel}","templated":true}]}}