{"id":687,"date":"2026-01-27T09:01:17","date_gmt":"2026-01-27T09:01:17","guid":{"rendered":"https:\/\/theinsulatedglass.com\/?post_type=product&#038;p=687"},"modified":"2026-01-27T09:01:17","modified_gmt":"2026-01-27T09:01:17","slug":"clear-noise-control-acoustic-laminated-glass-for-business","status":"publish","type":"product","link":"https:\/\/theinsulatedglass.com\/it\/clear-noise-control-acoustic-laminated-glass-for-business\/","title":{"rendered":"Chiaro vetro laminato acustico di controllo del rumore per l'affare"},"content":{"rendered":"<p data-start=\"70\" data-end=\"385\">Panoramica<br data-start=\"78\" data-end=\"81\" \/>Uno spazio di lavoro tranquillo pu\u00f2 sembrare aperto. Il vetro stratificato acustico a controllo del rumore mantiene l'aspetto trasparente e di alto livello che i progettisti desiderano, contribuendo al contempo a ridurre il trasferimento di suoni distraenti tra le zone. La struttura stratificata migliora anche la tenuta in caso di rottura, favorendo la sicurezza degli interni.<\/p>\n<p data-start=\"389\" data-end=\"403\">Caratteristiche principali<\/p>\n<p data-start=\"406\" data-end=\"467\">Preservano una visione pulita e a bassa tonalit\u00e0 per una finitura visiva di qualit\u00e0 superiore<\/p>\n<p data-start=\"470\" data-end=\"538\">Attenua il parlato e i rumori a media frequenza per migliorare la privacy percepita.<\/p>\n<p data-start=\"541\" data-end=\"610\">Migliora la tenuta dopo la rottura grazie alla struttura interstrato<\/p>\n<p data-start=\"613\" data-end=\"687\">Mantenere i bordi e gli angoli coerenti per ottenere linee nitide nelle cornici e nei canali<\/p>\n<p data-start=\"690\" data-end=\"772\">Supporto di un'estetica stabile in pi\u00f9 aree con la lavorazione controllata in batch<\/p>\n<p data-start=\"776\" data-end=\"801\">Opzioni e personalizzazione<\/p>\n<p data-start=\"804\" data-end=\"878\">Dimensioni personalizzate \/ Pannelli su ordinazione tagliati secondo i disegni e le tabelle di apertura<\/p>\n<p data-start=\"881\" data-end=\"948\">Selezioni di intercalari acustici e build-up disponibili su richiesta<\/p>\n<p data-start=\"951\" data-end=\"1029\">Combinazioni temperate + laminate disponibili su richiesta per una maggiore robustezza<\/p>\n<p data-start=\"1032\" data-end=\"1102\">Fori, tacche e ritagli CNC per raccordi e ferramenta delle porte<\/p>\n<p data-start=\"1105\" data-end=\"1185\">Su richiesta, sono disponibili lampade trasparenti, colorate o rivestite per prestazioni integrate.<\/p>\n<p data-start=\"1189\" data-end=\"1389\">Applicazioni tipiche<br data-start=\"1209\" data-end=\"1212\" \/>Pareti divisorie per uffici, facciate di sale riunioni, uffici direzionali, schermi per reception, aule di formazione, vetrate di negozi al dettaglio, business center di alberghi, sale telefoniche, sidelites di corridoi<\/p>\n<p data-start=\"1393\" data-end=\"1703\">Fornitura e assistenza<br data-start=\"1409\" data-end=\"1412\" \/>Fornitura diretta in fabbrica di prodotti sfusi con pianificazione della produzione in serie e coordinamento dei tempi di consegna stabili per consegne graduali. Controllo qualit\u00e0 interno con tracciabilit\u00e0 della qualit\u00e0, imballaggio per l'esportazione e imballaggio in casse per una spedizione sicura. \u00c8 disponibile il supporto per i disegni di officina; la conformit\u00e0 agli standard \u00e8 disponibile su richiesta.<\/p>","protected":false},"excerpt":{"rendered":"<p>Mantenere gli interni visivamente aperti riducendo al contempo la trasmissione di suoni distraenti. Il nostro vetro stratificato acustico chiaro viene prodotto su ordinazione con una qualit\u00e0 costante dei bordi per le pareti divisorie degli uffici e le facciate delle sale riunioni, aiutando le aziende a creare spazi pi\u00f9 silenziosi e confortevoli senza sacrificare la luce naturale.<\/p>","protected":false},"featured_media":688,"template":"","meta":{"_gspb_post_css":""},"product_brand":[],"product_cat":[30],"product_tag":[239,237,66,236,235,64,97,240,136,242,241,238],"class_list":{"0":"post-687","1":"product","2":"type-product","3":"status-publish","4":"has-post-thumbnail","6":"product_cat-laminated-glass","7":"product_tag-acoustic-igu","8":"product_tag-acoustic-pvb-interlayer","9":"product_tag-bulk-supply","10":"product_tag-clear-acoustic-laminated-glass","11":"product_tag-clear-noise-control-acoustic-laminated-glass-for-business","12":"product_tag-custom-size","13":"product_tag-factory-direct","14":"product_tag-meeting-room-glazing","15":"product_tag-office-partition-glass","16":"product_tag-reception-screen-glass","17":"product_tag-storefront-window-glass","18":"product_tag-tempered-laminated-glass","20":"first","21":"instock","22":"shipping-taxable","23":"purchasable","24":"product-type-simple"},"_links":{"self":[{"href":"https:\/\/theinsulatedglass.com\/it\/wp-json\/wp\/v2\/product\/687","targetHints":{"allow":["GET"]}}],"collection":[{"href":"https:\/\/theinsulatedglass.com\/it\/wp-json\/wp\/v2\/product"}],"about":[{"href":"https:\/\/theinsulatedglass.com\/it\/wp-json\/wp\/v2\/types\/product"}],"wp:featuredmedia":[{"embeddable":true,"href":"https:\/\/theinsulatedglass.com\/it\/wp-json\/wp\/v2\/media\/688"}],"wp:attachment":[{"href":"https:\/\/theinsulatedglass.com\/it\/wp-json\/wp\/v2\/media?parent=687"}],"wp:term":[{"taxonomy":"product_brand","embeddable":true,"href":"https:\/\/theinsulatedglass.com\/it\/wp-json\/wp\/v2\/product_brand?post=687"},{"taxonomy":"product_cat","embeddable":true,"href":"https:\/\/theinsulatedglass.com\/it\/wp-json\/wp\/v2\/product_cat?post=687"},{"taxonomy":"product_tag","embeddable":true,"href":"https:\/\/theinsulatedglass.com\/it\/wp-json\/wp\/v2\/product_tag?post=687"}],"curies":[{"name":"wp","href":"https:\/\/api.w.org\/{rel}","templated":true}]}}