{"id":694,"date":"2026-01-27T09:12:48","date_gmt":"2026-01-27T09:12:48","guid":{"rendered":"https:\/\/theinsulatedglass.com\/?post_type=product&#038;p=694"},"modified":"2026-01-27T09:12:48","modified_gmt":"2026-01-27T09:12:48","slug":"custom-and-useful-ultra-clear-tempered-glass","status":"publish","type":"product","link":"https:\/\/theinsulatedglass.com\/it\/custom-and-useful-ultra-clear-tempered-glass\/","title":{"rendered":"Vetro temperato ultralucido personalizzato e utile"},"content":{"rendered":"<p data-start=\"57\" data-end=\"316\">Panoramica<br data-start=\"65\" data-end=\"68\" \/>Quando il comfort visivo \u00e8 la priorit\u00e0, il vetro temperato ultra chiaro aiuta a rendere gli interni pi\u00f9 luminosi e raffinati. La chiarezza a basso contenuto di ferro riduce la tipica sfumatura verde dei bordi, mentre la tempra aggiunge sicurezza ai punti di contatto quotidiani negli spazi pubblici e privati.<\/p>\n<p data-start=\"320\" data-end=\"636\">Caratteristiche principali<br data-start=\"332\" data-end=\"335\" \/>Migliora la resa cromatica con l'aspetto di un vetro ultra chiaro<\/p>\n<p data-start=\"320\" data-end=\"636\">\u00a0Offre prestazioni di sicurezza grazie alla lavorazione temperata<br data-start=\"455\" data-end=\"458\" \/>\u00a0Mantiene linee nitide con una raffinata finitura dei bordi<br data-start=\"509\" data-end=\"512\" \/>\u00a0Supporta una manutenzione pulita grazie alle superfici easy-clean opzionali<br data-start=\"574\" data-end=\"577\" \/>\u00a0Migliora la coerenza del progetto con una qualit\u00e0 ottica stabile<\/p>\n<p data-start=\"640\" data-end=\"1090\">Opzioni e personalizzazione<br data-start=\"663\" data-end=\"666\" \/>\u00a0Dimensioni personalizzate, taglio su ordinazione in base alle dimensioni del progetto<br data-start=\"724\" data-end=\"727\" \/>\u00a0Scelte per la lavorazione dei bordi: arris, matita, lucidatura piatta, bordi smussati (come richiesto)<br data-start=\"802\" data-end=\"805\" \/>\u00a0Fori, intagli e ritagli CNC per l'integrazione dell'hardware<br data-start=\"863\" data-end=\"866\" \/>\u00a0Fritte ceramiche \/ serigrafia e retroverniciatura disponibili su richiesta<br data-start=\"937\" data-end=\"940\" \/>\u00a0Sono disponibili tempere curve o laminate per migliorare gli obiettivi di comfort.<br data-start=\"1020\" data-end=\"1023\" \/>\u00a0Supporto alle specifiche di progetto e ai disegni di officina, dai disegni all'approvazione<\/p>\n<p data-start=\"1094\" data-end=\"1317\">Applicazioni tipiche<br data-start=\"1114\" data-end=\"1117\" \/>Porte doccia senza telaio, cabine doccia, pareti divisorie per uffici, vetrine per la vendita al dettaglio, vetrine per musei, porte per armadi, scaffali in vetro, piani per mobili, pannelli di copertura per elettrodomestici, pannelli di chiusura per balaustre.<\/p>\n<p data-start=\"1321\" data-end=\"1575\">Fornitura e assistenza<br data-start=\"1337\" data-end=\"1340\" \/>Fabbrica diretta con produzione in serie per programmi ripetuti o costruzioni uniche. Sono previsti tempi di consegna stabili, controllo qualit\u00e0 interno con tracciabilit\u00e0 della qualit\u00e0 e imballaggio per l'esportazione, compreso l'imballaggio in casse. La conformit\u00e0 agli standard \u00e8 disponibile su richiesta.<\/p>","protected":false},"excerpt":{"rendered":"<p>Il vetro temperato ultra chiaro viene scelto quando il comfort visivo \u00e8 importante: la chiarezza a basso contenuto di ferro mantiene i colori fedeli, mentre la tempra migliora la sicurezza delle aree ad alto contatto. Fornito su ordinazione per porte doccia di alta qualit\u00e0, divisori interni e pannelli espositivi dove \u00e8 richiesto un aspetto pulito e luminoso.<\/p>","protected":false},"featured_media":695,"template":"","meta":{"_gspb_post_css":""},"product_brand":[],"product_cat":[35],"product_tag":[66,245,243,64,247,73,81,51,86,246,113,244],"class_list":{"0":"post-694","1":"product","2":"type-product","3":"status-publish","4":"has-post-thumbnail","6":"product_cat-ultra-clear-glass","7":"product_tag-bulk-supply","8":"product_tag-ceramic-frit-printing","9":"product_tag-custom-and-useful-ultra-clear-tempered-glass","10":"product_tag-custom-size","11":"product_tag-display-case-glazing","12":"product_tag-glass-partition-panels","13":"product_tag-laminated-glass-option","14":"product_tag-low-iron-glass","15":"product_tag-oem-odm-service","16":"product_tag-shower-door-glass","17":"product_tag-tempered-safety-glass","18":"product_tag-ultra-clear-tempered-glass","20":"first","21":"instock","22":"shipping-taxable","23":"purchasable","24":"product-type-simple"},"_links":{"self":[{"href":"https:\/\/theinsulatedglass.com\/it\/wp-json\/wp\/v2\/product\/694","targetHints":{"allow":["GET"]}}],"collection":[{"href":"https:\/\/theinsulatedglass.com\/it\/wp-json\/wp\/v2\/product"}],"about":[{"href":"https:\/\/theinsulatedglass.com\/it\/wp-json\/wp\/v2\/types\/product"}],"wp:featuredmedia":[{"embeddable":true,"href":"https:\/\/theinsulatedglass.com\/it\/wp-json\/wp\/v2\/media\/695"}],"wp:attachment":[{"href":"https:\/\/theinsulatedglass.com\/it\/wp-json\/wp\/v2\/media?parent=694"}],"wp:term":[{"taxonomy":"product_brand","embeddable":true,"href":"https:\/\/theinsulatedglass.com\/it\/wp-json\/wp\/v2\/product_brand?post=694"},{"taxonomy":"product_cat","embeddable":true,"href":"https:\/\/theinsulatedglass.com\/it\/wp-json\/wp\/v2\/product_cat?post=694"},{"taxonomy":"product_tag","embeddable":true,"href":"https:\/\/theinsulatedglass.com\/it\/wp-json\/wp\/v2\/product_tag?post=694"}],"curies":[{"name":"wp","href":"https:\/\/api.w.org\/{rel}","templated":true}]}}