{"id":716,"date":"2026-01-27T09:39:57","date_gmt":"2026-01-27T09:39:57","guid":{"rendered":"https:\/\/theinsulatedglass.com\/?post_type=product&#038;p=716"},"modified":"2026-01-27T09:39:57","modified_gmt":"2026-01-27T09:39:57","slug":"energy-upgrade-useful-triple-glazed-low-e-insulating-glass","status":"publish","type":"product","link":"https:\/\/theinsulatedglass.com\/it\/energy-upgrade-useful-triple-glazed-low-e-insulating-glass\/","title":{"rendered":"Aggiornamento energetico Utile vetro isolante a triplo vetro basso emissivo"},"content":{"rendered":"<p data-start=\"71\" data-end=\"472\">Panoramica<br data-start=\"79\" data-end=\"82\" \/>Il coordinamento di una riqualificazione energetica della facciata inizia spesso dal disegno, e il vetro isolante a tripla emissione Low-E viene specificato per soddisfare gli obiettivi di comfort senza complicare eccessivamente l'installazione. Tre lastre e cavit\u00e0 sigillate aiutano a stabilizzare la temperatura interna e a ridurre gli effetti della superficie fredda. Le opzioni di rivestimento Low-E consentono di sintonizzare l'unit\u00e0 con gli obiettivi solari e di luce diurna del progetto.<\/p>\n<p data-start=\"476\" data-end=\"829\">Caratteristiche principali<br data-start=\"488\" data-end=\"491\" \/>\u00a0Migliora le prestazioni termiche grazie alla costruzione con tripla IGU<br data-start=\"553\" data-end=\"556\" \/>\u00a0Riduce la perdita di calore radiante con le opzioni di superficie Low-E<br data-start=\"609\" data-end=\"612\" \/>\u00a0Contribuisce a ridurre il rischio di condensa mantenendo il vetro interno pi\u00f9 caldo<br data-start=\"674\" data-end=\"677\" \/>\u00a0Mantenimento di linee visive coerenti con l'allineamento controllato dei distanziatori<\/p>\n<p data-start=\"476\" data-end=\"829\">\u00a0Supporta un make-up pi\u00f9 sicuro se abbinato a lampade temperate o laminate, su richiesta.<\/p>\n<p data-start=\"833\" data-end=\"1295\">Opzioni e personalizzazione<br data-start=\"856\" data-end=\"859\" \/>\u00a0Produzione Made-to-Order in dimensioni personalizzate per adattarsi ai moduli e alle tolleranze dell'officina.<br data-start=\"937\" data-end=\"940\" \/>\u00a0Supporto alle specifiche di progetto e ai disegni di officina per il posizionamento del rivestimento, l'etichettatura e l'orientamento delle unit\u00e0.<br data-start=\"1033\" data-end=\"1036\" \/>\u00a0Combinazioni di vetro selezionabili: ricotto \/ temperato \/ stratificato, a seconda delle esigenze.<br data-start=\"1121\" data-end=\"1124\" \/>\u00a0Opzioni di tipo e colore del distanziatore, incluse selezioni di bordi caldi su richiesta<\/p>\n<p data-start=\"833\" data-end=\"1295\">\u00a0Riempimento di gas e messa a punto delle prestazioni disponibili su richiesta per climi e altitudini diversi<\/p>\n<p data-start=\"1299\" data-end=\"1501\">Applicazioni tipiche<br data-start=\"1319\" data-end=\"1322\" \/>Vetrate unificate per facciate continue, finestre ad alte prestazioni, lucernari, nastri di facciata, vetrate per atri, torri residenziali, involucri per uffici, ristrutturazioni in climi freddi, facciate di showroom.<\/p>\n<p data-start=\"1505\" data-end=\"1796\">Fornitura e assistenza<br data-start=\"1521\" data-end=\"1524\" \/>Sono disponibili programmi di fornitura di grandi quantit\u00e0 con pianificazione di tempi rapidi per consegne graduali. Il controllo qualit\u00e0 interno con tracciabilit\u00e0 della qualit\u00e0 supporta la sigillatura e l'imballaggio coerenti, con imballaggi per l'esportazione e imballaggi in casse per la protezione del trasporto. La conformit\u00e0 agli standard \u00e8 disponibile su richiesta.<\/p>","protected":false},"excerpt":{"rendered":"<p>Il triplo vetro isolante Low-E \u00e8 un miglioramento energetico per gli involucri pi\u00f9 esigenti, che combina tre vetri per migliorare il comfort e ridurre il trasferimento di calore. Fornito su ordinazione per finestre e facciate continue ad alte prestazioni, dove la stabilit\u00e0 della temperatura interna e la resistenza alla condensa sono importanti.<\/p>","protected":false},"featured_media":717,"template":"","meta":{"_gspb_post_css":""},"product_brand":[],"product_cat":[26],"product_tag":[66,232,64,264,271,267,270,266,269,265,268],"class_list":{"0":"post-716","1":"product","2":"type-product","3":"status-publish","4":"has-post-thumbnail","6":"product_cat-low-e-insulating-glass","7":"product_tag-bulk-supply","8":"product_tag-curtain-wall-igu","9":"product_tag-custom-size","10":"product_tag-energy-upgrade-useful-triple-glazed-low-e-insulating-glass","11":"product_tag-high-performance-windows","12":"product_tag-insulated-glass-unit-igu","13":"product_tag-laminated-glass-make-up","14":"product_tag-low-e-insulating-glass","15":"product_tag-tempered-glass-make-up","16":"product_tag-triple-glazed-igu","17":"product_tag-warm-edge-spacer-option","19":"first","20":"instock","21":"shipping-taxable","22":"purchasable","23":"product-type-simple"},"_links":{"self":[{"href":"https:\/\/theinsulatedglass.com\/it\/wp-json\/wp\/v2\/product\/716","targetHints":{"allow":["GET"]}}],"collection":[{"href":"https:\/\/theinsulatedglass.com\/it\/wp-json\/wp\/v2\/product"}],"about":[{"href":"https:\/\/theinsulatedglass.com\/it\/wp-json\/wp\/v2\/types\/product"}],"wp:featuredmedia":[{"embeddable":true,"href":"https:\/\/theinsulatedglass.com\/it\/wp-json\/wp\/v2\/media\/717"}],"wp:attachment":[{"href":"https:\/\/theinsulatedglass.com\/it\/wp-json\/wp\/v2\/media?parent=716"}],"wp:term":[{"taxonomy":"product_brand","embeddable":true,"href":"https:\/\/theinsulatedglass.com\/it\/wp-json\/wp\/v2\/product_brand?post=716"},{"taxonomy":"product_cat","embeddable":true,"href":"https:\/\/theinsulatedglass.com\/it\/wp-json\/wp\/v2\/product_cat?post=716"},{"taxonomy":"product_tag","embeddable":true,"href":"https:\/\/theinsulatedglass.com\/it\/wp-json\/wp\/v2\/product_tag?post=716"}],"curies":[{"name":"wp","href":"https:\/\/api.w.org\/{rel}","templated":true}]}}