{"id":745,"date":"2026-01-28T06:19:43","date_gmt":"2026-01-28T06:19:43","guid":{"rendered":"https:\/\/theinsulatedglass.com\/?post_type=product&#038;p=745"},"modified":"2026-01-28T06:19:43","modified_gmt":"2026-01-28T06:19:43","slug":"frosted-shower-glass-panels-for-privacy-use","status":"publish","type":"product","link":"https:\/\/theinsulatedglass.com\/it\/frosted-shower-glass-panels-for-privacy-use\/","title":{"rendered":"Pannelli di vetro smerigliato per doccia per uso di privacy"},"content":{"rendered":"<p data-start=\"56\" data-end=\"355\">Panoramica<br data-start=\"64\" data-end=\"67\" \/>Dalle tacche per le cerniere ai bordi perfettamente allineati, i pannelli doccia satinati richiedono una lavorazione accurata per avere un aspetto corretto e installarsi senza problemi. La nostra produzione si concentra su una lavorazione pulita dei bordi, su una smerigliatura controllata e su una lavorazione ripetibile, in modo che ogni pannello si adatti alle tolleranze della ferramenta e del cantiere con una minore quantit\u00e0 di rilavorazioni.<\/p>\n<p data-start=\"359\" data-end=\"747\">Caratteristiche principali<br data-start=\"371\" data-end=\"374\" \/>- Preservare la privacy con una superficie satinata uniforme che diffonde la luce<br data-start=\"441\" data-end=\"444\" \/>- Manipolazione sicura e senza intoppi grazie a un'accurata smerigliatura e lucidatura<br data-start=\"514\" data-end=\"517\" \/>- Accetta fori e ritagli precisi per morsetti, cerniere, maniglie e canali<br data-start=\"593\" data-end=\"596\" \/>- Riduce al minimo le impronte digitali visibili e le macchie d'acqua rispetto al vetro trasparente<br data-start=\"669\" data-end=\"672\" \/>- Mantenere un aspetto coerente tra i set e le sostituzioni di pi\u00f9 pannelli<\/p>\n<p data-start=\"751\" data-end=\"1178\">Opzioni e personalizzazione<br data-start=\"774\" data-end=\"777\" \/>- Dimensioni e forme su misura, compresi i raggi e gli intagli degli angoli<br data-start=\"845\" data-end=\"848\" \/>- Possibilit\u00e0 di smerigliatura (effetto acidato o sabbiato), su un solo lato o su due lati<br data-start=\"931\" data-end=\"934\" \/>- Scelte di costruzione del vetro, come configurazioni temperate o stratificate, su richiesta.<br data-start=\"1011\" data-end=\"1014\" \/>- Finiture dei bordi: lucidatura piana, matita o profili decorativi a seconda delle esigenze.<br data-start=\"1093\" data-end=\"1096\" \/>- Dettagli dell'interfaccia hardware supportati da specifiche di progetto e revisione dei disegni d'officina.<\/p>\n<p data-start=\"1182\" data-end=\"1411\">Applicazioni tipiche<br data-start=\"1202\" data-end=\"1205\" \/>Cabine doccia senza telaio, schermi doccia fissi, porte per doccia, pannelli divisori per vasche da bagno, divisori per bagni d'albergo, cabine doccia per spa, divisori per spogliatoi, bagni padronali residenziali, aree doccia accessibili.<\/p>\n<p data-start=\"1415\" data-end=\"1710\">Fornitura e assistenza<br data-start=\"1431\" data-end=\"1434\" \/>\u00c8 disponibile una produzione in serie diretta dalla fabbrica con una pianificazione stabile dei tempi di consegna per i progetti. Il controllo qualit\u00e0 interno e la tracciabilit\u00e0 della qualit\u00e0 supportano lotti coerenti, con imballaggio per l'esportazione e imballaggio in casse per le spedizioni a lunga distanza. La conformit\u00e0 agli standard \u00e8 disponibile su richiesta.<\/p>","protected":false},"excerpt":{"rendered":"<p>Progettati per una lavorazione precisa, questi pannelli di vetro smerigliato per doccia offrono una privacy affidabile, pur trasmettendo una luce morbida. Vengono comunemente utilizzati come schermi per docce walk-in nei bagni residenziali e nei progetti di ospitalit\u00e0, dove sono importanti i bordi puliti e i ritagli precisi per la ferramenta.<\/p>","protected":false},"featured_media":768,"template":"","meta":{"_gspb_post_css":""},"product_brand":[],"product_cat":[37],"product_tag":[301,305,66,295,64,97,299,300,306,302,303,304],"class_list":{"0":"post-745","1":"product","2":"type-product","3":"status-publish","4":"has-post-thumbnail","6":"product_cat-patterned-glass","7":"product_tag-acid-etched-shower-glass","8":"product_tag-bathroom-partition","9":"product_tag-bulk-supply","10":"product_tag-cnc-cutouts","11":"product_tag-custom-size","12":"product_tag-factory-direct","13":"product_tag-frosted-shower-glass-panels-for-privacy-use","14":"product_tag-frosted-tempered-glass","15":"product_tag-hotel-bathroom-glass","16":"product_tag-polished-edge-glass-panels","17":"product_tag-shower-enclosure","18":"product_tag-walk-in-shower-screen","20":"first","21":"instock","22":"shipping-taxable","23":"purchasable","24":"product-type-simple"},"_links":{"self":[{"href":"https:\/\/theinsulatedglass.com\/it\/wp-json\/wp\/v2\/product\/745","targetHints":{"allow":["GET"]}}],"collection":[{"href":"https:\/\/theinsulatedglass.com\/it\/wp-json\/wp\/v2\/product"}],"about":[{"href":"https:\/\/theinsulatedglass.com\/it\/wp-json\/wp\/v2\/types\/product"}],"wp:featuredmedia":[{"embeddable":true,"href":"https:\/\/theinsulatedglass.com\/it\/wp-json\/wp\/v2\/media\/768"}],"wp:attachment":[{"href":"https:\/\/theinsulatedglass.com\/it\/wp-json\/wp\/v2\/media?parent=745"}],"wp:term":[{"taxonomy":"product_brand","embeddable":true,"href":"https:\/\/theinsulatedglass.com\/it\/wp-json\/wp\/v2\/product_brand?post=745"},{"taxonomy":"product_cat","embeddable":true,"href":"https:\/\/theinsulatedglass.com\/it\/wp-json\/wp\/v2\/product_cat?post=745"},{"taxonomy":"product_tag","embeddable":true,"href":"https:\/\/theinsulatedglass.com\/it\/wp-json\/wp\/v2\/product_tag?post=745"}],"curies":[{"name":"wp","href":"https:\/\/api.w.org\/{rel}","templated":true}]}}