{"id":785,"date":"2026-01-28T06:43:32","date_gmt":"2026-01-28T06:43:32","guid":{"rendered":"https:\/\/theinsulatedglass.com\/?post_type=product&#038;p=785"},"modified":"2026-01-28T06:43:32","modified_gmt":"2026-01-28T06:43:32","slug":"custom-size-bulk-supply-laminated-smart-glass","status":"publish","type":"product","link":"https:\/\/theinsulatedglass.com\/it\/custom-size-bulk-supply-laminated-smart-glass\/","title":{"rendered":"Vetro intelligente laminato del rifornimento in serie di dimensioni personalizzate"},"content":{"rendered":"<p data-start=\"58\" data-end=\"453\">Panoramica<br data-start=\"66\" data-end=\"69\" \/>Quando una facciata o un interno necessitano di privacy senza sacrificare un aspetto pulito e moderno, il vetro intelligente stratificato offre una soluzione elegante. Uno strato commutabile \u00e8 stratificato all'interno della struttura del vetro, consentendo agli spazi di passare dalla trasparenza aperta all'oscurit\u00e0 controllata in base alle esigenze operative. Il risultato supporta l'intento progettuale mantenendo una struttura stratificata orientata alla sicurezza.<\/p>\n<p data-start=\"457\" data-end=\"471\">Caratteristiche principali<\/p>\n<p data-start=\"474\" data-end=\"555\">Passaggio dall'apertura visiva alla privacy con un interstrato commutabile integrato<\/p>\n<p data-start=\"558\" data-end=\"626\">Mantiene un aspetto raffinato e uniforme, adatto a finiture di pregio.<\/p>\n<p data-start=\"629\" data-end=\"689\">Migliora le prestazioni di sicurezza grazie alla struttura laminata<\/p>\n<p data-start=\"692\" data-end=\"759\">Riduce il disturbo consentendo la privacy senza tende o tapparelle.<\/p>\n<p data-start=\"762\" data-end=\"848\">Supporta un'installazione uniforme con qualit\u00e0 controllata dei bordi e stabilit\u00e0 di movimentazione<\/p>\n<p data-start=\"852\" data-end=\"877\">Opzioni e personalizzazione<\/p>\n<p data-start=\"880\" data-end=\"935\">Dimensioni personalizzate e forme su ordinazione in base alle specifiche del progetto<\/p>\n<p data-start=\"938\" data-end=\"1013\">Uscita di cablaggio, posizione dei connettori e dettagli di instradamento sono disponibili su richiesta.<\/p>\n<p data-start=\"1016\" data-end=\"1094\">I dettagli dei bordi e degli angoli sono disponibili su richiesta per i progetti con vetro a vista.<\/p>\n<p data-start=\"1097\" data-end=\"1172\">Opzioni di integrazione IGU disponibili su richiesta per i sistemi di vetrate esterne<\/p>\n<p data-start=\"1175\" data-end=\"1255\">Servizio OEM\/ODM disponibile per il branding, l'etichettatura e i formati specifici del progetto<\/p>\n<p data-start=\"1258\" data-end=\"1329\">Supporto ai disegni e coordinamento dei disegni d'officina disponibili per le approvazioni<\/p>\n<p data-start=\"1333\" data-end=\"1558\">Applicazioni tipiche<br data-start=\"1353\" data-end=\"1356\" \/>Pareti divisorie per uffici, facciate di sale riunioni, vetrate per suite dirigenziali, pannelli per la privacy nei bagni degli hotel, sale di consultazione per il settore sanitario, finestre di visualizzazione per sale di controllo, vetrine per la vendita al dettaglio, schermi per le hall degli ascensori.<\/p>\n<p data-start=\"1562\" data-end=\"1887\">Fornitura e assistenza<br data-start=\"1578\" data-end=\"1581\" \/>La produzione diretta di volumi in fabbrica \u00e8 disponibile per la pianificazione di forniture di massa con tempi di consegna rapidi e chiare tappe di programmazione. Il controllo qualit\u00e0 interno e la tracciabilit\u00e0 della qualit\u00e0 supportano una consegna coerente del progetto, con imballaggi per l'esportazione e imballaggi in casse disponibili per la spedizione. La conformit\u00e0 agli standard \u00e8 disponibile su richiesta.<\/p>","protected":false},"excerpt":{"rendered":"<p>Il vetro stratificato intelligente combina la privacy commutabile con un aspetto architettonico pulito, in formati su misura. \u00c8 ampiamente utilizzato per le pareti divisorie degli uffici e per le vetrate delle sale riunioni, dove sono richiesti un controllo flessibile della visibilit\u00e0 e un'alimentazione affidabile.<\/p>","protected":false},"featured_media":814,"template":"","meta":{"_gspb_post_css":""},"product_brand":[],"product_cat":[39],"product_tag":[66,64,338,342,339,344,86,343,341,345,340,61],"class_list":{"0":"post-785","1":"product","2":"type-product","3":"status-publish","4":"has-post-thumbnail","6":"product_cat-smart-glass-pdlc-glass","7":"product_tag-bulk-supply","8":"product_tag-custom-size","9":"product_tag-custom-size-bulk-supply-laminated-smart-glass","10":"product_tag-igu-ready-build","11":"product_tag-laminated-smart-glass","12":"product_tag-meeting-room-glass","13":"product_tag-oem-odm-service","14":"product_tag-office-partition","15":"product_tag-pdlc-smart-film","16":"product_tag-privacy-window-glazing","17":"product_tag-switchable-privacy-glass","18":"product_tag-tempered-glass-option","20":"first","21":"instock","22":"shipping-taxable","23":"purchasable","24":"product-type-simple"},"_links":{"self":[{"href":"https:\/\/theinsulatedglass.com\/it\/wp-json\/wp\/v2\/product\/785","targetHints":{"allow":["GET"]}}],"collection":[{"href":"https:\/\/theinsulatedglass.com\/it\/wp-json\/wp\/v2\/product"}],"about":[{"href":"https:\/\/theinsulatedglass.com\/it\/wp-json\/wp\/v2\/types\/product"}],"wp:featuredmedia":[{"embeddable":true,"href":"https:\/\/theinsulatedglass.com\/it\/wp-json\/wp\/v2\/media\/814"}],"wp:attachment":[{"href":"https:\/\/theinsulatedglass.com\/it\/wp-json\/wp\/v2\/media?parent=785"}],"wp:term":[{"taxonomy":"product_brand","embeddable":true,"href":"https:\/\/theinsulatedglass.com\/it\/wp-json\/wp\/v2\/product_brand?post=785"},{"taxonomy":"product_cat","embeddable":true,"href":"https:\/\/theinsulatedglass.com\/it\/wp-json\/wp\/v2\/product_cat?post=785"},{"taxonomy":"product_tag","embeddable":true,"href":"https:\/\/theinsulatedglass.com\/it\/wp-json\/wp\/v2\/product_tag?post=785"}],"curies":[{"name":"wp","href":"https:\/\/api.w.org\/{rel}","templated":true}]}}