{"id":891,"date":"2026-01-28T07:59:13","date_gmt":"2026-01-28T07:59:13","guid":{"rendered":"https:\/\/theinsulatedglass.com\/?post_type=product&#038;p=891"},"modified":"2026-01-28T07:59:13","modified_gmt":"2026-01-28T07:59:13","slug":"bulk-laminated-security-window-and-door-glass","status":"publish","type":"product","link":"https:\/\/theinsulatedglass.com\/it\/bulk-laminated-security-window-and-door-glass\/","title":{"rendered":"Vetro di porte e finestre di sicurezza laminato alla rinfusa"},"content":{"rendered":"<p data-start=\"58\" data-end=\"392\">Panoramica<br data-start=\"66\" data-end=\"69\" \/>Per le aperture vetrate che devono avere un aspetto pulito e al tempo stesso aggiungere un livello di sicurezza, il vetro stratificato offre una soluzione equilibrata. L'intercalare aiuta a trattenere i frammenti dopo la rottura, favorendo una manipolazione pi\u00f9 sicura e mantenendo la coerenza visiva dell'ingresso o del prospetto. La fornitura diretta in fabbrica \u00e8 prevista per i programmi di finestre e porte ripetuti.<\/p>\n<p data-start=\"396\" data-end=\"780\">Caratteristiche principali<br data-start=\"408\" data-end=\"411\" \/>- Mantenere un aspetto chiaro e a bassa distorsione per le aperture di rilievo<br data-start=\"479\" data-end=\"482\" \/>- Legare i frammenti tra loro dopo l'impatto per ridurre la ricaduta (a seconda del progetto)<br data-start=\"557\" data-end=\"560\" \/>- Supporto di un servizio duraturo con laminazione controllata e finitura dei bordi<br data-start=\"631\" data-end=\"634\" \/>- Coordinare l'uniformit\u00e0 visiva tra i lotti di progetti multifase.<br data-start=\"704\" data-end=\"707\" \/>- Documentare i lotti di produzione attraverso il controllo qualit\u00e0 interno e la tracciabilit\u00e0 della qualit\u00e0<\/p>\n<p data-start=\"784\" data-end=\"1209\">Opzioni e personalizzazione<br data-start=\"807\" data-end=\"810\" \/>- Taglio di dimensioni personalizzate e forme su ordinazione per lista di taglio<br data-start=\"869\" data-end=\"872\" \/>- Selezioni di vetri trasparenti, a basso contenuto di ferro o colorati per l'abbinamento dei colori<br data-start=\"936\" data-end=\"939\" \/>- I make-up in laminato temperato sono disponibili su richiesta per le esigenze di impatto pi\u00f9 elevate.<br data-start=\"1013\" data-end=\"1016\" \/>- Foratura e intagli per cerniere, serrature e set di maniglie secondo i disegni.<br data-start=\"1091\" data-end=\"1094\" \/>- Servizio OEM\/ODM per loghi, codici identificativi dei pezzi e imballaggi a marchio privato<br data-start=\"1160\" data-end=\"1163\" \/>- La conformit\u00e0 agli standard \u00e8 disponibile su richiesta.<\/p>\n<p data-start=\"1213\" data-end=\"1400\">Applicazioni tipiche<br data-start=\"1233\" data-end=\"1236\" \/>Porte d'ingresso per negozi, sidelites per porte, finestre commerciali, porte d'ingresso residenziali, porte per patio, porte per balconi, vetri di sicurezza al piano terra, finestre per corridoi.<\/p>\n<p data-start=\"1404\" data-end=\"1720\">Fornitura e assistenza<br data-start=\"1420\" data-end=\"1423\" \/>La produzione in serie supporta la fornitura di grandi quantit\u00e0 con una pianificazione stabile dei tempi di consegna per i lotti di installazione. Sono disponibili imballaggi in casse e imballaggi per l'esportazione e il supporto per i disegni pu\u00f2 allineare i ritagli di hardware e i punti di ispezione. Ogni ordine segue controlli documentati e pu\u00f2 includere file di conformit\u00e0 su richiesta.<\/p>","protected":false},"excerpt":{"rendered":"<p>Il vetro di sicurezza stratificato per finestre e porte mantiene la trasparenza visiva della lastra e aiuta a tenere insieme i frammenti dopo la rottura. Fornito in grandi quantit\u00e0 con produzione diretta in fabbrica, \u00e8 ampiamente utilizzato per gli ingressi dei negozi e per le porte residenziali al piano terra.<\/p>","protected":false},"featured_media":896,"template":"","meta":{"_gspb_post_css":""},"product_brand":[],"product_cat":[42],"product_tag":[440,66,64,444,445,97,274,86,441,277,442,443],"class_list":{"0":"post-891","1":"product","2":"type-product","3":"status-publish","4":"has-post-thumbnail","6":"product_cat-door-window-glass","7":"product_tag-bulk-laminated-security-window-and-door-glass","8":"product_tag-bulk-supply","9":"product_tag-custom-size","10":"product_tag-door-glass","11":"product_tag-entry-door-sidelite","12":"product_tag-factory-direct","13":"product_tag-laminated-security-glass","14":"product_tag-oem-odm-service","15":"product_tag-pvb-interlayer-glass","16":"product_tag-storefront-glazing","17":"product_tag-tempered-laminated-option","18":"product_tag-window-glass","20":"first","21":"instock","22":"shipping-taxable","23":"purchasable","24":"product-type-simple"},"_links":{"self":[{"href":"https:\/\/theinsulatedglass.com\/it\/wp-json\/wp\/v2\/product\/891","targetHints":{"allow":["GET"]}}],"collection":[{"href":"https:\/\/theinsulatedglass.com\/it\/wp-json\/wp\/v2\/product"}],"about":[{"href":"https:\/\/theinsulatedglass.com\/it\/wp-json\/wp\/v2\/types\/product"}],"wp:featuredmedia":[{"embeddable":true,"href":"https:\/\/theinsulatedglass.com\/it\/wp-json\/wp\/v2\/media\/896"}],"wp:attachment":[{"href":"https:\/\/theinsulatedglass.com\/it\/wp-json\/wp\/v2\/media?parent=891"}],"wp:term":[{"taxonomy":"product_brand","embeddable":true,"href":"https:\/\/theinsulatedglass.com\/it\/wp-json\/wp\/v2\/product_brand?post=891"},{"taxonomy":"product_cat","embeddable":true,"href":"https:\/\/theinsulatedglass.com\/it\/wp-json\/wp\/v2\/product_cat?post=891"},{"taxonomy":"product_tag","embeddable":true,"href":"https:\/\/theinsulatedglass.com\/it\/wp-json\/wp\/v2\/product_tag?post=891"}],"curies":[{"name":"wp","href":"https:\/\/api.w.org\/{rel}","templated":true}]}}