{"id":924,"date":"2026-01-28T08:24:22","date_gmt":"2026-01-28T08:24:22","guid":{"rendered":"https:\/\/theinsulatedglass.com\/?post_type=product&#038;p=924"},"modified":"2026-01-28T08:24:22","modified_gmt":"2026-01-28T08:24:22","slug":"custom-build-back-paint-option-spandrel-frit-glass","status":"publish","type":"product","link":"https:\/\/theinsulatedglass.com\/it\/custom-build-back-paint-option-spandrel-frit-glass\/","title":{"rendered":"Opzione di verniciatura posteriore personalizzata Spandrel Frit Glass"},"content":{"rendered":"<p data-start=\"63\" data-end=\"456\">Panoramica<br data-start=\"71\" data-end=\"74\" \/>Punti di abbagliamento e sfondi irregolari possono compromettere una facciata continua altrimenti pulita. L'opzione di retroverniciatura personalizzata Spandrel Frit Glass \u00e8 progettata per mantenere visivamente tranquille le zone spandrel, combinando una superficie fritta con uno strato retroverniciato opzionale per mascherare gli elementi strutturali. Il risultato favorisce il comfort degli occupanti in prossimit\u00e0 dei bordi delle lastre, mantenendo una lettura esterna coerente.<\/p>\n<p data-start=\"460\" data-end=\"474\">Caratteristiche principali<\/p>\n<p data-start=\"477\" data-end=\"549\">Maschera le linee del pavimento, gli ancoraggi e l'isolamento per ottenere una fascia uniforme.<\/p>\n<p data-start=\"552\" data-end=\"613\">Ammorbidisce la luminosit\u00e0 riflessa con una superficie di fritta controllata<\/p>\n<p data-start=\"616\" data-end=\"675\">Mantiene stabile l'aspetto del colore tra moduli adiacenti<\/p>\n<p data-start=\"678\" data-end=\"764\">Supporta costruzioni pi\u00f9 sicure con configurazioni temperate o laminate disponibili su richiesta<\/p>\n<p data-start=\"767\" data-end=\"839\">Migliora la coerenza visiva a lungo termine con modelli di fritte cotte di lunga durata<\/p>\n<p data-start=\"843\" data-end=\"868\">Opzioni e personalizzazione<\/p>\n<p data-start=\"871\" data-end=\"924\">Dimensioni e forme tagliate su ordinazione in base alle specifiche del progetto<\/p>\n<p data-start=\"927\" data-end=\"993\">Il colore della vernice posteriore e il livello di opacit\u00e0 sono disponibili su richiesta.<\/p>\n<p data-start=\"996\" data-end=\"1063\">Modello di fritta, area di copertura e orientamento disponibili su richiesta<\/p>\n<p data-start=\"1066\" data-end=\"1152\">Bordi, fori e dettagli di intaglio\/CNC sono disponibili su richiesta per ancoraggi e staffe.<\/p>\n<p data-start=\"1155\" data-end=\"1223\">Su richiesta sono disponibili le lamelle esterne pronte per l'IGU per gli assemblaggi spandrel.<\/p>\n<p data-start=\"1226\" data-end=\"1293\">Supporto per disegni e schemi d'officina disponibile per i flussi di lavoro di approvazione<\/p>\n<p data-start=\"1297\" data-end=\"1525\">Applicazioni tipiche<br data-start=\"1317\" data-end=\"1320\" \/>Pannelli di tamponamento, cassette di facciata unificate, fasce di tamponamento delle finestre, vetrate di tamponamento del podio, vetri di schermatura dei parapetti, zone di copertura dei pilastri, occultamento dei piani meccanici, spandili del nucleo delle scale.<\/p>\n<p data-start=\"1529\" data-end=\"1820\">Fornitura e assistenza<br data-start=\"1545\" data-end=\"1548\" \/>La produzione in serie \u00e8 organizzata in base a tempi di consegna stabili, con un controllo qualit\u00e0 interno e una tracciabilit\u00e0 della qualit\u00e0 mantenuta dai registri dei lotti. Sono disponibili imballaggi per l'esportazione e imballaggi in casse per facilitare lo scarico in loco e il trasporto su lunghe distanze. La conformit\u00e0 agli standard \u00e8 disponibile su richiesta.<\/p>","protected":false},"excerpt":{"rendered":"<p>Progettato per facciate visivamente tranquille, questo vetro spandrel in fritta offre un'opzione di retroverniciatura per creare un'opacit\u00e0 uniforme e attenuare i riflessi dell'abbagliamento. Fornito in base alle specifiche del progetto e in formati su ordinazione, viene comunemente utilizzato nei pannelli di tamponamento per nascondere lastre e isolamento.<\/p>","protected":false},"featured_media":945,"template":"","meta":{"_gspb_post_css":""},"product_brand":[],"product_cat":[38],"product_tag":[448,449,451,446,450,127,366,447,453,126,452],"class_list":{"0":"post-924","1":"product","2":"type-product","3":"status-publish","4":"has-post-thumbnail","6":"product_cat-silk-screen-printed-ceramic-frit-glass","7":"product_tag-back-painted-spandrel-glass","8":"product_tag-ceramic-fritted-glass","9":"product_tag-curtain-wall-spandrel-panels","10":"product_tag-custom-build-back-paint-option-spandrel-frit-glass","11":"product_tag-igu-ready-spandrel-lite","12":"product_tag-laminated-option","13":"product_tag-made-to-order","14":"product_tag-spandrel-frit-glass","15":"product_tag-stable-lead-time","16":"product_tag-tempered-option","17":"product_tag-unitized-facade-cassettes","19":"first","20":"instock","21":"shipping-taxable","22":"purchasable","23":"product-type-simple"},"_links":{"self":[{"href":"https:\/\/theinsulatedglass.com\/it\/wp-json\/wp\/v2\/product\/924","targetHints":{"allow":["GET"]}}],"collection":[{"href":"https:\/\/theinsulatedglass.com\/it\/wp-json\/wp\/v2\/product"}],"about":[{"href":"https:\/\/theinsulatedglass.com\/it\/wp-json\/wp\/v2\/types\/product"}],"wp:featuredmedia":[{"embeddable":true,"href":"https:\/\/theinsulatedglass.com\/it\/wp-json\/wp\/v2\/media\/945"}],"wp:attachment":[{"href":"https:\/\/theinsulatedglass.com\/it\/wp-json\/wp\/v2\/media?parent=924"}],"wp:term":[{"taxonomy":"product_brand","embeddable":true,"href":"https:\/\/theinsulatedglass.com\/it\/wp-json\/wp\/v2\/product_brand?post=924"},{"taxonomy":"product_cat","embeddable":true,"href":"https:\/\/theinsulatedglass.com\/it\/wp-json\/wp\/v2\/product_cat?post=924"},{"taxonomy":"product_tag","embeddable":true,"href":"https:\/\/theinsulatedglass.com\/it\/wp-json\/wp\/v2\/product_tag?post=924"}],"curies":[{"name":"wp","href":"https:\/\/api.w.org\/{rel}","templated":true}]}}