{"id":951,"date":"2026-01-28T09:02:54","date_gmt":"2026-01-28T09:02:54","guid":{"rendered":"https:\/\/theinsulatedglass.com\/?post_type=product&#038;p=951"},"modified":"2026-01-28T09:02:54","modified_gmt":"2026-01-28T09:02:54","slug":"project-spec-wholesale-smart-glass-for-partitions","status":"publish","type":"product","link":"https:\/\/theinsulatedglass.com\/it\/project-spec-wholesale-smart-glass-for-partitions\/","title":{"rendered":"Specifica di progetto Vetro intelligente all'ingrosso per pareti divisorie"},"content":{"rendered":"<p data-start=\"61\" data-end=\"406\">Panoramica<br data-start=\"69\" data-end=\"72\" \/>Invece di aggiungere tende o pellicole dopo l'installazione, il vetro intelligente pu\u00f2 rendere la gestione della privacy e della luce parte della parete divisoria stessa. Project Spec WholesaleSmart Glass for Partitions viene fornito sotto forma di pannelli commutabili che aiutano a mantenere gli interni luminosi e a garantire la privacy quando necessario, favorendo la creazione di aree di lavoro e per gli ospiti pi\u00f9 confortevoli.<\/p>\n<p data-start=\"410\" data-end=\"424\">Caratteristiche principali<\/p>\n<p data-start=\"427\" data-end=\"490\">Passare dallo stato libero a quello privato per un utilizzo flessibile della stanza<\/p>\n<p data-start=\"493\" data-end=\"562\">Mantenere un look pulito e senza cornice con un aspetto ottico coerente<\/p>\n<p data-start=\"565\" data-end=\"629\">Riducete l'ingombro sostituendo tende, tendine o pellicole applicate.<\/p>\n<p data-start=\"632\" data-end=\"703\">Si integrano in modo sicuro come vetro di sicurezza stratificato per le linee di vetrate interne<\/p>\n<p data-start=\"706\" data-end=\"779\">Supporto per un'installazione ordinata grazie alla ripetibilit\u00e0 delle posizioni dei bordi e degli intagli<\/p>\n<p data-start=\"783\" data-end=\"808\">Opzioni e personalizzazione<\/p>\n<p data-start=\"783\" data-end=\"808\">Dimensioni personalizzate \/ Pannelli su ordinazione da abbinare alle griglie divisorie e alle sidelites delle porte<\/p>\n<p data-start=\"894\" data-end=\"977\">Costruzioni laminate con intercalari intelligenti, forniti secondo le esigenze del sistema<\/p>\n<p data-start=\"980\" data-end=\"1053\">I substrati temperati sono disponibili su richiesta per una maggiore resistenza alla manipolazione<\/p>\n<p data-start=\"1056\" data-end=\"1129\">Ubicazione dell'uscita di cablaggio e interfaccia di controllo coordinata tramite Shop Drawing<\/p>\n<p data-start=\"1132\" data-end=\"1203\">Servizio OEM\/ODM per l'etichettatura privata, i manuali e la marcatura degli imballaggi<\/p>\n<p data-start=\"1207\" data-end=\"1461\">Applicazioni tipiche<br data-start=\"1227\" data-end=\"1230\" \/>Pareti divisorie per sale riunioni, pareti in vetro per sale conferenze, facciate di uffici direzionali, schermi per la privacy di hall di hotel, sale per consultazioni sanitarie, pareti divisorie per cliniche, divisori per negozi, fondali per banchi reception<\/p>\n<p data-start=\"1465\" data-end=\"1788\">Fornitura e assistenza<br data-start=\"1481\" data-end=\"1484\" \/>Sono disponibili programmi di produzione in serie e di fornitura in blocco, con pianificazione dei tempi di consegna stabili per l'installazione su pi\u00f9 piani. Il controllo qualit\u00e0 interno e la tracciabilit\u00e0 della qualit\u00e0 sono applicati al dosaggio e all'identificazione dei pannelli, mentre l'imballaggio per l'esportazione \/ l'imballaggio in casse favorisce un trasporto pi\u00f9 sicuro. La conformit\u00e0 agli standard \u00e8 disponibile su richiesta.<\/p>","protected":false},"excerpt":{"rendered":"<p>Pannelli di vetro intelligenti commutabili costruiti in base alle specifiche del progetto, che offrono privacy su richiesta senza sacrificare la luce del giorno. Forniti in formati su misura con supporto di volumi diretti in fabbrica, per pareti divisorie di uffici e sale riunioni in cui contano linee pulite e facilit\u00e0 di manutenzione.<\/p>","protected":false},"featured_media":961,"template":"","meta":{"_gspb_post_css":""},"product_brand":[],"product_cat":[39],"product_tag":[66,64,508,507,504,506,86,136,505,503,196,61],"class_list":{"0":"post-951","1":"product","2":"type-product","3":"status-publish","4":"has-post-thumbnail","6":"product_cat-smart-glass-pdlc-glass","7":"product_tag-bulk-supply","8":"product_tag-custom-size","9":"product_tag-healthcare-consultation-partition","10":"product_tag-hotel-privacy-partition","11":"product_tag-laminated-smart-glass-panels","12":"product_tag-meeting-room-glass-wall","13":"product_tag-oem-odm-service","14":"product_tag-office-partition-glass","15":"product_tag-privacy-glass-interlayer","16":"product_tag-project-spec-wholesalesmart-glass-for-partitions","17":"product_tag-switchable-smart-glass","18":"product_tag-tempered-glass-option","20":"first","21":"instock","22":"shipping-taxable","23":"purchasable","24":"product-type-simple"},"_links":{"self":[{"href":"https:\/\/theinsulatedglass.com\/it\/wp-json\/wp\/v2\/product\/951","targetHints":{"allow":["GET"]}}],"collection":[{"href":"https:\/\/theinsulatedglass.com\/it\/wp-json\/wp\/v2\/product"}],"about":[{"href":"https:\/\/theinsulatedglass.com\/it\/wp-json\/wp\/v2\/types\/product"}],"wp:featuredmedia":[{"embeddable":true,"href":"https:\/\/theinsulatedglass.com\/it\/wp-json\/wp\/v2\/media\/961"}],"wp:attachment":[{"href":"https:\/\/theinsulatedglass.com\/it\/wp-json\/wp\/v2\/media?parent=951"}],"wp:term":[{"taxonomy":"product_brand","embeddable":true,"href":"https:\/\/theinsulatedglass.com\/it\/wp-json\/wp\/v2\/product_brand?post=951"},{"taxonomy":"product_cat","embeddable":true,"href":"https:\/\/theinsulatedglass.com\/it\/wp-json\/wp\/v2\/product_cat?post=951"},{"taxonomy":"product_tag","embeddable":true,"href":"https:\/\/theinsulatedglass.com\/it\/wp-json\/wp\/v2\/product_tag?post=951"}],"curies":[{"name":"wp","href":"https:\/\/api.w.org\/{rel}","templated":true}]}}