{"id":952,"date":"2026-01-28T09:02:51","date_gmt":"2026-01-28T09:02:51","guid":{"rendered":"https:\/\/theinsulatedglass.com\/?post_type=product&#038;p=952"},"modified":"2026-01-28T09:02:51","modified_gmt":"2026-01-28T09:02:51","slug":"bulk-supply-appliance-shelf-tempered-glass","status":"publish","type":"product","link":"https:\/\/theinsulatedglass.com\/it\/bulk-supply-appliance-shelf-tempered-glass\/","title":{"rendered":"Scaffale per elettrodomestici in vetro temperato Bulk Supply"},"content":{"rendered":"<p data-start=\"58\" data-end=\"379\">Panoramica<br data-start=\"66\" data-end=\"69\" \/>All'interno di un frigorifero, il ripiano \u00e8 sia una superficie di carico che una finestra di presentazione. Il vetro temperato del ripiano del frigorifero di Bulk Supply \u00e8 prodotto per mantenere la chiarezza, la finitura dei bordi e le prestazioni di sicurezza costanti in tutti i modelli di elettrodomestici, rimanendo facile da pulire e resistente agli sbalzi di temperatura di routine.<\/p>\n<p data-start=\"383\" data-end=\"397\">Caratteristiche principali<\/p>\n<p data-start=\"400\" data-end=\"477\">Migliorano l'aspetto degli interni con una superficie pulita e luminosa e un'ottica stabile.<\/p>\n<p data-start=\"480\" data-end=\"564\">Rafforzare il ripiano attraverso il rinvenimento per migliorare la resistenza agli urti e al calore.<\/p>\n<p data-start=\"567\" data-end=\"644\">Riducete il rischio di manipolazione grazie al modello di rottura pi\u00f9 sicuro tipico del vetro temperato.<\/p>\n<p data-start=\"647\" data-end=\"721\">Migliorate l'esperienza dell'utente con bordi lisci progettati per un contatto frequente.<\/p>\n<p data-start=\"724\" data-end=\"800\">Mantenere la ripetibilit\u00e0 utilizzando il controllo qualit\u00e0 interno con la tracciabilit\u00e0 della qualit\u00e0 per lotto.<\/p>\n<p data-start=\"804\" data-end=\"829\">Opzioni e personalizzazione<\/p>\n<p data-start=\"832\" data-end=\"911\">Dimensioni e ritagli su misura in base ai disegni; supporto al disegno disponibile.<\/p>\n<p data-start=\"914\" data-end=\"988\">Opzioni di lavorazione dei bordi, come bordi arruffati, aggraffati o lucidati, a seconda delle esigenze.<\/p>\n<p data-start=\"991\" data-end=\"1064\">Su richiesta, sono disponibili marcature serigrafate o zone antiscivolo tratteggiate.<\/p>\n<p data-start=\"1067\" data-end=\"1150\">\u00c8 disponibile una struttura laminata opzionale per progetti speciali o per esigenze di sicurezza secondaria.<\/p>\n<p data-start=\"1153\" data-end=\"1223\">Servizio OEM\/ODM per l'etichettatura basata su modelli, codici a barre e kit.<\/p>\n<p data-start=\"1227\" data-end=\"1426\">Applicazioni tipiche<br data-start=\"1247\" data-end=\"1250\" \/>Ripiani del frigorifero, vetro di copertura del crisper, ripiani dello scomparto del congelatore, supporti per il vino, piastre di copertura del contenitore della porta, ripiani espositivi degli elettrodomestici, programmi di sostituzione dei ripiani.<\/p>\n<p data-start=\"1430\" data-end=\"1696\">Fornitura e assistenza<br data-start=\"1446\" data-end=\"1449\" \/>La produzione in serie diretta dalla fabbrica supporta la pianificazione di tempi rapidi per i modelli ricorrenti. Per le spedizioni all'estero sono disponibili imballaggi per l'esportazione e imballaggi in casse, con registri di ispezione forniti su richiesta. La conformit\u00e0 agli standard \u00e8 disponibile su richiesta.<\/p>","protected":false},"excerpt":{"rendered":"<p>Vetro temperato per ripiani di frigoriferi fornito in grandi quantit\u00e0 per mantenere l'ottica e la sensazione dei bordi costanti in tutte le serie di apparecchi. Realizzato su ordinazione con finitura liscia e marcature opzionali, \u00e8 comunemente utilizzato per i pannelli dei ripiani di frigoriferi e congelatori nella produzione OEM e nei programmi di sostituzione.<\/p>","protected":false},"featured_media":967,"template":"","meta":{"_gspb_post_css":""},"product_brand":[],"product_cat":[45],"product_tag":[502,496,497,501,64,500,498,86,53,499,207,263],"class_list":{"0":"post-952","1":"product","2":"type-product","3":"status-publish","4":"has-post-thumbnail","6":"product_cat-appliance-glass","7":"product_tag-appliance-display-shelf","8":"product_tag-bulk-supply-refrigerator-shelf-tempered-glass","9":"product_tag-cnc-cut-glass-shelf","10":"product_tag-crisper-cover-glass","11":"product_tag-custom-size","12":"product_tag-freezer-shelf-panel","13":"product_tag-laminated-option-glass","14":"product_tag-oem-odm-service","15":"product_tag-polished-edge-glass","16":"product_tag-refrigerator-shelf-glass","17":"product_tag-tempered-appliance-glass","18":"product_tag-volume-production","20":"first","21":"instock","22":"shipping-taxable","23":"purchasable","24":"product-type-simple"},"_links":{"self":[{"href":"https:\/\/theinsulatedglass.com\/it\/wp-json\/wp\/v2\/product\/952","targetHints":{"allow":["GET"]}}],"collection":[{"href":"https:\/\/theinsulatedglass.com\/it\/wp-json\/wp\/v2\/product"}],"about":[{"href":"https:\/\/theinsulatedglass.com\/it\/wp-json\/wp\/v2\/types\/product"}],"wp:featuredmedia":[{"embeddable":true,"href":"https:\/\/theinsulatedglass.com\/it\/wp-json\/wp\/v2\/media\/967"}],"wp:attachment":[{"href":"https:\/\/theinsulatedglass.com\/it\/wp-json\/wp\/v2\/media?parent=952"}],"wp:term":[{"taxonomy":"product_brand","embeddable":true,"href":"https:\/\/theinsulatedglass.com\/it\/wp-json\/wp\/v2\/product_brand?post=952"},{"taxonomy":"product_cat","embeddable":true,"href":"https:\/\/theinsulatedglass.com\/it\/wp-json\/wp\/v2\/product_cat?post=952"},{"taxonomy":"product_tag","embeddable":true,"href":"https:\/\/theinsulatedglass.com\/it\/wp-json\/wp\/v2\/product_tag?post=952"}],"curies":[{"name":"wp","href":"https:\/\/api.w.org\/{rel}","templated":true}]}}