{"id":954,"date":"2026-01-28T09:02:44","date_gmt":"2026-01-28T09:02:44","guid":{"rendered":"https:\/\/theinsulatedglass.com\/?post_type=product&#038;p=954"},"modified":"2026-01-28T09:02:44","modified_gmt":"2026-01-28T09:02:44","slug":"polished-edge-factory-direct-flat-tempered-glass","status":"publish","type":"product","link":"https:\/\/theinsulatedglass.com\/it\/polished-edge-factory-direct-flat-tempered-glass\/","title":{"rendered":"Vetro temperato piano diretto dalla fabbrica del bordo lucido"},"content":{"rendered":"<p data-start=\"61\" data-end=\"430\">Panoramica<br data-start=\"69\" data-end=\"72\" \/>Per i pacchetti di vetrate in cui gli obiettivi di comfort dipendono da guarnizioni strette e durature, la qualit\u00e0 dei bordi \u00e8 importante quanto il vetro stesso. Le nostre lastre piatte temperate sono rifinite con bordi levigati per favorire un assemblaggio pi\u00f9 pulito delle IGU e ridurre i micro-tagli durante la movimentazione. La struttura trattata termicamente offre prestazioni di sicurezza per l'uso in finestre e facciate esterne, quando specificato.<\/p>\n<p data-start=\"434\" data-end=\"448\">Caratteristiche principali<\/p>\n<p data-start=\"451\" data-end=\"516\">Migliora il contatto delle guarnizioni IGU con una finitura dei bordi liscia e uniforme<\/p>\n<p data-start=\"519\" data-end=\"588\">Riduce il rischio di manipolazione grazie all'eliminazione di spigoli e irregolarit\u00e0 dei bordi.<\/p>\n<p data-start=\"591\" data-end=\"656\">Mantenimento del controllo di planarit\u00e0 adatto ai sistemi di intelaiatura modulare<\/p>\n<p data-start=\"659\" data-end=\"730\">Migliora la durata in caso di cicli termici grazie al trattamento di tempra.<\/p>\n<p data-start=\"733\" data-end=\"800\">Supporta la produzione ripetuta con punti di controllo QC interni tracciabili<\/p>\n<p data-start=\"804\" data-end=\"829\">Opzioni e personalizzazione<\/p>\n<p data-start=\"832\" data-end=\"895\">Taglio di dimensioni personalizzate e forme su ordinazione in base alle specifiche del progetto<\/p>\n<p data-start=\"898\" data-end=\"977\">A richiesta, sono disponibili ritagli per fori, tacche e CNC per i dettagli della ferramenta e del drenaggio.<\/p>\n<p data-start=\"980\" data-end=\"1053\">Finitura dei bordi disponibile su richiesta (arriss, rettificata, lucidatura completa)<\/p>\n<p data-start=\"1056\" data-end=\"1138\">Opzioni di accoppiamento pronte per l'IGU disponibili su richiesta (luci di accompagnamento a bassa emissivit\u00e0 o colorate)<\/p>\n<p data-start=\"1141\" data-end=\"1209\">Servizio OEM\/ODM disponibile su richiesta per etichette e marcature private<\/p>\n<p data-start=\"1212\" data-end=\"1286\">Disegno d'officina e supporto per il disegno disponibili per l'approvazione e il coordinamento<\/p>\n<p data-start=\"1290\" data-end=\"1496\">Applicazioni tipiche<br data-start=\"1310\" data-end=\"1313\" \/>Unit\u00e0 di vetro isolante per finestre di facciata, pannelli di visione per facciate continue, moduli per finestre a parete, vetrate per vetrine di negozi, luci di visione per porte, vetrate per atrii di ascensori, vetrine, piani di mobili<\/p>\n<p data-start=\"1500\" data-end=\"1745\">Fornitura e assistenza<br data-start=\"1516\" data-end=\"1519\" \/>La produzione diretta di volumi in fabbrica supporta la fornitura di grandi quantit\u00e0 con tempi di consegna rapidi e una programmazione ripetibile dei lotti. Per le spedizioni internazionali sono disponibili imballaggi per l'esportazione e imballaggi in casse. La conformit\u00e0 agli standard \u00e8 disponibile su richiesta.<\/p>","protected":false},"excerpt":{"rendered":"<p>Il vetro temperato piano con bordi lucidi offre una visuale pi\u00f9 pulita e una tenuta pi\u00f9 affidabile delle IGU, migliorando al contempo la sicurezza di movimentazione in cantiere. \u00c8 comunemente richiesto per i moduli di finestre e facciate continue che richiedono una qualit\u00e0 costante dei bordi e una fornitura stabile.<\/p>","protected":false},"featured_media":974,"template":"","meta":{"_gspb_post_css":""},"product_brand":[],"product_cat":[20],"product_tag":[66,363,64,489,487,224,114,293,486,485,53,488],"class_list":{"0":"post-954","1":"product","2":"type-product","3":"status-publish","4":"has-post-thumbnail","6":"product_cat-flat-tempered-glass","7":"product_tag-bulk-supply","8":"product_tag-curtain-wall-vision-panels","9":"product_tag-custom-size","10":"product_tag-export-crate-packing","11":"product_tag-facade-window-glass","12":"product_tag-flat-tempered-glass","13":"product_tag-heat-treated-glass","14":"product_tag-igu-ready-glass","15":"product_tag-low-e-pairing-option","16":"product_tag-polished-edge-factory-direct-flat-tempered-glass","17":"product_tag-polished-edge-glass","18":"product_tag-window-wall-modules","20":"first","21":"instock","22":"shipping-taxable","23":"purchasable","24":"product-type-simple"},"_links":{"self":[{"href":"https:\/\/theinsulatedglass.com\/it\/wp-json\/wp\/v2\/product\/954","targetHints":{"allow":["GET"]}}],"collection":[{"href":"https:\/\/theinsulatedglass.com\/it\/wp-json\/wp\/v2\/product"}],"about":[{"href":"https:\/\/theinsulatedglass.com\/it\/wp-json\/wp\/v2\/types\/product"}],"wp:featuredmedia":[{"embeddable":true,"href":"https:\/\/theinsulatedglass.com\/it\/wp-json\/wp\/v2\/media\/974"}],"wp:attachment":[{"href":"https:\/\/theinsulatedglass.com\/it\/wp-json\/wp\/v2\/media?parent=954"}],"wp:term":[{"taxonomy":"product_brand","embeddable":true,"href":"https:\/\/theinsulatedglass.com\/it\/wp-json\/wp\/v2\/product_brand?post=954"},{"taxonomy":"product_cat","embeddable":true,"href":"https:\/\/theinsulatedglass.com\/it\/wp-json\/wp\/v2\/product_cat?post=954"},{"taxonomy":"product_tag","embeddable":true,"href":"https:\/\/theinsulatedglass.com\/it\/wp-json\/wp\/v2\/product_tag?post=954"}],"curies":[{"name":"wp","href":"https:\/\/api.w.org\/{rel}","templated":true}]}}