{"id":987,"date":"2026-01-28T09:35:15","date_gmt":"2026-01-28T09:35:15","guid":{"rendered":"https:\/\/theinsulatedglass.com\/?post_type=product&#038;p=987"},"modified":"2026-01-28T09:35:15","modified_gmt":"2026-01-28T09:35:15","slug":"custom-size-wholesale-warm-edge-igu-insulating-glass","status":"publish","type":"product","link":"https:\/\/theinsulatedglass.com\/it\/custom-size-wholesale-warm-edge-igu-insulating-glass\/","title":{"rendered":"Dimensione personalizzata all'ingrosso bordo caldo IGU vetro isolante"},"content":{"rendered":"<p data-start=\"65\" data-end=\"455\">Panoramica<br data-start=\"73\" data-end=\"76\" \/>Dal decollo alla consegna, le vetrate isolanti danno il meglio di s\u00e9 quando ogni dettaglio segue il programma del progetto. Il nostro warm edge IGU \u00e8 realizzato su misura per i programmi di finestre e facciate continue e contribuisce a migliorare il comfort dei bordi e a ridurre il rischio di condensa rispetto ai distanziatori metallici tradizionali (a seconda del progetto). La fornitura all'ingrosso consente una produzione ripetibile in tutte le fasi e le altezze.<\/p>\n<p data-start=\"459\" data-end=\"858\">Caratteristiche principali<br data-start=\"471\" data-end=\"474\" \/>- Coordinare le dimensioni delle unit\u00e0 e l'etichettatura in modo che corrispondano alla lista di taglio e alla griglia della facciata<br data-start=\"549\" data-end=\"552\" \/>- Riduzione dei ponti termici perimetrali con la tecnologia dei distanziatori warm edge<br data-start=\"627\" data-end=\"630\" \/>- Migliorare il comfort interno in prossimit\u00e0 delle linee di vetrata stabilizzando le condizioni dei bordi<br data-start=\"704\" data-end=\"707\" \/>- Supporto di un servizio a lungo termine con sigillatura controllata e controlli di qualit\u00e0 interni.<br data-start=\"781\" data-end=\"784\" \/>- Semplificare la sequenza di installazione grazie a una gestione coerente dell'ID delle unit\u00e0<\/p>\n<p data-start=\"862\" data-end=\"1295\">Opzioni e personalizzazione<br data-start=\"885\" data-end=\"888\" \/>- Realizzazione di IGU di dimensioni personalizzate in base ai disegni; \u00e8 disponibile il supporto per i disegni in officina.<br data-start=\"962\" data-end=\"965\" \/>- Su richiesta, sono disponibili anche doppi o tripli vetri.<br data-start=\"1021\" data-end=\"1024\" \/>- Selezioni di vetro basso emissivo, colorato o a basso contenuto di ferro disponibili su richiesta.<br data-start=\"1090\" data-end=\"1093\" \/>- Opzioni di riempimento del gas, selezione dell'essiccante e colore del distanziatore, come da specifiche.<br data-start=\"1163\" data-end=\"1166\" \/>- Combinazioni di vetro temperato o stratificato disponibili su richiesta per esigenze di sicurezza<br data-start=\"1246\" data-end=\"1249\" \/>- La conformit\u00e0 agli standard \u00e8 disponibile su richiesta.<\/p>\n<p data-start=\"1299\" data-end=\"1502\">Applicazioni tipiche<br data-start=\"1319\" data-end=\"1322\" \/>Finestre residenziali, porte scorrevoli, vetrine di negozi, aree di visione per facciate continue, sistemi di pareti finestrate, portefinestre, lucernari, vetrate di sale da sole, involucri di edifici istituzionali.<\/p>\n<p data-start=\"1506\" data-end=\"1780\">Fornitura e assistenza<br data-start=\"1522\" data-end=\"1525\" \/>Eseguiamo una produzione di volumi per forniture all'ingrosso con una pianificazione stabile dei tempi di consegna per spedizioni scaglionate. Per garantire un trasporto pi\u00f9 sicuro, \u00e8 possibile predisporre imballaggi per l'esportazione e casse, nonch\u00e9 elenchi di unit\u00e0, registri di ispezione e documentazione di tracciabilit\u00e0 del controllo qualit\u00e0 interno.<\/p>","protected":false},"excerpt":{"rendered":"<p>Il vetro isolante Warm edge IGU viene fornito all'ingrosso in dimensioni su misura per supportare una programmazione coerente del progetto e un migliore comfort del bordo (a seconda del design). Una scelta pratica per finestre residenziali e unit\u00e0 di visione per facciate continue, dove il controllo della condensa e la ripetibilit\u00e0 sono importanti.<\/p>","protected":false},"featured_media":992,"template":"","meta":{"_gspb_post_css":""},"product_brand":[],"product_cat":[25],"product_tag":[66,232,64,538,230,540,541,65,542,539,60,543,231],"class_list":{"0":"post-987","1":"product","2":"type-product","3":"status-publish","4":"has-post-thumbnail","6":"product_cat-insulating-glass-igu","7":"product_tag-bulk-supply","8":"product_tag-curtain-wall-igu","9":"product_tag-custom-size","10":"product_tag-custom-size-wholesale-warm-edge-igu-insulating-glass","11":"product_tag-double-glazing","12":"product_tag-insulating-glass-unit","13":"product_tag-low-e-option","14":"product_tag-shop-drawing-support","15":"product_tag-sliding-door-glazing","16":"product_tag-warm-edge-igu","17":"product_tag-warm-edge-spacer","18":"product_tag-wholesale","19":"product_tag-window-igu","21":"first","22":"instock","23":"shipping-taxable","24":"purchasable","25":"product-type-simple"},"_links":{"self":[{"href":"https:\/\/theinsulatedglass.com\/it\/wp-json\/wp\/v2\/product\/987","targetHints":{"allow":["GET"]}}],"collection":[{"href":"https:\/\/theinsulatedglass.com\/it\/wp-json\/wp\/v2\/product"}],"about":[{"href":"https:\/\/theinsulatedglass.com\/it\/wp-json\/wp\/v2\/types\/product"}],"wp:featuredmedia":[{"embeddable":true,"href":"https:\/\/theinsulatedglass.com\/it\/wp-json\/wp\/v2\/media\/992"}],"wp:attachment":[{"href":"https:\/\/theinsulatedglass.com\/it\/wp-json\/wp\/v2\/media?parent=987"}],"wp:term":[{"taxonomy":"product_brand","embeddable":true,"href":"https:\/\/theinsulatedglass.com\/it\/wp-json\/wp\/v2\/product_brand?post=987"},{"taxonomy":"product_cat","embeddable":true,"href":"https:\/\/theinsulatedglass.com\/it\/wp-json\/wp\/v2\/product_cat?post=987"},{"taxonomy":"product_tag","embeddable":true,"href":"https:\/\/theinsulatedglass.com\/it\/wp-json\/wp\/v2\/product_tag?post=987"}],"curies":[{"name":"wp","href":"https:\/\/api.w.org\/{rel}","templated":true}]}}