{"id":989,"date":"2026-01-28T09:35:09","date_gmt":"2026-01-28T09:35:09","guid":{"rendered":"https:\/\/theinsulatedglass.com\/?post_type=product&#038;p=989"},"modified":"2026-01-28T09:35:09","modified_gmt":"2026-01-28T09:35:09","slug":"low-iron-option-factory-direct-ultra-clear-glass","status":"publish","type":"product","link":"https:\/\/theinsulatedglass.com\/it\/low-iron-option-factory-direct-ultra-clear-glass\/","title":{"rendered":"Opzione Low Iron Vetro ultrachiaro diretto in fabbrica"},"content":{"rendered":"<p data-start=\"61\" data-end=\"393\">Panoramica<br data-start=\"69\" data-end=\"72\" \/>Quando la luce diurna e la resa cromatica reale sono le priorit\u00e0 del progetto, il vetro ultrachiaro a basso contenuto di ferro aiuta a minimizzare la tinta verde che si osserva nel vetro float standard. Viene spesso scelto come substrato ad alta chiarezza per la realizzazione di vetrate ad alto contenuto energetico, comprese le unit\u00e0 isolanti e le configurazioni rivestite specificate per il comfort della facciata.<\/p>\n<p data-start=\"397\" data-end=\"411\">Caratteristiche principali<\/p>\n<p data-start=\"414\" data-end=\"493\">Offrono un'ottica pi\u00f9 pulita per interni pi\u00f9 luminosi e una presentazione dei prodotti pi\u00f9 fedele.<\/p>\n<p data-start=\"496\" data-end=\"572\">Riduce la tonalit\u00e0 dei bordi per un aspetto pi\u00f9 neutro in caso di stratificazioni o stratificazioni spesse.<\/p>\n<p data-start=\"575\" data-end=\"655\">Sostenere le strategie di illuminazione diurna che possono ridurre il ricorso all'illuminazione artificiale.<\/p>\n<p data-start=\"658\" data-end=\"743\">Consentono percorsi di fabbricazione come la tempra o la laminazione per le esigenze dei vetri di sicurezza.<\/p>\n<p data-start=\"746\" data-end=\"816\">Mantenere la coerenza con il controllo qualit\u00e0 interno e la tracciabilit\u00e0 della qualit\u00e0 per lotto.<\/p>\n<p data-start=\"820\" data-end=\"845\">Opzioni e personalizzazione<\/p>\n<p data-start=\"848\" data-end=\"928\">Fornire dimensioni e forme tagliate su ordinazione per soddisfare i requisiti delle specifiche di progetto.<\/p>\n<p data-start=\"931\" data-end=\"1013\">Offrire assistenza per i disegni e la revisione dei disegni di officina per i layout dei modelli e i take-off.<\/p>\n<p data-start=\"1016\" data-end=\"1094\">Su richiesta, \u00e8 possibile configurare le lampade come monolitiche, temperate, laminate o predisposte per l'IGU.<\/p>\n<p data-start=\"1097\" data-end=\"1182\">Preparare le opzioni di bordatura (aggraffata, arrisa, lucida) per adattarsi alle installazioni a vista.<\/p>\n<p data-start=\"1185\" data-end=\"1257\">Organizzare il servizio OEM\/ODM per l'etichettatura, i codici a barre e il kitting basato sul modello.<\/p>\n<p data-start=\"1261\" data-end=\"1475\">Applicazioni tipiche<br data-start=\"1281\" data-end=\"1284\" \/>Aree di visione con facciate continue, vetrine di pregio, lucernari e lucernari per tetti, vetrate per serre, pannelli per acquari, vetrate per vetrine, cabine doccia, divisori interni.<\/p>\n<p data-start=\"1479\" data-end=\"1777\">Fornitura e assistenza<br data-start=\"1495\" data-end=\"1498\" \/>Le forniture di massa dirette in fabbrica supportano la pianificazione di tempi di consegna stabili per programmi ripetuti e rilasci di volumi. Per le spedizioni a lunga distanza \u00e8 disponibile l'imballaggio per l'esportazione con imballaggio in casse, con record di ispezione emessi per ogni lotto, se richiesto. La conformit\u00e0 agli standard \u00e8 disponibile su richiesta.<\/p>","protected":false},"excerpt":{"rendered":"<p>Il vetro ultra chiaro a basso contenuto di ferro migliora la trasparenza e la neutralit\u00e0 del colore, aiutando la luce del giorno a penetrare pi\u00f9 a fondo negli interni con un risultato visivo pi\u00f9 pulito. Fornito su ordinazione e direttamente dalla fabbrica, \u00e8 ampiamente utilizzato per vetrine e lucernari di qualit\u00e0 superiore, dove l'aspetto e la coerenza sono importanti.<\/p>","protected":false},"featured_media":1000,"template":"","meta":{"_gspb_post_css":""},"product_brand":[],"product_cat":[35],"product_tag":[66,226,64,530,293,528,51,525,529,241,527,526],"class_list":{"0":"post-989","1":"product","2":"type-product","3":"status-publish","4":"has-post-thumbnail","6":"product_cat-ultra-clear-glass","7":"product_tag-bulk-supply","8":"product_tag-curtain-wall-vision-glass","9":"product_tag-custom-size","10":"product_tag-greenhouse-glazing","11":"product_tag-igu-ready-glass","12":"product_tag-laminated-ultra-clear-glass","13":"product_tag-low-iron-glass","14":"product_tag-low-iron-option-factory-direct-ultra-clear-glass","15":"product_tag-skylight-glass","16":"product_tag-storefront-window-glass","17":"product_tag-tempered-low-iron-glass","18":"product_tag-ultra-clear-glass","20":"first","21":"instock","22":"shipping-taxable","23":"purchasable","24":"product-type-simple"},"_links":{"self":[{"href":"https:\/\/theinsulatedglass.com\/it\/wp-json\/wp\/v2\/product\/989","targetHints":{"allow":["GET"]}}],"collection":[{"href":"https:\/\/theinsulatedglass.com\/it\/wp-json\/wp\/v2\/product"}],"about":[{"href":"https:\/\/theinsulatedglass.com\/it\/wp-json\/wp\/v2\/types\/product"}],"wp:featuredmedia":[{"embeddable":true,"href":"https:\/\/theinsulatedglass.com\/it\/wp-json\/wp\/v2\/media\/1000"}],"wp:attachment":[{"href":"https:\/\/theinsulatedglass.com\/it\/wp-json\/wp\/v2\/media?parent=989"}],"wp:term":[{"taxonomy":"product_brand","embeddable":true,"href":"https:\/\/theinsulatedglass.com\/it\/wp-json\/wp\/v2\/product_brand?post=989"},{"taxonomy":"product_cat","embeddable":true,"href":"https:\/\/theinsulatedglass.com\/it\/wp-json\/wp\/v2\/product_cat?post=989"},{"taxonomy":"product_tag","embeddable":true,"href":"https:\/\/theinsulatedglass.com\/it\/wp-json\/wp\/v2\/product_tag?post=989"}],"curies":[{"name":"wp","href":"https:\/\/api.w.org\/{rel}","templated":true}]}}