{"id":1049,"date":"2026-01-28T11:00:10","date_gmt":"2026-01-28T11:00:10","guid":{"rendered":"https:\/\/theinsulatedglass.com\/?post_type=product&#038;p=1049"},"modified":"2026-01-28T11:00:10","modified_gmt":"2026-01-28T11:00:10","slug":"factory-direct-jumbo-heat-soaked-tempered-glass","status":"publish","type":"product","link":"https:\/\/theinsulatedglass.com\/pl\/factory-direct-jumbo-heat-soaked-tempered-glass\/","title":{"rendered":"Szk\u0142o hartowane fabrycznie nas\u0105czone ciep\u0142em Jumbo"},"content":{"rendered":"<p data-start=\"60\" data-end=\"425\">Przegl\u0105d<br data-start=\"68\" data-end=\"71\" \/>W przypadku ponadwymiarowych przeszkle\u0144 strukturalnych niezawodno\u015b\u0107 jest uwzgl\u0119dniana na ka\u017cdym etapie. Hartowane termicznie szk\u0142o Jumbo \u0142\u0105czy wzmacniaj\u0105ce bezpiecze\u0144stwo hartowanie z dodatkowym procesem wygrzewania, kt\u00f3ry ma pom\u00f3c zmniejszy\u0107 ryzyko spontanicznego p\u0119kania zwi\u0105zanego z wtr\u0105ceniami. Nadaje si\u0119 do wielkoformatowych instalacji fasadowych i napowietrznych, gdzie przestoje s\u0105 kosztowne.<\/p>\n<p data-start=\"429\" data-end=\"443\">Kluczowe cechy<\/p>\n<p data-start=\"446\" data-end=\"514\">Wytrzymuje du\u017ce obci\u0105\u017cenia wiatrem i zapewnia wysoki poziom bezpiecze\u0144stwa<\/p>\n<p data-start=\"517\" data-end=\"589\">Dodaje przetwarzanie wygrzewania w celu zwi\u0119kszenia pewno\u015bci co do krytycznych wysoko\u015bci<\/p>\n<p data-start=\"592\" data-end=\"659\">Utrzymuje kontrolowan\u0105 p\u0142asko\u015b\u0107 dla jednolitego obramowania i dopasowania uszczelki<\/p>\n<p data-start=\"662\" data-end=\"735\">Zapewnia trwa\u0142e kraw\u0119dzie, aby ograniczy\u0107 odpryskiwanie podczas transportu i przenoszenia.<\/p>\n<p data-start=\"738\" data-end=\"797\">Zapewnia d\u0142ug\u0105 \u017cywotno\u015b\u0107 w nara\u017conych warunkach zewn\u0119trznych<\/p>\n<p data-start=\"801\" data-end=\"826\">Opcje i personalizacja<\/p>\n<p data-start=\"829\" data-end=\"883\">Produkowane na zam\u00f3wienie du\u017ce rozmiary i kszta\u0142ty zgodnie ze specyfikacj\u0105 projektu<\/p>\n<p data-start=\"886\" data-end=\"950\">Polerowane\/szlifowane kraw\u0119dzie i promienie naro\u017cnik\u00f3w dost\u0119pne na \u017cyczenie<\/p>\n<p data-start=\"953\" data-end=\"1020\">Otwory, naci\u0119cia i wyci\u0119cia CNC dost\u0119pne na \u017cyczenie dla armatury<\/p>\n<p data-start=\"1023\" data-end=\"1086\">O\u015bwietlenie gotowe do monta\u017cu w szybach zespolonych i powlekane\/barwione dost\u0119pne na \u017cyczenie.<\/p>\n<p data-start=\"1089\" data-end=\"1147\">Us\u0142ugi OEM\/ODM i metody znakowania dost\u0119pne na \u017c\u0105danie<\/p>\n<p data-start=\"1150\" data-end=\"1221\">Wsparcie rysunkowe i koordynacja rysunk\u00f3w warsztatowych dost\u0119pne do zatwierdzenia<\/p>\n<p data-start=\"1225\" data-end=\"1416\">Typowe zastosowania<br data-start=\"1245\" data-end=\"1248\" \/>Zunifikowane panele wizyjne \u015bcian os\u0142onowych, modu\u0142y \u015bcian okiennych typu jumbo, przeszklenia atrium, \u015bwietliki, zadaszenia, szklane \u015bciany wsparte na \u017cebrach, du\u017ce wn\u0119ki sklepowe, tarasy widokowe<\/p>\n<p data-start=\"1420\" data-end=\"1717\">Dostawa i wsparcie<br data-start=\"1436\" data-end=\"1439\" \/>Produkcja seryjna Factory Direct wspiera planowanie dostaw masowych ze stabilnym czasem realizacji. Wewn\u0119trzna kontrola jako\u015bci i identyfikowalno\u015b\u0107 jako\u015bci s\u0105 utrzymywane poprzez dozowanie, a opakowania eksportowe i skrzynie s\u0105 dost\u0119pne do wysy\u0142ki na du\u017ce odleg\u0142o\u015bci. Zgodno\u015b\u0107 z normami dost\u0119pna na \u017cyczenie.<\/p>","protected":false},"excerpt":{"rendered":"<p>Stworzone z my\u015bl\u0105 o szkleniu wielkoformatowym, nasze nas\u0105czane termicznie szk\u0142o hartowane dodaje dodatkowy etap przetwarzania, aby pom\u00f3c zmniejszy\u0107 ryzyko spontanicznego p\u0119kni\u0119cia przy jednoczesnym zachowaniu bezpiecznej wytrzyma\u0142o\u015bci hartowania. Dostarczane w du\u017cych rozmiarach na zam\u00f3wienie, jest szeroko stosowane w panelach wizyjnych \u015bcian os\u0142onowych i \u015bwietlikach.<\/p>","protected":false},"featured_media":1068,"template":"","meta":{"_gspb_post_css":""},"product_brand":[],"product_cat":[23],"product_tag":[66,575,64,571,572,157,573,115,76,113,574],"class_list":{"0":"post-1049","1":"product","2":"type-product","3":"status-publish","4":"has-post-thumbnail","6":"product_cat-heat-soaked-tempered-glass","7":"product_tag-bulk-supply","8":"product_tag-canopy-glass-panels","9":"product_tag-custom-size","10":"product_tag-factory-direct-jumbo-heat-soaked-tempered-glass","11":"product_tag-heat-soak-processing","12":"product_tag-heat-soaked-tempered-glass","13":"product_tag-igu-ready-jumbo-lite","14":"product_tag-polished-edgework","15":"product_tag-skylight-glazing","16":"product_tag-tempered-safety-glass","17":"product_tag-unitized-curtain-wall","19":"first","20":"instock","21":"shipping-taxable","22":"purchasable","23":"product-type-simple"},"_links":{"self":[{"href":"https:\/\/theinsulatedglass.com\/pl\/wp-json\/wp\/v2\/product\/1049","targetHints":{"allow":["GET"]}}],"collection":[{"href":"https:\/\/theinsulatedglass.com\/pl\/wp-json\/wp\/v2\/product"}],"about":[{"href":"https:\/\/theinsulatedglass.com\/pl\/wp-json\/wp\/v2\/types\/product"}],"wp:featuredmedia":[{"embeddable":true,"href":"https:\/\/theinsulatedglass.com\/pl\/wp-json\/wp\/v2\/media\/1068"}],"wp:attachment":[{"href":"https:\/\/theinsulatedglass.com\/pl\/wp-json\/wp\/v2\/media?parent=1049"}],"wp:term":[{"taxonomy":"product_brand","embeddable":true,"href":"https:\/\/theinsulatedglass.com\/pl\/wp-json\/wp\/v2\/product_brand?post=1049"},{"taxonomy":"product_cat","embeddable":true,"href":"https:\/\/theinsulatedglass.com\/pl\/wp-json\/wp\/v2\/product_cat?post=1049"},{"taxonomy":"product_tag","embeddable":true,"href":"https:\/\/theinsulatedglass.com\/pl\/wp-json\/wp\/v2\/product_tag?post=1049"}],"curies":[{"name":"wp","href":"https:\/\/api.w.org\/{rel}","templated":true}]}}