{"id":1104,"date":"2026-01-29T02:05:22","date_gmt":"2026-01-29T02:05:22","guid":{"rendered":"https:\/\/theinsulatedglass.com\/?post_type=product&#038;p=1104"},"modified":"2026-01-29T02:05:22","modified_gmt":"2026-01-29T02:05:22","slug":"bulk-silk-screen-ceramic-frit-glass-for-skylights","status":"publish","type":"product","link":"https:\/\/theinsulatedglass.com\/pl\/bulk-silk-screen-ceramic-frit-glass-for-skylights\/","title":{"rendered":"Masowe szk\u0142o ceramiczne z sitodrukiem do \u015bwietlik\u00f3w dachowych"},"content":{"rendered":"<p data-start=\"62\" data-end=\"374\">Przegl\u0105d<br data-start=\"70\" data-end=\"73\" \/>Stworzona z my\u015bl\u0105 o produkcji szyb napowietrznych, ceramiczna fryta sitodrukowa jest drukowana, wypalana, a nast\u0119pnie przetwarzana, dzi\u0119ki czemu wz\u00f3r staje si\u0119 trwa\u0142\u0105 cz\u0119\u015bci\u0105 szklanej powierzchni. Pomaga zarz\u0105dza\u0107 odblaskami i dystrybucj\u0105 \u015bwiat\u0142a w \u015bwietlikach, jednocze\u015bnie utrzymuj\u0105c powtarzaj\u0105ce si\u0119 panele sp\u00f3jne wizualnie na ca\u0142ej fasadzie lub siatce dachowej.<\/p>\n<p data-start=\"378\" data-end=\"765\">Kluczowe cechy<br data-start=\"390\" data-end=\"393\" \/>- Wtopienie tuszu ceramicznego w powierzchni\u0119 zapewnia trwa\u0142\u0105, nie \u0142uszcz\u0105c\u0105 si\u0119 grafik\u0119<br data-start=\"462\" data-end=\"465\" \/>- Zmniejszaj\u0105 odblaski i \u0142agodz\u0105 \u015bwiat\u0142o dzienne bez po\u015bwi\u0119cania przejrzysto\u015bci architektonicznej.<br data-start=\"541\" data-end=\"544\" \/>- Utrzymanie wyr\u00f3wnania wzoru poprzez precyzyjne ci\u0119cie i wyka\u0144czanie kraw\u0119dzi<br data-start=\"615\" data-end=\"618\" \/>- Wsparcie bezpiecze\u0144stwa w po\u0142\u0105czeniu z konstrukcjami hartowanymi lub laminowanymi<br data-start=\"693\" data-end=\"696\" \/>- Umo\u017cliwiaj\u0105 czyst\u0105 instalacj\u0119 dzi\u0119ki dok\u0142adnym otworom i wyci\u0119ciom<\/p>\n<p data-start=\"769\" data-end=\"1213\">Opcje i personalizacja<br data-start=\"792\" data-end=\"795\" \/>- Rozmiary i kszta\u0142ty paneli wykonywane na zam\u00f3wienie od pocz\u0105tku<br data-start=\"852\" data-end=\"855\" \/>- Pokrycie fryt\u0105, g\u0119sto\u015b\u0107 kropek i grafika dostarczone zgodnie ze specyfikacj\u0105 projektu lub pr\u00f3bk\u0105<br data-start=\"932\" data-end=\"935\" \/>- Opcjonalne hartowanie, laminowanie lub monta\u017c szyb zespolonych w systemach \u015bwietlik\u00f3w dachowych<br data-start=\"1005\" data-end=\"1008\" \/>- Kraw\u0119dzie i zabezpieczenia naro\u017cnik\u00f3w zapewnione zgodnie z wymaganiami<br data-start=\"1068\" data-end=\"1071\" \/>- Wiercenie \/ nacinanie CNC dla punkt\u00f3w mocowania, otwor\u00f3w wentylacyjnych i interfejs\u00f3w sprz\u0119towych<br data-start=\"1146\" data-end=\"1149\" \/>- Us\u0142uga OEM\/ODM dla powtarzalnych dostaw i etykietowania w oparciu o program<\/p>\n<p data-start=\"1217\" data-end=\"1455\">Typowe zastosowania<br data-start=\"1237\" data-end=\"1240\" \/>Ujednolicone \u015bwietliki, okna dachowe, przeszklenia atrium, przeszklone zadaszenia, chodniki ze szk\u0142em g\u00f3rnym, dachy dzienne centr\u00f3w handlowych, \u015bwietliki stacji tranzytowych, dachy hal lotniskowych, \u015bwietliki przemys\u0142owe, o\u015bwietlenie g\u00f3rne muze\u00f3w.<\/p>\n<p data-start=\"1459\" data-end=\"1807\">Dostawa i wsparcie<br data-start=\"1475\" data-end=\"1478\" \/>Factory Direct Volume Production z kr\u00f3tkim czasem realizacji dla standardowych powt\u00f3rze\u0144 i stabilnym czasem realizacji dla zaplanowanych projekt\u00f3w. Wewn\u0119trzna kontrola jako\u015bci z mo\u017cliwo\u015bci\u0105 \u015bledzenia jako\u015bci jest stosowana od drukowania do kontroli ko\u0144cowej, a opakowania eksportowe z pakowaniem w skrzynie s\u0105 dost\u0119pne. Koordynacja rysunk\u00f3w warsztatowych i zgodno\u015b\u0107 z normami dost\u0119pne na \u017cyczenie.<\/p>","protected":false},"excerpt":{"rendered":"<p>Fryta ceramiczna z sitodrukiem jest wtapiana w powierzchni\u0119 szk\u0142a, aby zapewni\u0107 trwa\u0142e wzory kontroluj\u0105ce odblaski i sp\u00f3jn\u0105 estetyk\u0119. Dostarczane w panelach ci\u0119tych na zam\u00f3wienie, jest szeroko stosowane jako przeszklenie \u015bwietlik\u00f3w w atriach, oknach dachowych i zadaszeniach komercyjnych.<\/p>","protected":false},"featured_media":1114,"template":"","meta":{"_gspb_post_css":""},"product_brand":[],"product_cat":[38],"product_tag":[646,639,66,180,643,64,647,642,641,645,640,644],"class_list":{"0":"post-1104","1":"product","2":"type-product","3":"status-publish","4":"has-post-thumbnail","6":"product_cat-silk-screen-printed-ceramic-frit-glass","7":"product_tag-atrium-and-canopy-glazing","8":"product_tag-bulk-silk-screen-ceramic-frit-glass-for-skylights","9":"product_tag-bulk-supply","10":"product_tag-ceramic-frit-tempered-glass","11":"product_tag-cnc-cut-and-drilled-glass","12":"product_tag-custom-size","13":"product_tag-factory-direct-oem-odm","14":"product_tag-igu-skylight-units","15":"product_tag-laminated-safety-skylight-glass","16":"product_tag-roof-window-glass","17":"product_tag-silk-screen-fritted-glass","18":"product_tag-skylight-glazing-panels","20":"first","21":"instock","22":"shipping-taxable","23":"purchasable","24":"product-type-simple"},"_links":{"self":[{"href":"https:\/\/theinsulatedglass.com\/pl\/wp-json\/wp\/v2\/product\/1104","targetHints":{"allow":["GET"]}}],"collection":[{"href":"https:\/\/theinsulatedglass.com\/pl\/wp-json\/wp\/v2\/product"}],"about":[{"href":"https:\/\/theinsulatedglass.com\/pl\/wp-json\/wp\/v2\/types\/product"}],"wp:featuredmedia":[{"embeddable":true,"href":"https:\/\/theinsulatedglass.com\/pl\/wp-json\/wp\/v2\/media\/1114"}],"wp:attachment":[{"href":"https:\/\/theinsulatedglass.com\/pl\/wp-json\/wp\/v2\/media?parent=1104"}],"wp:term":[{"taxonomy":"product_brand","embeddable":true,"href":"https:\/\/theinsulatedglass.com\/pl\/wp-json\/wp\/v2\/product_brand?post=1104"},{"taxonomy":"product_cat","embeddable":true,"href":"https:\/\/theinsulatedglass.com\/pl\/wp-json\/wp\/v2\/product_cat?post=1104"},{"taxonomy":"product_tag","embeddable":true,"href":"https:\/\/theinsulatedglass.com\/pl\/wp-json\/wp\/v2\/product_tag?post=1104"}],"curies":[{"name":"wp","href":"https:\/\/api.w.org\/{rel}","templated":true}]}}