{"id":1106,"date":"2026-01-29T02:05:17","date_gmt":"2026-01-29T02:05:17","guid":{"rendered":"https:\/\/theinsulatedglass.com\/?post_type=product&#038;p=1106"},"modified":"2026-01-29T02:05:17","modified_gmt":"2026-01-29T02:05:17","slug":"privacy-option-switchable-shower-smart-glass","status":"publish","type":"product","link":"https:\/\/theinsulatedglass.com\/pl\/privacy-option-switchable-shower-smart-glass\/","title":{"rendered":"Opcja prywatno\u015bci Prze\u0142\u0105czane inteligentne szk\u0142o prysznicowe"},"content":{"rendered":"<p data-start=\"49\" data-end=\"343\">Przegl\u0105d<br data-start=\"63\" data-end=\"66\" \/>Prywatno\u015b\u0107 na \u017c\u0105danie jest tam, gdzie spotykaj\u0105 si\u0119 para i widoczno\u015b\u0107. Prze\u0142\u0105czane inteligentne szk\u0142o prysznicowe zmienia si\u0119 mi\u0119dzy stanem przezroczystym i nieprzezroczystym, aby zapewni\u0107 dyskrecj\u0119 przy zachowaniu czystej, nowoczesnej estetyki kabiny. Ka\u017cdy panel jest wykonywany na zam\u00f3wienie, aby dopasowa\u0107 go do uk\u0142adu projektu i interfejs\u00f3w sprz\u0119towych.<\/p>\n<p data-start=\"345\" data-end=\"359\">Kluczowe cechy<\/p>\n<ul data-start=\"360\" data-end=\"786\">\n<li data-start=\"360\" data-end=\"442\">\n<p data-start=\"362\" data-end=\"442\">Umo\u017cliwiaj\u0105 natychmiastow\u0105 kontrol\u0119 prywatno\u015bci bez zas\u0142on, \u017caluzji lub trwa\u0142ego oszronienia.<\/p>\n<\/li>\n<li data-start=\"443\" data-end=\"526\">\n<p data-start=\"445\" data-end=\"526\">Elegancka, \u0142atwa w czyszczeniu powierzchnia, odpowiednia do konserwacji na mokro<\/p>\n<\/li>\n<li data-start=\"527\" data-end=\"613\">\n<p data-start=\"529\" data-end=\"613\">Obs\u0142uguje laminowane elementy zabezpieczaj\u0105ce, kt\u00f3re s\u0105 powszechnie stosowane w inteligentnych zespo\u0142ach oszklenia.<\/p>\n<\/li>\n<li data-start=\"614\" data-end=\"700\">\n<p data-start=\"616\" data-end=\"700\">Poprawa komfortu u\u017cytkownika poprzez ograniczenie rozpraszania wzroku we wsp\u00f3lnych \u0142azienkach lub \u0142azienkach premium.<\/p>\n<\/li>\n<li data-start=\"701\" data-end=\"786\">\n<p data-start=\"703\" data-end=\"786\">Utrzymanie identyfikowalno\u015bci jako\u015bci dzi\u0119ki wewn\u0119trznym punktom kontroli jako\u015bci od szk\u0142a do monta\u017cu.<\/p>\n<\/li>\n<\/ul>\n<p data-start=\"788\" data-end=\"813\">Opcje i personalizacja<\/p>\n<ul data-start=\"814\" data-end=\"1239\">\n<li data-start=\"814\" data-end=\"890\">\n<p data-start=\"816\" data-end=\"890\">Niestandardowy rozmiar ci\u0119cia, przycinanie kszta\u0142t\u00f3w i wyka\u0144czanie kraw\u0119dzi zgodnie ze specyfikacj\u0105 projektu<\/p>\n<\/li>\n<li data-start=\"891\" data-end=\"974\">\n<p data-start=\"893\" data-end=\"974\">Wiercenie otwor\u00f3w i naci\u0119\u0107 pod zawiasy, zaciski, uchwyty i wsporniki zgodnie z wymaganiami.<\/p>\n<\/li>\n<li data-start=\"975\" data-end=\"1062\">\n<p data-start=\"977\" data-end=\"1062\">Prze\u0142\u0105czane opcje integracji warstw (konstrukcja laminowana, pozycja wyj\u015bcia okablowania)<\/p>\n<\/li>\n<li data-start=\"1063\" data-end=\"1156\">\n<p data-start=\"1065\" data-end=\"1156\">Opcje sterowania dost\u0119pne na \u017cyczenie, w tym prze\u0142\u0105czniki \u015bcienne lub konfiguracje gotowe do automatyzacji<\/p>\n<\/li>\n<li data-start=\"1157\" data-end=\"1239\">\n<p data-start=\"1159\" data-end=\"1239\">Us\u0142ugi OEM\/ODM w zakresie brandingu, etykietowania i opakowa\u0144 w stylu zestaw\u00f3w dla instalator\u00f3w<\/p>\n<\/li>\n<\/ul>\n<p data-start=\"1241\" data-end=\"1471\">Typowe zastosowania<br data-start=\"1261\" data-end=\"1264\" \/>Bezramowe ekrany prysznicowe, panele prysznicowe typu walk-in, hotelowe apartamenty \u0142azienkowe, modernizacje \u0142azienek, przebieralnie spa, przegrody prysznicowe na si\u0142owni, projekty renowacji hoteli, luksusowe kabiny mieszkalne.<\/p>\n<p data-start=\"1473\" data-end=\"1756\">Dostawa i wsparcie<br data-start=\"1489\" data-end=\"1492\" \/>Mo\u017cemy dokona\u0107 przegl\u0105du rysunk\u00f3w i zapewni\u0107 wsparcie w zakresie rysunk\u00f3w warsztatowych w celu potwierdzenia rozmiar\u00f3w i wyci\u0119\u0107 przed rozpocz\u0119ciem produkcji. Dost\u0119pne s\u0105 dostawy hurtowe i szybkie planowanie czasu realizacji, z pakowaniem eksportowym lub pakowaniem w skrzynie w celu ochrony podczas transportu. Zgodno\u015b\u0107 z normami dost\u0119pna na \u017cyczenie.<\/p>","protected":false},"excerpt":{"rendered":"<p>Prze\u0142\u0105czane inteligentne szk\u0142o prysznicowe zapewnia natychmiastow\u0105 prywatno\u015b\u0107 - przejrzyste, gdy chcesz otwarto\u015bci, nieprzezroczyste, gdy potrzebujesz dyskrecji - bez \u017caluzji lub folii. Wykonane na zam\u00f3wienie panele integruj\u0105 si\u0119 z typowym osprz\u0119tem prysznicowym, dzi\u0119ki czemu s\u0105 praktycznym ulepszeniem dla \u0142azienek hotelowych i wysokiej klasy kabin mieszkalnych.<\/p>","protected":false},"featured_media":1124,"template":"","meta":{"_gspb_post_css":""},"product_brand":[],"product_cat":[39],"product_tag":[630,66,64,631,86,627,625,65,629,137,626,628],"class_list":{"0":"post-1106","1":"product","2":"type-product","3":"status-publish","4":"has-post-thumbnail","6":"product_cat-smart-glass-pdlc-glass","7":"product_tag-bathroom-enclosure-glazing","8":"product_tag-bulk-supply","9":"product_tag-custom-size","10":"product_tag-hotel-bathroom-smart-glass","11":"product_tag-oem-odm-service","12":"product_tag-pdlc-smart-glass","13":"product_tag-privacy-option-switchable-shower-smart-glass","14":"product_tag-shop-drawing-support","15":"product_tag-shower-partition-glass","16":"product_tag-shower-screen-glass","17":"product_tag-switchable-laminated-glass","18":"product_tag-tempered-laminated-safety-glass","20":"first","21":"instock","22":"shipping-taxable","23":"purchasable","24":"product-type-simple"},"_links":{"self":[{"href":"https:\/\/theinsulatedglass.com\/pl\/wp-json\/wp\/v2\/product\/1106","targetHints":{"allow":["GET"]}}],"collection":[{"href":"https:\/\/theinsulatedglass.com\/pl\/wp-json\/wp\/v2\/product"}],"about":[{"href":"https:\/\/theinsulatedglass.com\/pl\/wp-json\/wp\/v2\/types\/product"}],"wp:featuredmedia":[{"embeddable":true,"href":"https:\/\/theinsulatedglass.com\/pl\/wp-json\/wp\/v2\/media\/1124"}],"wp:attachment":[{"href":"https:\/\/theinsulatedglass.com\/pl\/wp-json\/wp\/v2\/media?parent=1106"}],"wp:term":[{"taxonomy":"product_brand","embeddable":true,"href":"https:\/\/theinsulatedglass.com\/pl\/wp-json\/wp\/v2\/product_brand?post=1106"},{"taxonomy":"product_cat","embeddable":true,"href":"https:\/\/theinsulatedglass.com\/pl\/wp-json\/wp\/v2\/product_cat?post=1106"},{"taxonomy":"product_tag","embeddable":true,"href":"https:\/\/theinsulatedglass.com\/pl\/wp-json\/wp\/v2\/product_tag?post=1106"}],"curies":[{"name":"wp","href":"https:\/\/api.w.org\/{rel}","templated":true}]}}