{"id":1135,"date":"2026-01-29T02:34:29","date_gmt":"2026-01-29T02:34:29","guid":{"rendered":"https:\/\/theinsulatedglass.com\/?post_type=product&#038;p=1135"},"modified":"2026-01-29T02:34:29","modified_gmt":"2026-01-29T02:34:29","slug":"project-spec-useful-curtain-wall-igu-insulating-glass","status":"publish","type":"product","link":"https:\/\/theinsulatedglass.com\/pl\/project-spec-useful-curtain-wall-igu-insulating-glass\/","title":{"rendered":"Specyfikacja projektu Przydatne szk\u0142o izolacyjne do \u015bcian os\u0142onowych"},"content":{"rendered":"<p data-start=\"58\" data-end=\"323\">Przegl\u0105d<br data-start=\"72\" data-end=\"75\" \/>Stworzone z my\u015bl\u0105 o wymagaj\u0105cych elewacjach \u015bcian os\u0142onowych, to szk\u0142o izolacyjne IGU koncentruje si\u0119 na niezawodno\u015bci strukturalnej i d\u0142ugoterminowej stabilno\u015bci uszczelnienia kraw\u0119dzi. Wykonane na zam\u00f3wienie jednostki pomagaj\u0105 utrzyma\u0107 odchylenie, linie widzenia i uszczelnienie sp\u00f3jne na du\u017cych fasadach.<\/p>\n<p data-start=\"325\" data-end=\"339\">Kluczowe cechy<\/p>\n<ul data-start=\"340\" data-end=\"765\">\n<li data-start=\"340\" data-end=\"425\">\n<p data-start=\"342\" data-end=\"425\">Wytrzyma\u0142o\u015b\u0107 na obci\u0105\u017cenia elewacji dzi\u0119ki solidnej konstrukcji szyb zespolonych i kontrolowanej produkcji<\/p>\n<\/li>\n<li data-start=\"426\" data-end=\"513\">\n<p data-start=\"428\" data-end=\"513\">Zachowanie integralno\u015bci wn\u0119ki dzi\u0119ki zdyscyplinowanym procesom uszczelniania i wewn\u0119trznym kontrolom jako\u015bci.<\/p>\n<\/li>\n<li data-start=\"514\" data-end=\"595\">\n<p data-start=\"516\" data-end=\"595\">Zwi\u0119ksz opcje bezpiecze\u0144stwa, \u0142\u0105cz\u0105c hartowane i\/lub laminowane szyby zgodnie z wymaganiami.<\/p>\n<\/li>\n<li data-start=\"596\" data-end=\"682\">\n<p data-start=\"598\" data-end=\"682\">Utrzymuj sp\u00f3jne wyr\u00f3wnanie wizualne dzi\u0119ki \u015bcis\u0142ej kontroli wymiar\u00f3w i dok\u0142adno\u015bci przek\u0142adek.<\/p>\n<\/li>\n<li data-start=\"683\" data-end=\"765\">\n<p data-start=\"685\" data-end=\"765\">Zmniejszenie liczby przer\u00f3bek dzi\u0119ki wyra\u017anej identyfikacji ka\u017cdego elementu i mo\u017cliwo\u015bci \u015bledzenia jako\u015bci<\/p>\n<\/li>\n<\/ul>\n<p data-start=\"767\" data-end=\"792\">Opcje i personalizacja<\/p>\n<ul data-start=\"793\" data-end=\"1216\">\n<li data-start=\"793\" data-end=\"878\">\n<p data-start=\"795\" data-end=\"878\">Niestandardowe rozmiary i kszta\u0142ty zgodnie ze specyfikacj\u0105 projektu, w tym jednostki stopniowe i specjalne naro\u017cniki<\/p>\n<\/li>\n<li data-start=\"879\" data-end=\"958\">\n<p data-start=\"881\" data-end=\"958\">Szyby dost\u0119pne na \u017cyczenie: konfiguracje z podw\u00f3jnymi lub wieloszybowymi szybami zespolonymi<\/p>\n<\/li>\n<li data-start=\"959\" data-end=\"1040\">\n<p data-start=\"961\" data-end=\"1040\">Pow\u0142oki niskoemisyjne, przyciemniane szk\u0142o i wzory frytek oferowane w zale\u017cno\u015bci od projektu<\/p>\n<\/li>\n<li data-start=\"1041\" data-end=\"1131\">\n<p data-start=\"1043\" data-end=\"1131\">Wyb\u00f3r element\u00f3w dystansowych i uszczelnie\u0144 dostosowany do docelowej trwa\u0142o\u015bci i potrzeb monta\u017cowych<\/p>\n<\/li>\n<li data-start=\"1132\" data-end=\"1216\">\n<p data-start=\"1134\" data-end=\"1216\">Wsparcie rysunk\u00f3w warsztatowych do zatwierdzenia, znaczniki i odniesienia do instalacji<\/p>\n<\/li>\n<\/ul>\n<p data-start=\"1218\" data-end=\"1463\">Typowe zastosowania<br data-start=\"1238\" data-end=\"1241\" \/>Zunifikowane panele \u015bcian os\u0142onowych, systemy \u015bcian os\u0142onowych o konstrukcji szkieletowej, przeszklenia wie\u017cowc\u00f3w, fasady podium, atria i kraw\u0119\u017cniki \u015bwietlik\u00f3w, przeszklenia lotnisk i terminali, elewacje wie\u017c biurowych, koperty budynk\u00f3w instytucjonalnych.<\/p>\n<p data-start=\"1465\" data-end=\"1742\">Dostawa i wsparcie<br data-start=\"1481\" data-end=\"1484\" \/>Bezpo\u015brednia produkcja fabryczna jest dost\u0119pna ze stabilnym planowaniem czasu realizacji dla dostaw etapowych. Opakowania eksportowe i skrzynkowe chroni\u0105 szyby zespolone podczas transportu, a do ka\u017cdej partii mo\u017cna do\u0142\u0105czy\u0107 dokumentacj\u0119 kontroli. Zgodno\u015b\u0107 z normami dost\u0119pna na \u017cyczenie.<\/p>","protected":false},"excerpt":{"rendered":"<p>Zaprojektowane z my\u015bl\u0105 o wydajno\u015bci fasady, to szk\u0142o izolacyjne IGU do \u015bcian os\u0142onowych jest zbudowane zgodnie ze specyfikacjami projektu, z niezawodnymi uszczelkami kraw\u0119dzi i sta\u0142ymi wymiarami. Bezpo\u015brednie dostawy fabryczne wspieraj\u0105 jednolite panele \u015bcian os\u0142onowych i wysokie obszary wizyjne, w kt\u00f3rych liczy si\u0119 d\u0142uga \u017cywotno\u015b\u0107 i przewidywalny monta\u017c.<\/p>","protected":false},"featured_media":1150,"template":"","meta":{"_gspb_post_css":""},"product_brand":[],"product_cat":[25],"product_tag":[232,64,330,97,296,57,661,660,662,574,263,60],"class_list":{"0":"post-1135","1":"product","2":"type-product","3":"status-publish","4":"has-post-thumbnail","6":"product_cat-insulating-glass-igu","7":"product_tag-curtain-wall-igu","8":"product_tag-custom-size","9":"product_tag-facade-glazing","10":"product_tag-factory-direct","11":"product_tag-high-rise-curtain-wall","12":"product_tag-insulated-glass-unit","13":"product_tag-low-e-coated-igu","14":"product_tag-project-spec-useful-curtain-wall-igu-insulating-glass","15":"product_tag-tempered-glass-lite","16":"product_tag-unitized-curtain-wall","17":"product_tag-volume-production","18":"product_tag-warm-edge-spacer","20":"first","21":"instock","22":"shipping-taxable","23":"purchasable","24":"product-type-simple"},"_links":{"self":[{"href":"https:\/\/theinsulatedglass.com\/pl\/wp-json\/wp\/v2\/product\/1135","targetHints":{"allow":["GET"]}}],"collection":[{"href":"https:\/\/theinsulatedglass.com\/pl\/wp-json\/wp\/v2\/product"}],"about":[{"href":"https:\/\/theinsulatedglass.com\/pl\/wp-json\/wp\/v2\/types\/product"}],"wp:featuredmedia":[{"embeddable":true,"href":"https:\/\/theinsulatedglass.com\/pl\/wp-json\/wp\/v2\/media\/1150"}],"wp:attachment":[{"href":"https:\/\/theinsulatedglass.com\/pl\/wp-json\/wp\/v2\/media?parent=1135"}],"wp:term":[{"taxonomy":"product_brand","embeddable":true,"href":"https:\/\/theinsulatedglass.com\/pl\/wp-json\/wp\/v2\/product_brand?post=1135"},{"taxonomy":"product_cat","embeddable":true,"href":"https:\/\/theinsulatedglass.com\/pl\/wp-json\/wp\/v2\/product_cat?post=1135"},{"taxonomy":"product_tag","embeddable":true,"href":"https:\/\/theinsulatedglass.com\/pl\/wp-json\/wp\/v2\/product_tag?post=1135"}],"curies":[{"name":"wp","href":"https:\/\/api.w.org\/{rel}","templated":true}]}}