{"id":1136,"date":"2026-01-29T02:34:26","date_gmt":"2026-01-29T02:34:26","guid":{"rendered":"https:\/\/theinsulatedglass.com\/?post_type=product&#038;p=1136"},"modified":"2026-01-29T02:34:26","modified_gmt":"2026-01-29T02:34:26","slug":"interlayer-options-bulk-clear-and-useful-laminated-glass","status":"publish","type":"product","link":"https:\/\/theinsulatedglass.com\/pl\/interlayer-options-bulk-clear-and-useful-laminated-glass\/","title":{"rendered":"Opcje mi\u0119dzywarstwowe Szk\u0142o laminowane przezroczyste i u\u017cyteczne luzem"},"content":{"rendered":"<p data-start=\"69\" data-end=\"355\">Przegl\u0105d<br data-start=\"77\" data-end=\"80\" \/>Odblaski, echo i kwestie bezpiecze\u0144stwa cz\u0119sto pojawiaj\u0105 si\u0119 w zat\u0142oczonych wn\u0119trzach - przezroczyste szk\u0142o laminowane pomaga rozwi\u0105za\u0107 wszystkie trzy problemy. Dzi\u0119ki po\u0142\u0105czeniu dw\u00f3ch tafli z wybran\u0105 warstw\u0105 po\u015bredni\u0105, panel pozostaje bardziej stabilny po uderzeniu i mo\u017cna go dostroi\u0107 w celu uzyskania spokojniejszego wra\u017cenia akustycznego w zaj\u0119tych przestrzeniach.<\/p>\n<p data-start=\"359\" data-end=\"759\">Kluczowe cechy<br data-start=\"371\" data-end=\"374\" \/>- T\u0142umienie odczuwalnego przenoszenia ha\u0142asu, gdy okre\u015blona jest warstwa po\u015brednia klasy akustycznej<br data-start=\"458\" data-end=\"461\" \/>- Utrzymuje fragmenty razem po z\u0142amaniu, zwi\u0119kszaj\u0105c bezpiecze\u0144stwo pasa\u017cer\u00f3w<br data-start=\"530\" data-end=\"533\" \/>- Filtr UV pomaga spowolni\u0107 blakni\u0119cie wyko\u0144cze\u0144 wewn\u0119trznych w pobli\u017cu szyb<br data-start=\"598\" data-end=\"601\" \/>- Zachowanie przejrzystego wygl\u0105du dla otwartych linii wzroku i dystrybucji \u015bwiat\u0142a dziennego<br data-start=\"674\" data-end=\"677\" \/>- Wspieraj\u0105 strategie ochrony prywatno\u015bci w po\u0142\u0105czeniu z foliami, nadrukami lub wzorzystymi warstwami.<\/p>\n<p data-start=\"763\" data-end=\"1175\">Opcje i personalizacja<br data-start=\"786\" data-end=\"789\" \/>- Panele o niestandardowym rozmiarze \/ produkowane na zam\u00f3wienie na podstawie specyfikacji projektu lub pr\u00f3bki<br data-start=\"858\" data-end=\"861\" \/>- Warstwy po\u015brednie dost\u0119pne na \u017cyczenie: standardowa przezroczysta PVB, akustyczna PVB, strukturalna warstwa po\u015brednia<br data-start=\"959\" data-end=\"962\" \/>- Zabudowy z przezroczystym, nisko\u017celazowym lub przyciemnianym szk\u0142em zgodnie z wymaganiami<br data-start=\"1023\" data-end=\"1026\" \/>- Kraw\u0119dzie, wyci\u0119cia i otwory mog\u0105 by\u0107 dostarczone dla wspornik\u00f3w i osprz\u0119tu.<br data-start=\"1098\" data-end=\"1101\" \/>- Szyby laminowane gotowe do monta\u017cu w szybach zespolonych i pasuj\u0105ce zestawy do monta\u017cu wielopanelowego<\/p>\n<p data-start=\"1179\" data-end=\"1358\">Typowe zastosowania<br data-start=\"1199\" data-end=\"1202\" \/>\u015acianki dzia\u0142owe w biurach, \u015bciany w salach konferencyjnych, ekrany w lobby hotelowym, przeszklenia balkon\u00f3w mieszkalnych, witryny sklepowe, drzwi wewn\u0119trzne, balustrady schod\u00f3w, hole windowe<\/p>\n<p data-start=\"1362\" data-end=\"1644\">Dostawa i wsparcie<br data-start=\"1378\" data-end=\"1381\" \/>Fabryczna produkcja seryjna wspiera dostawy masowe ze stabilnym czasem realizacji. Stosowana jest wewn\u0119trzna kontrola jako\u015bci i identyfikowalno\u015b\u0107 jako\u015bci, z dost\u0119pnym pakowaniem eksportowym \/ pakowaniem w skrzynie; mo\u017cna zapewni\u0107 koordynacj\u0119 rysunk\u00f3w warsztatowych. Zgodno\u015b\u0107 z normami dost\u0119pna na \u017cyczenie.<\/p>","protected":false},"excerpt":{"rendered":"<p>Przezroczyste szk\u0142o laminowane z opcjami mi\u0119dzywarstwowymi jest dostarczane w rozmiarach na zam\u00f3wienie, aby zr\u00f3wnowa\u017cy\u0107 bezpiecze\u0144stwo z lepszym komfortem akustycznym. Jest to powszechny wyb\u00f3r w przypadku \u015bcianek dzia\u0142owych w biurach i przeszkle\u0144 w salach konferencyjnych, gdzie odporno\u015b\u0107 na uderzenia i ni\u017cszy poziom ha\u0142asu pomagaj\u0105 stworzy\u0107 bardziej komfortowe miejsce pracy.<\/p>","protected":false},"featured_media":1160,"template":"","meta":{"_gspb_post_css":""},"product_brand":[],"product_cat":[30],"product_tag":[656,66,64,97,658,655,68,657,136,69,659],"class_list":{"0":"post-1136","1":"product","2":"type-product","3":"status-publish","4":"has-post-thumbnail","6":"product_cat-laminated-glass","7":"product_tag-acoustic-interlayer-glass","8":"product_tag-bulk-supply","9":"product_tag-custom-size","10":"product_tag-factory-direct","11":"product_tag-hotel-lobby-glass-screen","12":"product_tag-interlayer-options-bulk-clear-and-useful-laminated-glass","13":"product_tag-laminated-safety-glass","14":"product_tag-meeting-room-wall-glazing","15":"product_tag-office-partition-glass","16":"product_tag-pvb-interlayer","17":"product_tag-window-laminated-glass","19":"first","20":"instock","21":"shipping-taxable","22":"purchasable","23":"product-type-simple"},"_links":{"self":[{"href":"https:\/\/theinsulatedglass.com\/pl\/wp-json\/wp\/v2\/product\/1136","targetHints":{"allow":["GET"]}}],"collection":[{"href":"https:\/\/theinsulatedglass.com\/pl\/wp-json\/wp\/v2\/product"}],"about":[{"href":"https:\/\/theinsulatedglass.com\/pl\/wp-json\/wp\/v2\/types\/product"}],"wp:featuredmedia":[{"embeddable":true,"href":"https:\/\/theinsulatedglass.com\/pl\/wp-json\/wp\/v2\/media\/1160"}],"wp:attachment":[{"href":"https:\/\/theinsulatedglass.com\/pl\/wp-json\/wp\/v2\/media?parent=1136"}],"wp:term":[{"taxonomy":"product_brand","embeddable":true,"href":"https:\/\/theinsulatedglass.com\/pl\/wp-json\/wp\/v2\/product_brand?post=1136"},{"taxonomy":"product_cat","embeddable":true,"href":"https:\/\/theinsulatedglass.com\/pl\/wp-json\/wp\/v2\/product_cat?post=1136"},{"taxonomy":"product_tag","embeddable":true,"href":"https:\/\/theinsulatedglass.com\/pl\/wp-json\/wp\/v2\/product_tag?post=1136"}],"curies":[{"name":"wp","href":"https:\/\/api.w.org\/{rel}","templated":true}]}}