{"id":1237,"date":"2026-01-29T03:59:08","date_gmt":"2026-01-29T03:59:08","guid":{"rendered":"https:\/\/theinsulatedglass.com\/?post_type=product&#038;p=1237"},"modified":"2026-01-29T03:59:08","modified_gmt":"2026-01-29T03:59:08","slug":"factory-direct-clear-laminated-glass-for-safety-use","status":"publish","type":"product","link":"https:\/\/theinsulatedglass.com\/pl\/factory-direct-clear-laminated-glass-for-safety-use\/","title":{"rendered":"Fabrycznie przezroczyste szk\u0142o laminowane dla bezpiecze\u0144stwa"},"content":{"rendered":"<p data-start=\"64\" data-end=\"348\">Przegl\u0105d<br data-start=\"72\" data-end=\"75\" \/>Przejrzysto\u015b\u0107 ma znaczenie, gdy cz\u0119\u015bci\u0105 projektu jest bezpieczne przeszklenie. Fabrycznie bezpo\u015brednio przezroczyste szk\u0142o laminowane zachowuje czysty, neutralny wygl\u0105d, a warstwa po\u015brednia pomaga utrzyma\u0107 fragmenty razem w przypadku p\u0119kni\u0119cia. Pasuje do przestrzeni, w kt\u00f3rych oczekuje si\u0119 \u015bwiat\u0142a dziennego, widoczno\u015bci i wyrafinowanego wyko\u0144czenia.<\/p>\n<p data-start=\"352\" data-end=\"731\">Kluczowe cechy<br data-start=\"364\" data-end=\"367\" \/>- Zachowuj\u0105 przezroczysty wygl\u0105d dzi\u0119ki przezroczystej konstrukcji mi\u0119dzywarstwowej<br data-start=\"437\" data-end=\"440\" \/>- Lepsza retencja po p\u0119kni\u0119ciu dzi\u0119ki \u0142\u0105czeniu ze sob\u0105 warstw szk\u0142a<br data-start=\"505\" data-end=\"508\" \/>- Zwi\u0119kszona wydajno\u015b\u0107 filtrowania promieni UV, aby pom\u00f3c chroni\u0107 pobliskie wyko\u0144czenia<br data-start=\"574\" data-end=\"577\" \/>- Obs\u0142uguje wygl\u0105d kraw\u0119dzi premium, gdy jest okre\u015blony z odpowiednim wyko\u0144czeniem kraw\u0119dzi<br data-start=\"653\" data-end=\"656\" \/>- Utrzymanie stabilnej jako\u015bci wizualnej dzi\u0119ki kontrolowanemu procesowi laminowania<\/p>\n<p data-start=\"735\" data-end=\"1168\">Opcje i personalizacja<br data-start=\"758\" data-end=\"761\" \/>- Niestandardowy rozmiar \/ panele na zam\u00f3wienie dopasowane do otworu i uk\u0142adu oku\u0107<br data-start=\"839\" data-end=\"842\" \/>- Warstwy po\u015brednie dost\u0119pne na \u017cyczenie (przezroczysta PVB, akustyczna, strukturalna)<br data-start=\"926\" data-end=\"929\" \/>- W zale\u017cno\u015bci od potrzeb oferowane s\u0105 r\u00f3\u017cne rodzaje szk\u0142a, w tym opcja nisko\u017celazowa i kombinacje przyciemniane.<br data-start=\"1016\" data-end=\"1019\" \/>- Kraw\u0119dzie, promienie naro\u017cnik\u00f3w, otwory i wyci\u0119cia dost\u0119pne dla oku\u0107 i kana\u0142\u00f3w<br data-start=\"1099\" data-end=\"1102\" \/>- Szyby laminowane gotowe do monta\u017cu w szybach zespolonych i dopasowane zestawy dostarczane na \u017cyczenie.<\/p>\n<p data-start=\"1172\" data-end=\"1336\">Typowe zastosowania<br data-start=\"1192\" data-end=\"1195\" \/>Balustrady szklane, os\u0142ony schod\u00f3w, \u015bwietliki dachowe, zadaszenia, panele wizyjne w witrynach sklepowych, \u015bcianki dzia\u0142owe wewn\u0119trzne, drzwi boczne, przeszklenia witryn wystawowych<\/p>\n<p data-start=\"1340\" data-end=\"1662\">Dostawa i wsparcie<br data-start=\"1356\" data-end=\"1359\" \/>Dostosowane do potrzeb projektu ze wsparciem rysunkowym i koordynacj\u0105 rysunk\u00f3w warsztatowych w razie potrzeby. Wewn\u0119trzna kontrola jako\u015bci z mo\u017cliwo\u015bci\u0105 \u015bledzenia jako\u015bci wspiera sp\u00f3jne partie, z opakowaniem eksportowym \/ pakowaniem skrzy\u0144 zorganizowanym w celu bezpiecznego transportu i stabilnym czasem realizacji dla powtarzaj\u0105cych si\u0119 zam\u00f3wie\u0144. Zgodno\u015b\u0107 z normami dost\u0119pna na \u017cyczenie.<\/p>","protected":false},"excerpt":{"rendered":"<p>Przezroczyste szk\u0142o laminowane \u0142\u0105czy w sobie czysty, wysoce przezroczysty wygl\u0105d z bezpieczniejszym zatrzymywaniem fragment\u00f3w dzi\u0119ki klejonej warstwie po\u015bredniej. Dostarczane w rozmiarach na zam\u00f3wienie, jest szeroko stosowane w szklanych balustradach, gdzie wymagane s\u0105 zar\u00f3wno otwarte linie wzroku, jak i codzienne bezpiecze\u0144stwo.<\/p>","protected":false},"featured_media":1255,"template":"","meta":{"_gspb_post_css":""},"product_brand":[],"product_cat":[29],"product_tag":[744,66,743,64,97,742,534,745,441,746,747,442],"class_list":{"0":"post-1237","1":"product","2":"type-product","3":"status-publish","4":"has-post-thumbnail","6":"product_cat-safety-glass-series","7":"product_tag-acoustic-interlayer-option","8":"product_tag-bulk-supply","9":"product_tag-clear-laminated-glass","10":"product_tag-custom-size","11":"product_tag-factory-direct","12":"product_tag-factory-direct-clear-laminated-glass-for-safety-use","13":"product_tag-glass-balustrade-panels","14":"product_tag-igu-ready-laminated-pane","15":"product_tag-pvb-interlayer-glass","16":"product_tag-skylight-safety-glazing","17":"product_tag-storefront-vision-glass","18":"product_tag-tempered-laminated-option","20":"first","21":"instock","22":"shipping-taxable","23":"purchasable","24":"product-type-simple"},"_links":{"self":[{"href":"https:\/\/theinsulatedglass.com\/pl\/wp-json\/wp\/v2\/product\/1237","targetHints":{"allow":["GET"]}}],"collection":[{"href":"https:\/\/theinsulatedglass.com\/pl\/wp-json\/wp\/v2\/product"}],"about":[{"href":"https:\/\/theinsulatedglass.com\/pl\/wp-json\/wp\/v2\/types\/product"}],"wp:featuredmedia":[{"embeddable":true,"href":"https:\/\/theinsulatedglass.com\/pl\/wp-json\/wp\/v2\/media\/1255"}],"wp:attachment":[{"href":"https:\/\/theinsulatedglass.com\/pl\/wp-json\/wp\/v2\/media?parent=1237"}],"wp:term":[{"taxonomy":"product_brand","embeddable":true,"href":"https:\/\/theinsulatedglass.com\/pl\/wp-json\/wp\/v2\/product_brand?post=1237"},{"taxonomy":"product_cat","embeddable":true,"href":"https:\/\/theinsulatedglass.com\/pl\/wp-json\/wp\/v2\/product_cat?post=1237"},{"taxonomy":"product_tag","embeddable":true,"href":"https:\/\/theinsulatedglass.com\/pl\/wp-json\/wp\/v2\/product_tag?post=1237"}],"curies":[{"name":"wp","href":"https:\/\/api.w.org\/{rel}","templated":true}]}}