{"id":1265,"date":"2026-01-29T06:34:46","date_gmt":"2026-01-29T06:34:46","guid":{"rendered":"https:\/\/theinsulatedglass.com\/?post_type=product&#038;p=1265"},"modified":"2026-01-29T06:34:46","modified_gmt":"2026-01-29T06:34:46","slug":"custom-finish-bulk-supply-acid-etched-tempered-glass","status":"publish","type":"product","link":"https:\/\/theinsulatedglass.com\/pl\/custom-finish-bulk-supply-acid-etched-tempered-glass\/","title":{"rendered":"Niestandardowe wyko\u0144czenie Bulk Supply Szk\u0142o hartowane trawione kwasem"},"content":{"rendered":"<p data-start=\"65\" data-end=\"370\">Przegl\u0105d<br data-start=\"73\" data-end=\"76\" \/>Od zatwierdzenia pr\u00f3bki do powt\u00f3rnego uzupe\u0142nienia, szk\u0142o hartowane trawione kwasem wymaga \u015bcis\u0142ej kontroli tekstury powierzchni i wyko\u0144czenia kraw\u0119dzi. Panele te \u0142\u0105cz\u0105 mi\u0119kki matowy wygl\u0105d z wytrzyma\u0142o\u015bci\u0105 i bezpiecze\u0144stwem szk\u0142a hartowanego, zapewniaj\u0105c sp\u00f3jne wyniki w programach wieloseryjnych.<\/p>\n<p data-start=\"374\" data-end=\"757\">Kluczowe cechy<br data-start=\"386\" data-end=\"389\" \/>- Zapewniaj\u0105 nisko-odblaskowy, rozproszony wygl\u0105d, kt\u00f3ry pomaga poprawi\u0107 komfort widzenia<br data-start=\"459\" data-end=\"462\" \/>- Wzmocnienie paneli poprzez odpuszczanie zapewnia bezpieczniejsz\u0105 charakterystyk\u0119 p\u0119kania<br data-start=\"534\" data-end=\"537\" \/>- Polerowane wyko\u0144czenie kraw\u0119dzi zapewnia czystsze po\u0142\u0105czenia i bezpieczniejsz\u0105 obs\u0142ug\u0119<br data-start=\"608\" data-end=\"611\" \/>- Minimalizacja zmienno\u015bci mi\u0119dzy partiami dzi\u0119ki wewn\u0119trznej kontroli jako\u015bci i identyfikowalno\u015bci jako\u015bci<br data-start=\"684\" data-end=\"687\" \/>- Wsparcie produkcji wielkoseryjnej dla bie\u017c\u0105cych dostaw hurtowych i projektowych<\/p>\n<p data-start=\"761\" data-end=\"1136\">Opcje i personalizacja<br data-start=\"784\" data-end=\"787\" \/>- Rozmiar niestandardowy \/ Wykonane na zam\u00f3wienie z CAD, rysunku lub zatwierdzonej pr\u00f3bki<br data-start=\"859\" data-end=\"862\" \/>- Jednostronne lub dwustronne wyko\u0144czenie trawione kwasem dost\u0119pne na \u017cyczenie<br data-start=\"924\" data-end=\"927\" \/>- Opcje wyko\u0144czenia kraw\u0119dzi, w tym polerowanie na p\u0142asko, arris, fazowanie i promienie naro\u017cnik\u00f3w<br data-start=\"999\" data-end=\"1002\" \/>- Otwory, wyci\u0119cia i wyci\u0119cia oferowane tam, gdzie wymaga tego projekt<br data-start=\"1061\" data-end=\"1064\" \/>- Us\u0142uga OEM\/ODM dla oznaczonych paneli, zestaw\u00f3w i opakowa\u0144 z w\u0142asn\u0105 etykiet\u0105<\/p>\n<p data-start=\"1140\" data-end=\"1362\">Typowe zastosowania<br data-start=\"1160\" data-end=\"1163\" \/>Szklane \u015bcianki dzia\u0142owe do biur, ekrany do sal konferencyjnych, panele prysznicowe, drzwi do szaf i szafek, przeszklenia zapewniaj\u0105ce prywatno\u015b\u0107 na klatkach schodowych, \u015bcianki dzia\u0142owe do przymierzalni detalicznych, pod\u015bwietlenia drzwi wewn\u0119trznych, przegrody gablotowe<\/p>\n<p data-start=\"1366\" data-end=\"1662\">Dostawa i wsparcie<br data-start=\"1382\" data-end=\"1385\" \/>Planowanie stabilnego czasu realizacji jest dost\u0119pne w przypadku powtarzaj\u0105cych si\u0119 zam\u00f3wie\u0144 i dostaw etapowych. Opakowania eksportowe z opakowaniami skrzyniowymi, ochron\u0105 kraw\u0119dzi i etykietowaniem zapewniaj\u0105 bezpieczny transport. Wsparcie w zakresie rysunk\u00f3w warsztatowych i zapis\u00f3w z inspekcji mo\u017ce by\u0107 zapewnione, a zgodno\u015b\u0107 z normami dost\u0119pna na \u017c\u0105danie.<\/p>","protected":false},"excerpt":{"rendered":"<p>To wytrawiane kwasem szk\u0142o o wyrafinowanej matowej powierzchni i hartowanej wytrzyma\u0142o\u015bci jest dostarczane w rozmiarach Made-to-Order, co zapewnia sp\u00f3jny wygl\u0105d partii. Idealne do szklanych \u015bcianek dzia\u0142owych i kabin prysznicowych, obs\u0142uguje programy hurtowe z identyfikowaln\u0105 wewn\u0119trzn\u0105 kontrol\u0105 jako\u015bci i niezawodnym opakowaniem do wysy\u0142ki.<\/p>","protected":false},"featured_media":1271,"template":"","meta":{"_gspb_post_css":""},"product_brand":[],"product_cat":[20],"product_tag":[787,763,790,789,786,735,489,788,136,602,137],"class_list":{"0":"post-1265","1":"product","2":"type-product","3":"status-publish","4":"has-post-thumbnail","6":"product_cat-flat-tempered-glass","7":"product_tag-acid-etched-tempered-glass","8":"product_tag-bulk-supply-volume-production","9":"product_tag-cabinet-door-glass","10":"product_tag-cnc-cutouts-tempered-glass","11":"product_tag-custom-finish-bulk-supply-acid-etched-tempered-glass","12":"product_tag-custom-size-made-to-order","13":"product_tag-export-crate-packing","14":"product_tag-matte-frosted-tempered-glass","15":"product_tag-office-partition-glass","16":"product_tag-polished-edge-glass-panel","17":"product_tag-shower-screen-glass","19":"first","20":"instock","21":"shipping-taxable","22":"purchasable","23":"product-type-simple"},"_links":{"self":[{"href":"https:\/\/theinsulatedglass.com\/pl\/wp-json\/wp\/v2\/product\/1265","targetHints":{"allow":["GET"]}}],"collection":[{"href":"https:\/\/theinsulatedglass.com\/pl\/wp-json\/wp\/v2\/product"}],"about":[{"href":"https:\/\/theinsulatedglass.com\/pl\/wp-json\/wp\/v2\/types\/product"}],"wp:featuredmedia":[{"embeddable":true,"href":"https:\/\/theinsulatedglass.com\/pl\/wp-json\/wp\/v2\/media\/1271"}],"wp:attachment":[{"href":"https:\/\/theinsulatedglass.com\/pl\/wp-json\/wp\/v2\/media?parent=1265"}],"wp:term":[{"taxonomy":"product_brand","embeddable":true,"href":"https:\/\/theinsulatedglass.com\/pl\/wp-json\/wp\/v2\/product_brand?post=1265"},{"taxonomy":"product_cat","embeddable":true,"href":"https:\/\/theinsulatedglass.com\/pl\/wp-json\/wp\/v2\/product_cat?post=1265"},{"taxonomy":"product_tag","embeddable":true,"href":"https:\/\/theinsulatedglass.com\/pl\/wp-json\/wp\/v2\/product_tag?post=1265"}],"curies":[{"name":"wp","href":"https:\/\/api.w.org\/{rel}","templated":true}]}}