{"id":1268,"date":"2026-01-29T06:34:38","date_gmt":"2026-01-29T06:34:38","guid":{"rendered":"https:\/\/theinsulatedglass.com\/?post_type=product&#038;p=1268"},"modified":"2026-01-29T06:34:38","modified_gmt":"2026-01-29T06:34:38","slug":"custom-tinted-laminated-glass-for-decoration","status":"publish","type":"product","link":"https:\/\/theinsulatedglass.com\/pl\/custom-tinted-laminated-glass-for-decoration\/","title":{"rendered":"Niestandardowe przyciemniane szk\u0142o laminowane do dekoracji"},"content":{"rendered":"<p data-start=\"57\" data-end=\"336\">Przegl\u0105d<br data-start=\"65\" data-end=\"68\" \/>Kolor mo\u017ce zrobi\u0107 wi\u0119cej ni\u017c tylko dekorowa\u0107 - mo\u017ce r\u00f3wnie\u017c z\u0142agodzi\u0107 odblaski i stworzy\u0107 spokojniejsz\u0105, bardziej prywatn\u0105 atmosfer\u0119. Niestandardowe przyciemniane szk\u0142o laminowane \u0142\u0105czy dwie tafle za pomoc\u0105 warstwy po\u015bredniej, zapewniaj\u0105c sp\u00f3jny odcie\u0144, jednocze\u015bnie zapewniaj\u0105c bezpieczniejsze zachowanie po p\u0119kni\u0119ciu w zajmowanych wn\u0119trzach.<\/p>\n<p data-start=\"340\" data-end=\"694\">Kluczowe cechy<br data-start=\"352\" data-end=\"355\" \/>- Zr\u00f3wnowa\u017cenie komfortu \u015bwiat\u0142a dziennego poprzez redukcj\u0119 ostrej jasno\u015bci dzi\u0119ki przyciemnieniu.<br data-start=\"423\" data-end=\"426\" \/>- Wprowadzenie prywatno\u015bci wizualnej bez ca\u0142kowitego blokowania linii wzroku<br data-start=\"486\" data-end=\"489\" \/>- Utrzymuje fragmenty razem po uderzeniu dzi\u0119ki laminowanej konstrukcji<br data-start=\"555\" data-end=\"558\" \/>- Poprawia odporno\u015b\u0107 na blakni\u0119cie pobliskich wyko\u0144cze\u0144 poprzez filtrowanie promieniowania UV.<br data-start=\"618\" data-end=\"621\" \/>- Utrzymanie czystej estetyki z kontrolowanym zamgleniem i sp\u00f3jno\u015bci\u0105 koloru.<\/p>\n<p data-start=\"698\" data-end=\"1130\">Opcje i personalizacja<br data-start=\"721\" data-end=\"724\" \/>- Panele o niestandardowych rozmiarach \/ produkowane na zam\u00f3wienie na podstawie specyfikacji projektu, danych CAD lub pr\u00f3bek<br data-start=\"795\" data-end=\"798\" \/>- Warstwy po\u015brednie dost\u0119pne na \u017cyczenie (przezroczysta PVB, warstwa akustyczna, kolorowa warstwa po\u015brednia)<br data-start=\"887\" data-end=\"890\" \/>- Wyb\u00f3r odcieni szk\u0142a i parowanie o niskiej zawarto\u015bci \u017celaza w celu dopasowania wygl\u0105du<br data-start=\"966\" data-end=\"969\" \/>- Wyko\u0144czenie kraw\u0119dzi, promienie naro\u017cnik\u00f3w, otwory i wyci\u0119cia dost\u0119pne dla sprz\u0119tu i kana\u0142\u00f3w<br data-start=\"1055\" data-end=\"1058\" \/>- Obs\u0142uga OEM\/ODM dla powtarzalnych serii i program\u00f3w markowych<\/p>\n<p data-start=\"1134\" data-end=\"1349\">Typowe zastosowania<br data-start=\"1154\" data-end=\"1157\" \/>Przegrody zapewniaj\u0105ce prywatno\u015b\u0107 w biurach, panele w lobby hotelowym, przegrody w restauracjach, t\u0142a wystawowe w sklepach detalicznych, wype\u0142nienia balustrad schodowych, drzwi boczne, ekrany recepcyjne, wk\u0142adki do mebli i szafek<\/p>\n<p data-start=\"1353\" data-end=\"1639\">Dostawa i wsparcie<br data-start=\"1369\" data-end=\"1372\" \/>Bezpo\u015brednia produkcja fabryczna wspiera dostawy masowe ze stabilnym czasem realizacji. Stosowana jest wewn\u0119trzna kontrola jako\u015bci i identyfikowalno\u015b\u0107 jako\u015bci, z pakowaniem eksportowym \/ pakowaniem skrzynek w celu bezpiecznej dostawy i wsparciem w zakresie przegl\u0105du rysunk\u00f3w zgodnie z wymaganiami. Zgodno\u015b\u0107 z normami dost\u0119pna na \u017cyczenie.<\/p>","protected":false},"excerpt":{"rendered":"<p>Niestandardowe barwione szk\u0142o laminowane \u0142\u0105czy w sobie dekoracyjny kolor z laminowanym zabezpieczeniem i bardziej komfortowym poziomem ol\u015bnienia. Dostarczane w panelach na zam\u00f3wienie, jest popularnym wyborem dla biurowych \u015bcianek dzia\u0142owych i ekran\u00f3w hotelowych, kt\u00f3re wymagaj\u0105 czystego, sp\u00f3jnego wyko\u0144czenia.<\/p>","protected":false},"featured_media":1286,"template":"","meta":{"_gspb_post_css":""},"product_brand":[],"product_cat":[34],"product_tag":[770,773,66,64,769,771,774,772,86,136,441,389],"class_list":{"0":"post-1268","1":"product","2":"type-product","3":"status-publish","4":"has-post-thumbnail","6":"product_cat-decorative-special-glass","7":"product_tag-acoustic-laminated-option","8":"product_tag-balustrade-infill-glass","9":"product_tag-bulk-supply","10":"product_tag-custom-size","11":"product_tag-custom-tinted-laminated-glass-for-decoration","12":"product_tag-decorative-laminated-glass-panels","13":"product_tag-door-sidelite-glass","14":"product_tag-feature-wall-glazing","15":"product_tag-oem-odm-service","16":"product_tag-office-partition-glass","17":"product_tag-pvb-interlayer-glass","18":"product_tag-tinted-laminated-glass","20":"first","21":"instock","22":"shipping-taxable","23":"purchasable","24":"product-type-simple"},"_links":{"self":[{"href":"https:\/\/theinsulatedglass.com\/pl\/wp-json\/wp\/v2\/product\/1268","targetHints":{"allow":["GET"]}}],"collection":[{"href":"https:\/\/theinsulatedglass.com\/pl\/wp-json\/wp\/v2\/product"}],"about":[{"href":"https:\/\/theinsulatedglass.com\/pl\/wp-json\/wp\/v2\/types\/product"}],"wp:featuredmedia":[{"embeddable":true,"href":"https:\/\/theinsulatedglass.com\/pl\/wp-json\/wp\/v2\/media\/1286"}],"wp:attachment":[{"href":"https:\/\/theinsulatedglass.com\/pl\/wp-json\/wp\/v2\/media?parent=1268"}],"wp:term":[{"taxonomy":"product_brand","embeddable":true,"href":"https:\/\/theinsulatedglass.com\/pl\/wp-json\/wp\/v2\/product_brand?post=1268"},{"taxonomy":"product_cat","embeddable":true,"href":"https:\/\/theinsulatedglass.com\/pl\/wp-json\/wp\/v2\/product_cat?post=1268"},{"taxonomy":"product_tag","embeddable":true,"href":"https:\/\/theinsulatedglass.com\/pl\/wp-json\/wp\/v2\/product_tag?post=1268"}],"curies":[{"name":"wp","href":"https:\/\/api.w.org\/{rel}","templated":true}]}}