{"id":1298,"date":"2026-01-29T06:58:56","date_gmt":"2026-01-29T06:58:56","guid":{"rendered":"https:\/\/theinsulatedglass.com\/?post_type=product&#038;p=1298"},"modified":"2026-01-29T06:59:04","modified_gmt":"2026-01-29T06:59:04","slug":"project-spec-custom-coated-glass-energy-saving-glass","status":"publish","type":"product","link":"https:\/\/theinsulatedglass.com\/pl\/project-spec-custom-coated-glass-energy-saving-glass\/","title":{"rendered":"Specyfikacja projektu Niestandardowe szk\u0142o powlekane Szk\u0142o energooszcz\u0119dne"},"content":{"rendered":"<p data-start=\"65\" data-end=\"403\">Przegl\u0105d<br data-start=\"73\" data-end=\"76\" \/>Od rysunk\u00f3w warsztatowych po dostaw\u0119 na miejsce, powlekane szk\u0142o energooszcz\u0119dne dzia\u0142a najlepiej, gdy ka\u017cdy szczeg\u00f3\u0142 jest odpowiednio wcze\u015bnie skoordynowany. To szk\u0142o o specyfikacji projektowej jest produkowane w celu dopasowania do rozmiar\u00f3w otwor\u00f3w, orientacji pow\u0142oki i wymaga\u0144 dotycz\u0105cych monta\u017cu szk\u0142a izolacyjnego. Nadaje si\u0119 do system\u00f3w fasadowych i okiennych, w kt\u00f3rych liczy si\u0119 komfort i sp\u00f3jno\u015b\u0107 partii.<\/p>\n<p data-start=\"407\" data-end=\"854\">Kluczowe cechy<br data-start=\"419\" data-end=\"422\" \/>- Optymalizacja potencja\u0142u wydajno\u015bci energetycznej poprzez odpowiedni dob\u00f3r szk\u0142a powlekanego<br data-start=\"504\" data-end=\"507\" \/>- Wyr\u00f3wnanie pozycji pow\u0142oki dla szyb zespolonych w celu ograniczenia b\u0142\u0119d\u00f3w obs\u0142ugi i instalacji<br data-start=\"589\" data-end=\"592\" \/>- Utrzymanie stabilnej jako\u015bci wizualnej dzi\u0119ki kontrolowanej inspekcji i bezpiecznej obs\u0142udze pow\u0142oki.<br data-start=\"677\" data-end=\"680\" \/>- Wsparcie trwa\u0142ej produkcji szyb zespolonych poprzez odpowiednie przygotowanie kraw\u0119dzi i kontrol\u0119 przetwarzania<br data-start=\"766\" data-end=\"769\" \/>- Zmniejszenie zmienno\u015bci na miejscu poprzez dostarczanie dopasowanych zestaw\u00f3w do projekt\u00f3w wielopoziomowych.<\/p>\n<p data-start=\"858\" data-end=\"1322\">Opcje i personalizacja<br data-start=\"881\" data-end=\"884\" \/>- Rozmiary i kszta\u0142ty niestandardowe \/ wykonywane na zam\u00f3wienie zgodnie ze specyfikacj\u0105 projektu<br data-start=\"947\" data-end=\"950\" \/>- Na \u017cyczenie dost\u0119pne s\u0105 opcje szk\u0142a z pow\u0142ok\u0105 niskoemisyjn\u0105, w tym o neutralnym wygl\u0105dzie.<br data-start=\"1036\" data-end=\"1039\" \/>- Dost\u0119pne pod\u0142o\u017ca: przezroczyste, o niskiej zawarto\u015bci \u017celaza, przyciemniane, hartowane lub laminowane<br data-start=\"1129\" data-end=\"1132\" \/>- Konfiguracje szyb zespolonych (podw\u00f3jne lub potr\u00f3jne) i pakiety wype\u0142nienia gazem oferowane na \u017cyczenie<br data-start=\"1220\" data-end=\"1223\" \/>- Strefy usuwania kraw\u0119dzi, otwory, wyci\u0119cia i przegl\u0105d wykonalno\u015bci z pomoc\u0105 techniczn\u0105\/rysunkiem warsztatowym<\/p>\n<p data-start=\"1326\" data-end=\"1511\">Typowe zastosowania<br data-start=\"1346\" data-end=\"1349\" \/>Panele wizyjne do \u015bcian os\u0142onowych, okna komercyjne, okna mieszkalne, \u015bwietliki, szyby zespolone kompatybilne ze spandrelem, systemy witryn sklepowych, solary, projekty modernizacji elewacji<\/p>\n<p data-start=\"1515\" data-end=\"1804\">Dostawa i wsparcie<br data-start=\"1531\" data-end=\"1534\" \/>Bezpo\u015brednie dostawy fabryczne ze stabilnym czasem realizacji wspieraj\u0105 zar\u00f3wno pr\u00f3bkowanie, jak i produkcj\u0119 seryjn\u0105. Stosowana jest wewn\u0119trzna kontrola jako\u015bci z mo\u017cliwo\u015bci\u0105 \u015bledzenia jako\u015bci, a w przypadku wysy\u0142ki na du\u017ce odleg\u0142o\u015bci mo\u017cna zorganizowa\u0107 pakowanie eksportowe \/ pakowanie w skrzynie. Zgodno\u015b\u0107 z normami dost\u0119pna na \u017cyczenie.<\/p>","protected":false},"excerpt":{"rendered":"<p>To powlekane, energooszcz\u0119dne szk\u0142o jest produkowane na zam\u00f3wienie w celu dopasowania do rysunk\u00f3w i szczeg\u00f3\u0142\u00f3w interfejsu. Pow\u0142oka pomaga zarz\u0105dza\u0107 przenikaniem ciep\u0142a przy jednoczesnym zachowaniu czystego wygl\u0105du, dzi\u0119ki czemu jest to praktyczny wyb\u00f3r dla \u015bcian os\u0142onowych i wysokowydajnych szyb zespolonych.<\/p>","protected":false},"featured_media":1316,"template":"","meta":{"_gspb_post_css":""},"product_brand":[],"product_cat":[24],"product_tag":[66,797,226,64,230,318,267,81,58,796,233,61],"class_list":{"0":"post-1298","1":"product","2":"type-product","3":"status-publish","4":"has-post-thumbnail","6":"product_cat-architectural-energy-saving-glass","7":"product_tag-bulk-supply","8":"product_tag-coated-energy-saving-glazing","9":"product_tag-curtain-wall-vision-glass","10":"product_tag-custom-size","11":"product_tag-double-glazing","12":"product_tag-energy-efficient-window-glass","13":"product_tag-insulated-glass-unit-igu","14":"product_tag-laminated-glass-option","15":"product_tag-low-e-coated-glass","16":"product_tag-project-spec-custom-coated-glass-energy-saving-glass","17":"product_tag-skylight-igu","18":"product_tag-tempered-glass-option","20":"first","21":"instock","22":"shipping-taxable","23":"purchasable","24":"product-type-simple"},"_links":{"self":[{"href":"https:\/\/theinsulatedglass.com\/pl\/wp-json\/wp\/v2\/product\/1298","targetHints":{"allow":["GET"]}}],"collection":[{"href":"https:\/\/theinsulatedglass.com\/pl\/wp-json\/wp\/v2\/product"}],"about":[{"href":"https:\/\/theinsulatedglass.com\/pl\/wp-json\/wp\/v2\/types\/product"}],"wp:featuredmedia":[{"embeddable":true,"href":"https:\/\/theinsulatedglass.com\/pl\/wp-json\/wp\/v2\/media\/1316"}],"wp:attachment":[{"href":"https:\/\/theinsulatedglass.com\/pl\/wp-json\/wp\/v2\/media?parent=1298"}],"wp:term":[{"taxonomy":"product_brand","embeddable":true,"href":"https:\/\/theinsulatedglass.com\/pl\/wp-json\/wp\/v2\/product_brand?post=1298"},{"taxonomy":"product_cat","embeddable":true,"href":"https:\/\/theinsulatedglass.com\/pl\/wp-json\/wp\/v2\/product_cat?post=1298"},{"taxonomy":"product_tag","embeddable":true,"href":"https:\/\/theinsulatedglass.com\/pl\/wp-json\/wp\/v2\/product_tag?post=1298"}],"curies":[{"name":"wp","href":"https:\/\/api.w.org\/{rel}","templated":true}]}}