{"id":543,"date":"2026-01-27T06:06:26","date_gmt":"2026-01-27T06:06:26","guid":{"rendered":"https:\/\/theinsulatedglass.com\/?post_type=product&#038;p=543"},"modified":"2026-01-27T06:06:26","modified_gmt":"2026-01-27T06:06:26","slug":"pvb-laminated-glass-safety-use-bulk-supply","status":"publish","type":"product","link":"https:\/\/theinsulatedglass.com\/pl\/pvb-laminated-glass-safety-use-bulk-supply\/","title":{"rendered":"Bezpieczne szk\u0142o laminowane PVB - dostawa hurtowa"},"content":{"rendered":"<p data-start=\"49\" data-end=\"445\"><strong data-start=\"57\" data-end=\"69\">Przegl\u0105d<\/strong><br data-start=\"69\" data-end=\"72\" \/>Zaprojektowane z my\u015bl\u0105 o komforcie w miejscach o du\u017cym nat\u0119\u017ceniu ruchu, szk\u0142o laminowane PVB redukuje przenoszenie wibracji, zapewniaj\u0105c jednocze\u015bnie warstw\u0119 bezpiecze\u0144stwa, kt\u00f3ra pomaga utrzyma\u0107 rozbite fragmenty zwi\u0105zane z warstw\u0105 po\u015bredni\u0105. Jest to praktyczny wyb\u00f3r tam, gdzie ryzyko uderzenia, ryzyko upadku lub du\u017cy ruch pieszych wymagaj\u0105 kontrolowanego zachowania w przypadku p\u0119kni\u0119cia.<\/p>\n<p data-start=\"447\" data-end=\"465\"><strong data-start=\"447\" data-end=\"463\">Kluczowe cechy<\/strong><\/p>\n<ul data-start=\"466\" data-end=\"997\">\n<li data-start=\"466\" data-end=\"582\">\n<p data-start=\"468\" data-end=\"582\">T\u0142umienie ha\u0142asu i ograniczenie rezonansu dzi\u0119ki efektowi t\u0142umienia mi\u0119dzywarstwy PVB.<\/p>\n<\/li>\n<li data-start=\"583\" data-end=\"702\">\n<p data-start=\"585\" data-end=\"702\">Zachowaj kawa\u0142ki szk\u0142a po rozbiciu, aby ograniczy\u0107 ostre opady w zajmowanych obszarach.<\/p>\n<\/li>\n<li data-start=\"703\" data-end=\"826\">\n<p data-start=\"705\" data-end=\"826\">Lepsza ochrona wn\u0119trza poprzez filtrowanie promieniowania UV w przypadku zastosowania folii PVB z filtrem UV.<\/p>\n<\/li>\n<li data-start=\"827\" data-end=\"918\">\n<p data-start=\"829\" data-end=\"918\">Utrzymanie sp\u00f3jno\u015bci produkcji poprzez wewn\u0119trzn\u0105 kontrol\u0119 jako\u015bci i identyfikowalno\u015b\u0107 jako\u015bci w r\u00f3\u017cnych partiach.<\/p>\n<\/li>\n<li data-start=\"919\" data-end=\"997\">\n<p data-start=\"921\" data-end=\"997\">Wspieranie produkcji wolumenowej Factory Direct dla bie\u017c\u0105cych program\u00f3w dostaw masowych.<\/p>\n<\/li>\n<\/ul>\n<p data-start=\"999\" data-end=\"1028\"><strong data-start=\"999\" data-end=\"1026\">Opcje i personalizacja<\/strong><\/p>\n<ul data-start=\"1029\" data-end=\"1471\">\n<li data-start=\"1029\" data-end=\"1098\">\n<p data-start=\"1031\" data-end=\"1098\">Niestandardowe rozmiary, kszta\u0142ty i kraw\u0119dzie zgodnie ze specyfikacj\u0105 projektu.<\/p>\n<\/li>\n<li data-start=\"1099\" data-end=\"1186\">\n<p data-start=\"1101\" data-end=\"1186\">Warstwy hartowane lub wzmacniane termicznie dost\u0119pne na \u017cyczenie w przypadku wy\u017cszych wymaga\u0144 wytrzyma\u0142o\u015bciowych.<\/p>\n<\/li>\n<li data-start=\"1187\" data-end=\"1260\">\n<p data-start=\"1189\" data-end=\"1260\">Kombinacje szk\u0142a przezroczystego, przyciemnianego, wzorzystego lub o niskiej zawarto\u015bci \u017celaza zgodnie z wymaganiami.<\/p>\n<\/li>\n<li data-start=\"1261\" data-end=\"1390\">\n<p data-start=\"1263\" data-end=\"1390\">PVB do wyboru: standardowe, akustyczne lub z pow\u0142ok\u0105 UV; grubo\u015b\u0107 i liczba warstw na \u017cyczenie.<\/p>\n<\/li>\n<li data-start=\"1391\" data-end=\"1471\">\n<p data-start=\"1393\" data-end=\"1471\">Wyci\u0119cia CNC, naci\u0119cia i wywiercone otwory ze wsparciem rysunk\u00f3w warsztatowych.<\/p>\n<\/li>\n<\/ul>\n<p data-start=\"1473\" data-end=\"1688\"><strong data-start=\"1473\" data-end=\"1497\">Typowe zastosowania<\/strong><br data-start=\"1497\" data-end=\"1500\" \/>Wewn\u0119trzne \u015bcianki dzia\u0142owe, fronty biurowe, balustrady i por\u0119cze, przeszklenia schod\u00f3w, zadaszenia, \u015bwietliki, przeszklenia witryn sklepowych, przeszklenia \u015bcian os\u0142onowych, hole windowe, okna widokowe na sprz\u0119t.<\/p>\n<p data-start=\"1690\" data-end=\"1908\"><strong data-start=\"1690\" data-end=\"1710\">Dostawa i wsparcie<\/strong><br data-start=\"1710\" data-end=\"1713\" \/>Oferujemy stabilne planowanie czasu realizacji, pakowanie eksportowe i pakowanie w skrzynie w celu zmniejszenia ryzyka zwi\u0105zanego z transportem. Dostarczana jest dokumentacja do kontroli przychodz\u0105cej, a zgodno\u015b\u0107 z normami jest dost\u0119pna na \u017c\u0105danie.<\/p>","protected":false},"excerpt":{"rendered":"<p>Szk\u0142o laminowane PVB \u0142\u0105czy w sobie dwie warstwy z mi\u0119dzywarstw\u0105 PVB, aby pom\u00f3c zatrzyma\u0107 od\u0142amki po uderzeniu i poprawi\u0107 komfort w codziennych pomieszczeniach. Powszechnie stosowane w wewn\u0119trznych \u015bciankach dzia\u0142owych i balustradach wymagaj\u0105cych kontrolowanego zachowania w przypadku rozbicia.<\/p>","protected":false},"featured_media":544,"template":"","meta":{"_gspb_post_css":""},"product_brand":[],"product_cat":[30],"product_tag":[70,74,75,64,77,73,68,69,67,76,72,71],"class_list":{"0":"post-543","1":"product","2":"type-product","3":"status-publish","4":"has-post-thumbnail","6":"product_cat-laminated-glass","7":"product_tag-acoustic-laminated-glass","8":"product_tag-balustrade-glass","9":"product_tag-canopy-glazing","10":"product_tag-custom-size","11":"product_tag-factory-direct-bulk-supply","12":"product_tag-glass-partition-panels","13":"product_tag-laminated-safety-glass","14":"product_tag-pvb-interlayer","15":"product_tag-pvb-laminated-glass-safety-use-bulk-supply","16":"product_tag-skylight-glazing","17":"product_tag-tempered-ply-option","18":"product_tag-uv-screening-interlayer","20":"first","21":"instock","22":"shipping-taxable","23":"purchasable","24":"product-type-simple"},"_links":{"self":[{"href":"https:\/\/theinsulatedglass.com\/pl\/wp-json\/wp\/v2\/product\/543","targetHints":{"allow":["GET"]}}],"collection":[{"href":"https:\/\/theinsulatedglass.com\/pl\/wp-json\/wp\/v2\/product"}],"about":[{"href":"https:\/\/theinsulatedglass.com\/pl\/wp-json\/wp\/v2\/types\/product"}],"wp:featuredmedia":[{"embeddable":true,"href":"https:\/\/theinsulatedglass.com\/pl\/wp-json\/wp\/v2\/media\/544"}],"wp:attachment":[{"href":"https:\/\/theinsulatedglass.com\/pl\/wp-json\/wp\/v2\/media?parent=543"}],"wp:term":[{"taxonomy":"product_brand","embeddable":true,"href":"https:\/\/theinsulatedglass.com\/pl\/wp-json\/wp\/v2\/product_brand?post=543"},{"taxonomy":"product_cat","embeddable":true,"href":"https:\/\/theinsulatedglass.com\/pl\/wp-json\/wp\/v2\/product_cat?post=543"},{"taxonomy":"product_tag","embeddable":true,"href":"https:\/\/theinsulatedglass.com\/pl\/wp-json\/wp\/v2\/product_tag?post=543"}],"curies":[{"name":"wp","href":"https:\/\/api.w.org\/{rel}","templated":true}]}}