{"id":550,"date":"2026-01-27T06:13:37","date_gmt":"2026-01-27T06:13:37","guid":{"rendered":"https:\/\/theinsulatedglass.com\/?post_type=product&#038;p=550"},"modified":"2026-01-27T06:13:37","modified_gmt":"2026-01-27T06:13:37","slug":"bulk-custom-size-ultra-clear-low-iron-glass","status":"publish","type":"product","link":"https:\/\/theinsulatedglass.com\/pl\/bulk-custom-size-ultra-clear-low-iron-glass\/","title":{"rendered":"Przezroczyste szk\u0142o nisko\u017celazowe o niestandardowym rozmiarze"},"content":{"rendered":"<p data-start=\"48\" data-end=\"369\"><strong data-start=\"56\" data-end=\"68\">Przegl\u0105d<\/strong><br data-start=\"68\" data-end=\"71\" \/>Precyzyjna produkcja zaczyna si\u0119 od ultraprzezroczystego szk\u0142a o niskiej zawarto\u015bci \u017celaza, kt\u00f3re jest wybierane, gdy liczy si\u0119 kolor kraw\u0119dzi i wierne odwzorowanie bieli. Dzi\u0119ki zmniejszeniu zawarto\u015bci \u017celaza, szk\u0142o o niskiej zawarto\u015bci \u017celaza zapewnia wy\u017csz\u0105 przepuszczalno\u015b\u0107 \u015bwiat\u0142a i czystszy, mniej zielony wygl\u0105d ni\u017c standardowe szk\u0142o przezroczyste.<\/p>\n<p data-start=\"371\" data-end=\"389\"><strong data-start=\"371\" data-end=\"387\">Kluczowe cechy<\/strong><\/p>\n<ul data-start=\"390\" data-end=\"831\">\n<li data-start=\"390\" data-end=\"499\">\n<p data-start=\"392\" data-end=\"499\">Poprawa wierno\u015bci odwzorowania kolor\u00f3w dla wy\u015bwietlaczy klasy premium i warunk\u00f3w o\u015bwietleniowych.<\/p>\n<\/li>\n<li data-start=\"500\" data-end=\"612\">\n<p data-start=\"502\" data-end=\"612\">Szlifowanie i polerowanie kraw\u0119dzi CNC z kontrol\u0105 wi\u00f3r\u00f3w.<\/p>\n<\/li>\n<li data-start=\"613\" data-end=\"679\">\n<p data-start=\"615\" data-end=\"679\">Wsparcie powtarzalno\u015bci od pr\u00f3bkowania do produkcji seryjnej.<\/p>\n<\/li>\n<li data-start=\"680\" data-end=\"756\">\n<p data-start=\"682\" data-end=\"756\">Umo\u017cliwiaj\u0105 dalsze przetwarzanie, takie jak odpuszczanie lub laminowanie na \u017c\u0105danie.<\/p>\n<\/li>\n<li data-start=\"757\" data-end=\"831\">\n<p data-start=\"759\" data-end=\"831\">Utrzymanie identyfikowalno\u015bci jako\u015bci dzi\u0119ki udokumentowanym wewn\u0119trznym punktom kontroli jako\u015bci.<\/p>\n<\/li>\n<\/ul>\n<p data-start=\"833\" data-end=\"862\"><strong data-start=\"833\" data-end=\"860\">Opcje i personalizacja<\/strong><\/p>\n<ul data-start=\"863\" data-end=\"1269\">\n<li data-start=\"863\" data-end=\"941\">\n<p data-start=\"865\" data-end=\"941\">Wykonywane na zam\u00f3wienie niestandardowe rozmiary, prostok\u0105ty lub profile kszta\u0142towe zgodnie ze specyfikacj\u0105 projektu.<\/p>\n<\/li>\n<li data-start=\"942\" data-end=\"1034\">\n<p data-start=\"944\" data-end=\"1034\">Wiercenie otwor\u00f3w, wci\u0119\u0107 i wyci\u0119\u0107 wewn\u0119trznych z pomoc\u0105 rysunkow\u0105 \/ przegl\u0105dem rysunk\u00f3w warsztatowych.<\/p>\n<\/li>\n<li data-start=\"1035\" data-end=\"1102\">\n<p data-start=\"1037\" data-end=\"1102\">Opcje wyko\u0144czenia kraw\u0119dzi: szew, polerowanie na p\u0142asko, polerowanie o\u0142\u00f3wkiem lub fazowanie.<\/p>\n<\/li>\n<li data-start=\"1103\" data-end=\"1188\">\n<p data-start=\"1105\" data-end=\"1188\">Opcje powierzchni: przezroczysta, trawiona kwasem, fryta\/druk lub folie ochronne zgodnie z wymaganiami.<\/p>\n<\/li>\n<li data-start=\"1189\" data-end=\"1269\">\n<p data-start=\"1191\" data-end=\"1269\">Formaty opakowa\u0144 dla mieszanych jednostek SKU, zestaw\u00f3w etykiet i zestaw\u00f3w dla us\u0142ug OEM\/ODM.<\/p>\n<\/li>\n<\/ul>\n<p data-start=\"1271\" data-end=\"1486\"><strong data-start=\"1271\" data-end=\"1295\">Typowe zastosowania<\/strong><br data-start=\"1295\" data-end=\"1298\" \/>Przeszklenia wystaw muzealnych, p\u00f3\u0142ki sklepowe, szyby os\u0142onowe paneli s\u0142onecznych, panele akwariowe, panele kabin prysznicowych, \u015bcianki dzia\u0142owe, drzwi i p\u00f3\u0142ki szafek, panele czo\u0142owe urz\u0105dze\u0144.<\/p>\n<p data-start=\"1488\" data-end=\"1776\"><strong data-start=\"1488\" data-end=\"1508\">Dostawa i wsparcie<\/strong><br data-start=\"1508\" data-end=\"1511\" \/>Szybkie planowanie czasu realizacji jest dost\u0119pne zar\u00f3wno dla prototyp\u00f3w, jak i harmonogram\u00f3w dostaw masowych. Jednostki wysy\u0142ane s\u0105 w opakowaniach eksportowych i skrzynkach zaprojektowanych do kontroli ruchu i ochrony naro\u017cnik\u00f3w. Zgodno\u015b\u0107 z normami dost\u0119pna na \u017cyczenie.<\/p>","protected":false},"excerpt":{"rendered":"<p>Szk\u0142o nisko\u017celazowe Bulk Custom Size Ultra-Clear Low-Iron jest produkowane na zam\u00f3wienie, aby zapewni\u0107 wy\u017csz\u0105 przepuszczalno\u015b\u0107 \u015bwiat\u0142a i czystszy kolor kraw\u0119dzi ni\u017c standardowe szk\u0142o przezroczyste. Powszechnym zastosowaniem jest oszklenie wystaw muzealnych i detalicznych, gdzie prawdziwy kolor i wypolerowane kraw\u0119dzie maj\u0105 kluczowe znaczenie.<\/p>","protected":false},"featured_media":553,"template":"","meta":{"_gspb_post_css":""},"product_brand":[],"product_cat":[35],"product_tag":[84,78,66,80,82,81,79,86,53,85,83,61],"class_list":{"0":"post-550","1":"product","2":"type-product","3":"status-publish","4":"has-post-thumbnail","6":"product_cat-ultra-clear-glass","7":"product_tag-aquarium-glass-panels","8":"product_tag-bulk-custom-size-ultra-clear-low-iron-glass","9":"product_tag-bulk-supply","10":"product_tag-cnc-cut-glass","11":"product_tag-display-case-glass","12":"product_tag-laminated-glass-option","13":"product_tag-low-iron-float-glass","14":"product_tag-oem-odm-service","15":"product_tag-polished-edge-glass","16":"product_tag-shower-enclosure-glass","17":"product_tag-solar-panel-cover-glass","18":"product_tag-tempered-glass-option","20":"first","21":"instock","22":"shipping-taxable","23":"purchasable","24":"product-type-simple"},"_links":{"self":[{"href":"https:\/\/theinsulatedglass.com\/pl\/wp-json\/wp\/v2\/product\/550","targetHints":{"allow":["GET"]}}],"collection":[{"href":"https:\/\/theinsulatedglass.com\/pl\/wp-json\/wp\/v2\/product"}],"about":[{"href":"https:\/\/theinsulatedglass.com\/pl\/wp-json\/wp\/v2\/types\/product"}],"wp:featuredmedia":[{"embeddable":true,"href":"https:\/\/theinsulatedglass.com\/pl\/wp-json\/wp\/v2\/media\/553"}],"wp:attachment":[{"href":"https:\/\/theinsulatedglass.com\/pl\/wp-json\/wp\/v2\/media?parent=550"}],"wp:term":[{"taxonomy":"product_brand","embeddable":true,"href":"https:\/\/theinsulatedglass.com\/pl\/wp-json\/wp\/v2\/product_brand?post=550"},{"taxonomy":"product_cat","embeddable":true,"href":"https:\/\/theinsulatedglass.com\/pl\/wp-json\/wp\/v2\/product_cat?post=550"},{"taxonomy":"product_tag","embeddable":true,"href":"https:\/\/theinsulatedglass.com\/pl\/wp-json\/wp\/v2\/product_tag?post=550"}],"curies":[{"name":"wp","href":"https:\/\/api.w.org\/{rel}","templated":true}]}}