{"id":557,"date":"2026-01-27T06:21:06","date_gmt":"2026-01-27T06:21:06","guid":{"rendered":"https:\/\/theinsulatedglass.com\/?post_type=product&#038;p=557"},"modified":"2026-01-27T06:21:06","modified_gmt":"2026-01-27T06:21:06","slug":"curtain-wall-low-e-igu-for-facade-use-project-spec","status":"publish","type":"product","link":"https:\/\/theinsulatedglass.com\/pl\/curtain-wall-low-e-igu-for-facade-use-project-spec\/","title":{"rendered":"Niskoemisyjne szyby zespolone do zastosowa\u0144 fasadowych Specyfikacja projektu"},"content":{"rendered":"<p data-start=\"55\" data-end=\"457\">PRZEGL\u0104D<br data-start=\"71\" data-end=\"74\" \/>Na elewacjach wystawionych na dzia\u0142anie promieni s\u0142onecznych i fasadach skierowanych na ruch uliczny szybko pojawiaj\u0105 si\u0119 problemy zwi\u0105zane z komfortem - odblaski na stanowiskach pracy, promieniuj\u0105cy ch\u0142\u00f3d w pobli\u017cu szk\u0142a i wy\u017cszy odczuwalny ha\u0142as. Nasze niskoemisyjne szyby zespolone do \u015bcian os\u0142onowych zosta\u0142y opracowane zgodnie ze specyfikacj\u0105 projektu, aby poprawi\u0107 komfort wizualny i termiczny w systemach \u015bcian os\u0142onowych poprzez odbijanie energii cieplnej d\u0142ugich fal, jednocze\u015bnie pomagaj\u0105c w radzeniu sobie z odblaskami.<\/p>\n<p data-start=\"459\" data-end=\"473\">KLUCZOWE CECHY<\/p>\n<ul data-start=\"474\" data-end=\"1147\">\n<li data-start=\"474\" data-end=\"606\">\n<p data-start=\"476\" data-end=\"606\">Ograniczenie wymiany ciep\u0142a przez promieniowanie dzi\u0119ki zastosowaniu szyb z pow\u0142ok\u0105 Low-E odbijaj\u0105cych energi\u0119 podczerwieni.<\/p>\n<\/li>\n<li data-start=\"607\" data-end=\"742\">\n<p data-start=\"609\" data-end=\"742\">Wspieranie jasnych wn\u0119trz \u015bwiat\u0142em dziennym przy jednoczesnym \u0142agodzeniu odblask\u00f3w na wysokich fasadach.<\/p>\n<\/li>\n<li data-start=\"743\" data-end=\"918\">\n<p data-start=\"745\" data-end=\"918\">Dostosuj wydajno\u015b\u0107 akustyczn\u0105, dostosowuj\u0105c przestrze\u0144 powietrzn\u0105 i sk\u0142ad lameli, w tym opcje o asymetrycznej grubo\u015bci lub laminowane, je\u015bli jest to wymagane.<\/p>\n<\/li>\n<li data-start=\"919\" data-end=\"1043\">\n<p data-start=\"921\" data-end=\"1043\">Ulepszona izolacja z opcjonalnym wype\u0142nieniem gazem argon\/krypton wewn\u0105trz uszczelnionej wn\u0119ki.<\/p>\n<\/li>\n<li data-start=\"1044\" data-end=\"1147\">\n<p data-start=\"1046\" data-end=\"1147\">Utrzymanie sp\u00f3jno\u015bci konstrukcji poprzez wewn\u0119trzn\u0105 kontrol\u0119 jako\u015bci i identyfikowalno\u015b\u0107 jako\u015bci od ci\u0119cia do ostatecznego uszczelnienia.<\/p>\n<\/li>\n<\/ul>\n<p data-start=\"1149\" data-end=\"1174\">OPCJE I PERSONALIZACJA<\/p>\n<ul data-start=\"1175\" data-end=\"1676\">\n<li data-start=\"1175\" data-end=\"1265\">\n<p data-start=\"1177\" data-end=\"1265\">Niestandardowe rozmiary, kszta\u0142ty i ca\u0142kowita grubo\u015b\u0107 dostosowane do g\u0142\u0119boko\u015bci kieszeni systemu.<\/p>\n<\/li>\n<li data-start=\"1266\" data-end=\"1401\">\n<p data-start=\"1268\" data-end=\"1401\">Systemy ramek dystansowych, w tym opcje ciep\u0142ych kraw\u0119dzi, redukuj\u0105ce mostki termiczne na obwodzie szyby.<\/p>\n<\/li>\n<li data-start=\"1402\" data-end=\"1502\">\n<p data-start=\"1404\" data-end=\"1502\">Szk\u0142o: przezroczyste\/barwione, hartowane, wzmacniane termicznie lub laminowane, zgodnie z \u017cyczeniem.<\/p>\n<\/li>\n<li data-start=\"1503\" data-end=\"1588\">\n<p data-start=\"1505\" data-end=\"1588\">Wyb\u00f3r i umieszczenie pow\u0142oki skoordynowane za pomoc\u0105 rysunku warsztatowego i wsparcia rysunkowego.<\/p>\n<\/li>\n<li data-start=\"1589\" data-end=\"1676\">\n<p data-start=\"1591\" data-end=\"1676\">Folie ochronne, szczeg\u00f3\u0142y usuwania kraw\u0119dzi oraz etykietowanie\/zestawienie dost\u0119pne na \u017cyczenie.<\/p>\n<\/li>\n<\/ul>\n<p data-start=\"1678\" data-end=\"1875\">TYPOWE ZASTOSOWANIA<br data-start=\"1698\" data-end=\"1701\" \/>Zunifikowane modu\u0142y \u015bcian os\u0142onowych, przyklejane obszary wizyjne \u015bcian os\u0142onowych, systemy \u015bcian okiennych, naro\u017cne panele wizyjne, fasady podium, wie\u017ce biurowe, hotele, szpitale, lotniska.<\/p>\n<p data-start=\"1877\" data-end=\"2099\">ZAOPATRZENIE I WSPARCIE<br data-start=\"1893\" data-end=\"1896\" \/>Produkcja Factory Direct wspiera etapowe wydania i stabilne planowanie czasu realizacji dla projekt\u00f3w wielofazowych. Dost\u0119pne s\u0105 opakowania eksportowe i skrzynkowe, a zgodno\u015b\u0107 z normami jest dost\u0119pna na \u017cyczenie.<\/p>","protected":false},"excerpt":{"rendered":"<p>Niskoemisyjne szyby zespolone do \u015bcian os\u0142onowych s\u0105 wykonywane na zam\u00f3wienie w celu poprawy komfortu cieplnego i zmniejszenia ol\u015bnienia, z opcjonalnymi os\u0142onami akustycznymi zapewniaj\u0105cymi cichsze wn\u0119trza. Powszechnie stosowane w panelach wizyjnych \u015bcian os\u0142onowych i przeszkleniach naro\u017cnych, gdzie powtarzalne wymiary i sta\u0142a jako\u015b\u0107 maj\u0105 znaczenie.<\/p>","protected":false},"featured_media":558,"template":"","meta":{"_gspb_post_css":""},"product_brand":[],"product_cat":[41],"product_tag":[89,87,92,64,91,93,81,88,65,61,90,60],"class_list":{"0":"post-557","1":"product","2":"type-product","3":"status-publish","4":"has-post-thumbnail","6":"product_cat-curtain-wall-glass","7":"product_tag-argon-filled-igu","8":"product_tag-curtain-wall-low-e-igu-for-facade-use-project-spec","9":"product_tag-curtain-wall-modules","10":"product_tag-custom-size","11":"product_tag-facade-vision-panels","12":"product_tag-factory-direct-supply","13":"product_tag-laminated-glass-option","14":"product_tag-low-e-insulated-glass-unit","15":"product_tag-shop-drawing-support","16":"product_tag-tempered-glass-option","17":"product_tag-unitized-curtain-wall-glazing","18":"product_tag-warm-edge-spacer","20":"first","21":"instock","22":"shipping-taxable","23":"purchasable","24":"product-type-simple"},"_links":{"self":[{"href":"https:\/\/theinsulatedglass.com\/pl\/wp-json\/wp\/v2\/product\/557","targetHints":{"allow":["GET"]}}],"collection":[{"href":"https:\/\/theinsulatedglass.com\/pl\/wp-json\/wp\/v2\/product"}],"about":[{"href":"https:\/\/theinsulatedglass.com\/pl\/wp-json\/wp\/v2\/types\/product"}],"wp:featuredmedia":[{"embeddable":true,"href":"https:\/\/theinsulatedglass.com\/pl\/wp-json\/wp\/v2\/media\/558"}],"wp:attachment":[{"href":"https:\/\/theinsulatedglass.com\/pl\/wp-json\/wp\/v2\/media?parent=557"}],"wp:term":[{"taxonomy":"product_brand","embeddable":true,"href":"https:\/\/theinsulatedglass.com\/pl\/wp-json\/wp\/v2\/product_brand?post=557"},{"taxonomy":"product_cat","embeddable":true,"href":"https:\/\/theinsulatedglass.com\/pl\/wp-json\/wp\/v2\/product_cat?post=557"},{"taxonomy":"product_tag","embeddable":true,"href":"https:\/\/theinsulatedglass.com\/pl\/wp-json\/wp\/v2\/product_tag?post=557"}],"curies":[{"name":"wp","href":"https:\/\/api.w.org\/{rel}","templated":true}]}}