{"id":564,"date":"2026-01-27T06:34:09","date_gmt":"2026-01-27T06:34:09","guid":{"rendered":"https:\/\/theinsulatedglass.com\/?post_type=product&#038;p=564"},"modified":"2026-01-27T06:34:09","modified_gmt":"2026-01-27T06:34:09","slug":"project-spec-bulk-double-glazed-low-e-insulating-glass","status":"publish","type":"product","link":"https:\/\/theinsulatedglass.com\/pl\/project-spec-bulk-double-glazed-low-e-insulating-glass\/","title":{"rendered":"Specyfikacja projektu Masowe podw\u00f3jnie szklone szk\u0142o izolacyjne niskoemisyjne"},"content":{"rendered":"<p data-start=\"59\" data-end=\"357\"><strong data-start=\"67\" data-end=\"79\">Przegl\u0105d<\/strong><br data-start=\"79\" data-end=\"82\" \/>Wydajno\u015b\u0107 energetyczna zaczyna si\u0119 na linii szk\u0142a. Nasze niskoemisyjne szyby zespolone zosta\u0142y opracowane zgodnie ze specyfikacj\u0105 Project Spec, \u0142\u0105cz\u0105c szczeln\u0105 przestrze\u0144 powietrzn\u0105 z szybami z pow\u0142ok\u0105 niskoemisyjn\u0105 w celu ograniczenia przenikania ciep\u0142a przy jednoczesnym zachowaniu wysokiej przepuszczalno\u015bci \u015bwiat\u0142a dziennego.<\/p>\n<p data-start=\"359\" data-end=\"377\"><strong data-start=\"359\" data-end=\"375\">Kluczowe cechy<\/strong><\/p>\n<ul data-start=\"378\" data-end=\"942\">\n<li data-start=\"378\" data-end=\"506\">\n<p data-start=\"380\" data-end=\"506\">Zmniejszenie wymiany ciep\u0142a przez promieniowanie dzi\u0119ki pow\u0142okom niskoemisyjnym w celu zapewnienia lepszego komfortu cieplnego.<\/p>\n<\/li>\n<li data-start=\"507\" data-end=\"603\">\n<p data-start=\"509\" data-end=\"603\">Poprawa komfortu wn\u0119trza w pobli\u017cu oszklenia obwodowego poprzez ograniczenie waha\u0144 temperatury przy szybie.<\/p>\n<\/li>\n<li data-start=\"604\" data-end=\"729\">\n<p data-start=\"606\" data-end=\"729\">Lepsza izolacja dzi\u0119ki opcjonalnemu wype\u0142nieniu wn\u0119ki argonem\/kryptonem (dost\u0119pne na \u017cyczenie).<\/p>\n<\/li>\n<li data-start=\"730\" data-end=\"846\">\n<p data-start=\"732\" data-end=\"846\">Zminimalizuj straty na kraw\u0119dziach, wybieraj\u0105c w razie potrzeby systemy dystansowe z ciep\u0142ymi kraw\u0119dziami.<\/p>\n<\/li>\n<li data-start=\"847\" data-end=\"942\">\n<p data-start=\"849\" data-end=\"942\">Utrzymanie sp\u00f3jno\u015bci konstrukcji poprzez wewn\u0119trzn\u0105 kontrol\u0119 jako\u015bci i identyfikowalno\u015b\u0107 jako\u015bci w partiach produkcyjnych.<\/p>\n<\/li>\n<\/ul>\n<p data-start=\"944\" data-end=\"973\"><strong data-start=\"944\" data-end=\"971\">Opcje i personalizacja<\/strong><\/p>\n<ul data-start=\"974\" data-end=\"1416\">\n<li data-start=\"974\" data-end=\"1064\">\n<p data-start=\"976\" data-end=\"1064\">Niestandardowy rozmiar, kszta\u0142t i ca\u0142kowita grubo\u015b\u0107 dopasowana do g\u0142\u0119boko\u015bci kieszeni systemu.<\/p>\n<\/li>\n<li data-start=\"1065\" data-end=\"1154\">\n<p data-start=\"1067\" data-end=\"1154\">Szyby: przezroczyste lub przyciemniane; szyby hartowane i\/lub laminowane dost\u0119pne na \u017cyczenie.<\/p>\n<\/li>\n<li data-start=\"1155\" data-end=\"1247\">\n<p data-start=\"1157\" data-end=\"1247\">Wyb\u00f3r pow\u0142oki i rozmieszczenie powierzchni skoordynowane z rysunkami warsztatowymi \/ rysunkami pomocniczymi.<\/p>\n<\/li>\n<li data-start=\"1248\" data-end=\"1334\">\n<p data-start=\"1250\" data-end=\"1334\">Opcje dystans\u00f3w i uszczelek (w tym warianty z ciep\u0142\u0105 kraw\u0119dzi\u0105) dostarczane zgodnie ze specyfikacj\u0105.<\/p>\n<\/li>\n<li data-start=\"1335\" data-end=\"1416\">\n<p data-start=\"1337\" data-end=\"1416\">Etykietowanie, zestawianie i wsparcie serwisowe OEM\/ODM dost\u0119pne dla powtarzaj\u0105cych si\u0119 program\u00f3w.<\/p>\n<\/li>\n<\/ul>\n<p data-start=\"1418\" data-end=\"1656\"><strong data-start=\"1418\" data-end=\"1442\">Typowe zastosowania<\/strong><br data-start=\"1442\" data-end=\"1445\" \/>Zunifikowane modu\u0142y \u015bcian os\u0142onowych, obszary wizyjne \u015bcian os\u0142onowych, systemy \u015bcian okiennych, elewacje wie\u017cowc\u00f3w biurowych, elewacje hoteli, witryny sklepowe na podium, przeszklenia schod\u00f3w \/ lobby, szko\u0142y i budynki opieki zdrowotnej.<\/p>\n<p data-start=\"1658\" data-end=\"1891\"><strong data-start=\"1658\" data-end=\"1678\">Dostawa i wsparcie<\/strong><br data-start=\"1678\" data-end=\"1681\" \/>Produkcja Factory Direct obs\u0142uguje harmonogramy dostaw masowych i produkcji wielkoseryjnej ze stabilnym planowaniem czasu realizacji. Dost\u0119pne s\u0105 opakowania eksportowe i skrzynkowe, a zgodno\u015b\u0107 z normami jest dost\u0119pna na \u017c\u0105danie.<\/p>","protected":false},"excerpt":{"rendered":"<p>Podw\u00f3jnie szklone szk\u0142o izolacyjne niskoemisyjne Project Spec poprawia komfort termiczny dzi\u0119ki po\u0142\u0105czeniu szczelnej wn\u0119ki z szybami z pow\u0142ok\u0105 niskoemisyjn\u0105. Wykonywane na zam\u00f3wienie dla modu\u0142\u00f3w \u015bcian os\u0142onowych i wysokowydajnych system\u00f3w okiennych wymagaj\u0105cych powtarzalnych wymiar\u00f3w i sp\u00f3jnych konstrukcji.<\/p>","protected":false},"featured_media":565,"template":"","meta":{"_gspb_post_css":""},"product_brand":[],"product_cat":[26],"product_tag":[95,66,62,64,56,97,81,58,94,61,60,96],"class_list":{"0":"post-564","1":"product","2":"type-product","3":"status-publish","4":"has-post-thumbnail","6":"product_cat-low-e-insulating-glass","7":"product_tag-argon-gas-fill-option","8":"product_tag-bulk-supply","9":"product_tag-curtain-wall-glazing","10":"product_tag-custom-size","11":"product_tag-double-glazed-igu","12":"product_tag-factory-direct","13":"product_tag-laminated-glass-option","14":"product_tag-low-e-coated-glass","15":"product_tag-project-spec-bulk-double-glazed-low-e-insulating-glass","16":"product_tag-tempered-glass-option","17":"product_tag-warm-edge-spacer","18":"product_tag-window-wall-systems","20":"first","21":"instock","22":"shipping-taxable","23":"purchasable","24":"product-type-simple"},"_links":{"self":[{"href":"https:\/\/theinsulatedglass.com\/pl\/wp-json\/wp\/v2\/product\/564","targetHints":{"allow":["GET"]}}],"collection":[{"href":"https:\/\/theinsulatedglass.com\/pl\/wp-json\/wp\/v2\/product"}],"about":[{"href":"https:\/\/theinsulatedglass.com\/pl\/wp-json\/wp\/v2\/types\/product"}],"wp:featuredmedia":[{"embeddable":true,"href":"https:\/\/theinsulatedglass.com\/pl\/wp-json\/wp\/v2\/media\/565"}],"wp:attachment":[{"href":"https:\/\/theinsulatedglass.com\/pl\/wp-json\/wp\/v2\/media?parent=564"}],"wp:term":[{"taxonomy":"product_brand","embeddable":true,"href":"https:\/\/theinsulatedglass.com\/pl\/wp-json\/wp\/v2\/product_brand?post=564"},{"taxonomy":"product_cat","embeddable":true,"href":"https:\/\/theinsulatedglass.com\/pl\/wp-json\/wp\/v2\/product_cat?post=564"},{"taxonomy":"product_tag","embeddable":true,"href":"https:\/\/theinsulatedglass.com\/pl\/wp-json\/wp\/v2\/product_tag?post=564"}],"curies":[{"name":"wp","href":"https:\/\/api.w.org\/{rel}","templated":true}]}}