{"id":571,"date":"2026-01-27T06:43:07","date_gmt":"2026-01-27T06:43:07","guid":{"rendered":"https:\/\/theinsulatedglass.com\/?post_type=product&#038;p=571"},"modified":"2026-01-27T06:43:07","modified_gmt":"2026-01-27T06:43:07","slug":"custom-build-explosion-proof-glass-project-spec","status":"publish","type":"product","link":"https:\/\/theinsulatedglass.com\/pl\/custom-build-explosion-proof-glass-project-spec\/","title":{"rendered":"Niestandardowa specyfikacja projektu szk\u0142a przeciwwybuchowego"},"content":{"rendered":"<p data-start=\"52\" data-end=\"471\"><strong data-start=\"60\" data-end=\"72\">Przegl\u0105d<\/strong><br data-start=\"72\" data-end=\"75\" \/>Zaprojektowane z my\u015bl\u0105 o otworach wysokiego ryzyka, szk\u0142o przeciwwybuchowe Custom Build jest skonfigurowane jako zesp\u00f3\u0142 oszklenia przeciwwybuchowego, aby pom\u00f3c zmniejszy\u0107 niebezpieczny opad szk\u0142a i poprawi\u0107 integralno\u015b\u0107 po rozbiciu. Wydajno\u015b\u0107 zale\u017cy od systemu - rodzaj szk\u0142a, wyb\u00f3r mi\u0119dzywarstwy, konstrukcja ramy i zakotwienie maj\u0105 wp\u0142yw na wynik.<\/p>\n<p data-start=\"473\" data-end=\"491\"><strong data-start=\"473\" data-end=\"489\">Kluczowe cechy<\/strong><\/p>\n<ul data-start=\"492\" data-end=\"1019\">\n<li data-start=\"492\" data-end=\"633\">\n<p data-start=\"494\" data-end=\"633\">Ograniczenie ryzyka od\u0142amk\u00f3w dzi\u0119ki zastosowaniu szk\u0142a laminowanego, kt\u00f3re po st\u0142uczeniu \u0142\u0105czy od\u0142amki z warstw\u0105 po\u015bredni\u0105.<\/p>\n<\/li>\n<li data-start=\"634\" data-end=\"725\">\n<p data-start=\"636\" data-end=\"725\">Zwi\u0119ksz pozosta\u0142\u0105 pojemno\u015b\u0107 dzi\u0119ki wielowarstwowym konstrukcjom dostosowanym do wymaga\u0144 specyfikacji projektu.<\/p>\n<\/li>\n<li data-start=\"726\" data-end=\"839\">\n<p data-start=\"728\" data-end=\"839\">Po\u0142\u0105czenie wytrzyma\u0142o\u015bci i bezpiecznego zachowania w przypadku p\u0119kni\u0119cia poprzez po\u0142\u0105czenie hartowanych szyb z konstrukcjami laminowanymi (na \u017cyczenie).<\/p>\n<\/li>\n<li data-start=\"840\" data-end=\"943\">\n<p data-start=\"842\" data-end=\"943\">Koordynacja tolerancji poprzez rysunki warsztatowe i rysunki pomocnicze dla interfejs\u00f3w sprz\u0119tu i ram.<\/p>\n<\/li>\n<li data-start=\"944\" data-end=\"1019\">\n<p data-start=\"946\" data-end=\"1019\">Utrzymanie identyfikowalno\u015bci jako\u015bci poprzez wewn\u0119trzn\u0105 kontrol\u0119 jako\u015bci i identyfikacj\u0119 partii.<\/p>\n<\/li>\n<\/ul>\n<p data-start=\"1021\" data-end=\"1050\"><strong data-start=\"1021\" data-end=\"1048\">Opcje i personalizacja<\/strong><\/p>\n<ul data-start=\"1051\" data-end=\"1479\">\n<li data-start=\"1051\" data-end=\"1139\">\n<p data-start=\"1053\" data-end=\"1139\">Wykonywane na zam\u00f3wienie niestandardowe rozmiary, kszta\u0142ty i warunki kraw\u0119dzi dla ram sta\u0142ych lub obs\u0142ugiwanych.<\/p>\n<\/li>\n<li data-start=\"1140\" data-end=\"1220\">\n<p data-start=\"1142\" data-end=\"1220\">Wyb\u00f3r mi\u0119dzywarstwy (PVB lub jonoplast) i liczby warstw dost\u0119pne na \u017cyczenie.<\/p>\n<\/li>\n<li data-start=\"1221\" data-end=\"1318\">\n<p data-start=\"1223\" data-end=\"1318\">Opcjonalna dodatkowa folia ochronna, wyk\u0142adziny przeciwodpryskowe lub kompozyty szklano-polimerowe zgodnie z wymaganiami.<\/p>\n<\/li>\n<li data-start=\"1319\" data-end=\"1402\">\n<p data-start=\"1321\" data-end=\"1402\">Wiercenie otwor\u00f3w, naci\u0119\u0107 i wyci\u0119\u0107 pod zaciski, pog\u0142\u0119biacze lub przepusty.<\/p>\n<\/li>\n<li data-start=\"1403\" data-end=\"1479\">\n<p data-start=\"1405\" data-end=\"1479\">Opcje powierzchni: przezroczyste, o niskiej zawarto\u015bci \u017celaza, przyciemniane lub ceramiczne opaski zapewniaj\u0105ce prywatno\u015b\u0107.<\/p>\n<\/li>\n<\/ul>\n<p data-start=\"1481\" data-end=\"1703\"><strong data-start=\"1481\" data-end=\"1505\">Typowe zastosowania<\/strong><br data-start=\"1505\" data-end=\"1508\" \/>Pomieszczenia kontrolne, budki stra\u017cnicze, okna bezpiecze\u0144stwa, obiekty petrochemiczne, podstacje energetyczne, laboratoryjne panele obserwacyjne, centra danych, lotniska i w\u0119z\u0142y transportowe, stanowiska obs\u0142ugi rz\u0105dowej.<\/p>\n<p data-start=\"1705\" data-end=\"1907\"><strong data-start=\"1705\" data-end=\"1725\">Dostawa i wsparcie<\/strong><br data-start=\"1725\" data-end=\"1728\" \/>Bezpo\u015brednia produkcja w fabryce obs\u0142uguje etapowe wydania ze stabilnym planowaniem czasu realizacji. Dost\u0119pne s\u0105 opakowania eksportowe i skrzynkowe, a zgodno\u015b\u0107 z normami jest dost\u0119pna na \u017cyczenie.<\/p>","protected":false},"excerpt":{"rendered":"<p>Wykonane na zam\u00f3wienie szyby przeciwwybuchowe wykorzystuj\u0105 laminowane, wielowarstwowe konstrukcje, kt\u00f3re pomagaj\u0105 zatrzyma\u0107 od\u0142amki szk\u0142a i utrzyma\u0107 barier\u0119 po uderzeniu. Wykonywane na zam\u00f3wienie do okien w pomieszczeniach kontrolnych i paneli bezpiecze\u0144stwa, gdzie wymagane jest niezawodne dopasowanie i wydajno\u015b\u0107 ukierunkowana na bezpiecze\u0144stwo.<\/p>","protected":false},"featured_media":572,"template":"","meta":{"_gspb_post_css":""},"product_brand":[],"product_cat":[31],"product_tag":[99,104,98,64,93,105,101,100,69,103,102],"class_list":{"0":"post-571","1":"product","2":"type-product","3":"status-publish","4":"has-post-thumbnail","6":"product_cat-explosion-proof-glass","7":"product_tag-blast-mitigation-glazing","8":"product_tag-control-room-glazing","9":"product_tag-custom-build-explosion-proof-glass-project-spec","10":"product_tag-custom-size","11":"product_tag-factory-direct-supply","12":"product_tag-guard-booth-window","13":"product_tag-ionoplast-interlayer","14":"product_tag-multi-ply-laminated-glass","15":"product_tag-pvb-interlayer","16":"product_tag-security-window-glazing","17":"product_tag-tempered-lite-option","19":"first","20":"instock","21":"shipping-taxable","22":"purchasable","23":"product-type-simple"},"_links":{"self":[{"href":"https:\/\/theinsulatedglass.com\/pl\/wp-json\/wp\/v2\/product\/571","targetHints":{"allow":["GET"]}}],"collection":[{"href":"https:\/\/theinsulatedglass.com\/pl\/wp-json\/wp\/v2\/product"}],"about":[{"href":"https:\/\/theinsulatedglass.com\/pl\/wp-json\/wp\/v2\/types\/product"}],"wp:featuredmedia":[{"embeddable":true,"href":"https:\/\/theinsulatedglass.com\/pl\/wp-json\/wp\/v2\/media\/572"}],"wp:attachment":[{"href":"https:\/\/theinsulatedglass.com\/pl\/wp-json\/wp\/v2\/media?parent=571"}],"wp:term":[{"taxonomy":"product_brand","embeddable":true,"href":"https:\/\/theinsulatedglass.com\/pl\/wp-json\/wp\/v2\/product_brand?post=571"},{"taxonomy":"product_cat","embeddable":true,"href":"https:\/\/theinsulatedglass.com\/pl\/wp-json\/wp\/v2\/product_cat?post=571"},{"taxonomy":"product_tag","embeddable":true,"href":"https:\/\/theinsulatedglass.com\/pl\/wp-json\/wp\/v2\/product_tag?post=571"}],"curies":[{"name":"wp","href":"https:\/\/api.w.org\/{rel}","templated":true}]}}