{"id":577,"date":"2026-01-27T06:49:53","date_gmt":"2026-01-27T06:49:53","guid":{"rendered":"https:\/\/theinsulatedglass.com\/?post_type=product&#038;p=577"},"modified":"2026-01-27T06:49:53","modified_gmt":"2026-01-27T06:49:53","slug":"cut-to-size-bulk-supply-blue-tinted-glass","status":"publish","type":"product","link":"https:\/\/theinsulatedglass.com\/pl\/cut-to-size-bulk-supply-blue-tinted-glass\/","title":{"rendered":"Przyci\u0119te na wymiar szk\u0142o barwione w masie na niebiesko"},"content":{"rendered":"<p data-start=\"46\" data-end=\"413\"><strong data-start=\"54\" data-end=\"66\">Przegl\u0105d<\/strong><br data-start=\"66\" data-end=\"69\" \/>Stworzone z my\u015bl\u0105 o wymagaj\u0105cych pakietach szybowych, niebieskie szk\u0142o barwione w masie pomaga zarz\u0105dza\u0107 jasno\u015bci\u0105 i promieniowaniem s\u0142onecznym, jednocze\u015bnie dodaj\u0105c trwa\u0142y, sp\u00f3jny odcie\u0144 koloru. Przyciemniane produkty float s\u0105 powszechnie wybierane w celu zmniejszenia ol\u015bnienia i przenikania ciep\u0142a w por\u00f3wnaniu z przezroczystym szk\u0142em, poprawiaj\u0105c komfort mieszka\u0144c\u00f3w na elewacjach wychodz\u0105cych na s\u0142o\u0144ce.<\/p>\n<p data-start=\"415\" data-end=\"433\"><strong data-start=\"415\" data-end=\"431\">Kluczowe cechy<\/strong><\/p>\n<ul data-start=\"434\" data-end=\"950\">\n<li data-start=\"434\" data-end=\"548\">\n<p data-start=\"436\" data-end=\"548\">Poprawiaj\u0105 komfort widzenia poprzez zmniejszenie przepuszczalno\u015bci \u015bwiat\u0142a widzialnego i odblask\u00f3w.<\/p>\n<\/li>\n<li data-start=\"549\" data-end=\"657\">\n<p data-start=\"551\" data-end=\"657\">Poch\u0142aniaj\u0105 cz\u0119\u015b\u0107 energii s\u0142onecznej, pomagaj\u0105c ograniczy\u0107 zyski ciep\u0142a s\u0142onecznego.<\/p>\n<\/li>\n<li data-start=\"658\" data-end=\"741\">\n<p data-start=\"660\" data-end=\"741\">Utrzymanie jednorodno\u015bci koloru z partii na parti\u0119 dzi\u0119ki wewn\u0119trznej kontroli jako\u015bci i identyfikowalno\u015bci jako\u015bci.<\/p>\n<\/li>\n<li data-start=\"742\" data-end=\"867\">\n<p data-start=\"744\" data-end=\"867\">W razie potrzeby zwi\u0119ksz bezpiecze\u0144stwo dzi\u0119ki hartowanej lub laminowanej konstrukcji.<\/p>\n<\/li>\n<li data-start=\"868\" data-end=\"950\">\n<p data-start=\"870\" data-end=\"950\">Powtarzalne dopasowanie dzi\u0119ki przetwarzaniu na wymiar i kontrolowanej obr\u00f3bce kraw\u0119dzi.<\/p>\n<\/li>\n<\/ul>\n<p data-start=\"952\" data-end=\"981\"><strong data-start=\"952\" data-end=\"979\">Opcje i personalizacja<\/strong><\/p>\n<ul data-start=\"982\" data-end=\"1408\">\n<li data-start=\"982\" data-end=\"1062\">\n<p data-start=\"984\" data-end=\"1062\">Wykonywane na zam\u00f3wienie panele, prostok\u0105ty lub profile o niestandardowym rozmiarze zgodnie z rysunkiem.<\/p>\n<\/li>\n<li data-start=\"1063\" data-end=\"1138\">\n<p data-start=\"1065\" data-end=\"1138\">Wyko\u0144czenie kraw\u0119dzi: ze szwem, polerowane na p\u0142asko, polerowane o\u0142\u00f3wkiem lub ma\u0142e skosy.<\/p>\n<\/li>\n<li data-start=\"1139\" data-end=\"1217\">\n<p data-start=\"1141\" data-end=\"1217\">Wiercenie\/nacinanie CNC dla oku\u0107, pog\u0142\u0119bie\u0144 i luz\u00f3w sprz\u0119towych.<\/p>\n<\/li>\n<li data-start=\"1218\" data-end=\"1337\">\n<p data-start=\"1220\" data-end=\"1337\">Konfiguracje hartowane lub laminowane dost\u0119pne na \u017cyczenie dla szyb bezpiecznych.<\/p>\n<\/li>\n<li data-start=\"1338\" data-end=\"1408\">\n<p data-start=\"1340\" data-end=\"1408\">Opakowania mieszane, zestawy etykiet i zestawy dla program\u00f3w serwisowych OEM\/ODM.<\/p>\n<\/li>\n<\/ul>\n<p data-start=\"1410\" data-end=\"1624\"><strong data-start=\"1410\" data-end=\"1434\">Typowe zastosowania<\/strong><br data-start=\"1434\" data-end=\"1437\" \/>Obszary wizyjne \u015bcian os\u0142onowych, panele typu spandrel i shadow-box, przeszklenia witryn sklepowych, okna zewn\u0119trzne, wewn\u0119trzne \u015bcianki dzia\u0142owe, wype\u0142nienia balustrad (w przypadku laminowania), przeszklenia baldachim\u00f3w, panele ekspozycyjne.<\/p>\n<p data-start=\"1626\" data-end=\"1861\"><strong data-start=\"1626\" data-end=\"1646\">Dostawa i wsparcie<\/strong><br data-start=\"1646\" data-end=\"1649\" \/>Fabryczne dostawy masowe wspieraj\u0105 programy ilo\u015bciowe ze stabilnym planowaniem czasu realizacji. Opakowania eksportowe i skrzynkowe s\u0105 dost\u0119pne w celu ochrony naro\u017cnik\u00f3w i powierzchni, a zgodno\u015b\u0107 z normami jest dost\u0119pna na \u017cyczenie.<\/p>","protected":false},"excerpt":{"rendered":"<p>Przycinane na wymiar niebieskie szk\u0142o barwione w masie zapewnia redukcj\u0119 odblask\u00f3w i kontrol\u0119 nas\u0142onecznienia, jednocze\u015bnie zapewniaj\u0105c trwa\u0142y, sp\u00f3jny kolorystycznie wygl\u0105d. Powszechnie stosowane w przeszkleniach witryn sklepowych i spandrelach \u015bcian os\u0142onowych, gdzie powtarzalne dopasowanie i stabilne partie maj\u0105 znaczenie.<\/p>","protected":false},"featured_media":581,"template":"","meta":{"_gspb_post_css":""},"product_brand":[],"product_cat":[36],"product_tag":[107,66,62,64,106,97,111,81,110,109,61,108],"class_list":{"0":"post-577","1":"product","2":"type-product","3":"status-publish","4":"has-post-thumbnail","6":"product_cat-tinted-glass","7":"product_tag-blue-tinted-float-glass","8":"product_tag-bulk-supply","9":"product_tag-curtain-wall-glazing","10":"product_tag-custom-size","11":"product_tag-cut-to-size-bulk-supply-blue-tinted-glass","12":"product_tag-factory-direct","13":"product_tag-interior-partitions","14":"product_tag-laminated-glass-option","15":"product_tag-spandrel-panels","16":"product_tag-storefront-glass","17":"product_tag-tempered-glass-option","18":"product_tag-tinted-architectural-glass","20":"first","21":"instock","22":"shipping-taxable","23":"purchasable","24":"product-type-simple"},"_links":{"self":[{"href":"https:\/\/theinsulatedglass.com\/pl\/wp-json\/wp\/v2\/product\/577","targetHints":{"allow":["GET"]}}],"collection":[{"href":"https:\/\/theinsulatedglass.com\/pl\/wp-json\/wp\/v2\/product"}],"about":[{"href":"https:\/\/theinsulatedglass.com\/pl\/wp-json\/wp\/v2\/types\/product"}],"wp:featuredmedia":[{"embeddable":true,"href":"https:\/\/theinsulatedglass.com\/pl\/wp-json\/wp\/v2\/media\/581"}],"wp:attachment":[{"href":"https:\/\/theinsulatedglass.com\/pl\/wp-json\/wp\/v2\/media?parent=577"}],"wp:term":[{"taxonomy":"product_brand","embeddable":true,"href":"https:\/\/theinsulatedglass.com\/pl\/wp-json\/wp\/v2\/product_brand?post=577"},{"taxonomy":"product_cat","embeddable":true,"href":"https:\/\/theinsulatedglass.com\/pl\/wp-json\/wp\/v2\/product_cat?post=577"},{"taxonomy":"product_tag","embeddable":true,"href":"https:\/\/theinsulatedglass.com\/pl\/wp-json\/wp\/v2\/product_tag?post=577"}],"curies":[{"name":"wp","href":"https:\/\/api.w.org\/{rel}","templated":true}]}}