{"id":582,"date":"2026-01-27T06:56:24","date_gmt":"2026-01-27T06:56:24","guid":{"rendered":"https:\/\/theinsulatedglass.com\/?post_type=product&#038;p=582"},"modified":"2026-01-27T06:56:24","modified_gmt":"2026-01-27T06:56:24","slug":"custom-size-bulk-supply-tempered-door-and-window-glass","status":"publish","type":"product","link":"https:\/\/theinsulatedglass.com\/pl\/custom-size-bulk-supply-tempered-door-and-window-glass\/","title":{"rendered":"Niestandardowy rozmiar hurtowej dostawy hartowanego szk\u0142a do drzwi i okien"},"content":{"rendered":"<p data-start=\"59\" data-end=\"606\"><strong data-start=\"67\" data-end=\"79\">Przegl\u0105d<\/strong><br data-start=\"79\" data-end=\"82\" \/>Gdy otwory drzwiowe i okienne s\u0105 nara\u017cone na dzia\u0142anie s\u0142o\u0144ca, wiatru i cz\u0119sty kontakt, szk\u0142o hartowane pomaga utrzyma\u0107 trwa\u0142o\u015b\u0107 zespo\u0142\u00f3w, zapewniaj\u0105c jednocze\u015bnie komfortowe wn\u0119trza. Hartowanie termiczne polega na podgrzaniu szk\u0142a i jego szybkim sch\u0142odzeniu w celu wytworzenia kompresji powierzchni, dzi\u0119ki czemu jest ono co najmniej czterokrotnie bardziej wytrzyma\u0142e ni\u017c szk\u0142o odpr\u0119\u017cone o tej samej grubo\u015bci. Je\u015bli dojdzie do p\u0119kni\u0119cia, zwykle rozpada si\u0119 ono na ma\u0142e cz\u0105stki, zmniejszaj\u0105c prawdopodobie\u0144stwo powa\u017cnych skalecze\u0144 w miejscach o du\u017cym nat\u0119\u017ceniu ruchu.<\/p>\n<p data-start=\"608\" data-end=\"626\"><strong data-start=\"608\" data-end=\"624\">Kluczowe cechy<\/strong><\/p>\n<ul data-start=\"627\" data-end=\"1140\">\n<li data-start=\"627\" data-end=\"731\">\n<p data-start=\"629\" data-end=\"731\">Zwi\u0119kszona odporno\u015b\u0107 na uderzenia i obci\u0105\u017cenie wiatrem w por\u00f3wnaniu do szk\u0142a odpr\u0119\u017conego.<\/p>\n<\/li>\n<li data-start=\"732\" data-end=\"829\">\n<p data-start=\"734\" data-end=\"829\">Zmniejsz ryzyko kontuzji, stosuj\u0105c wz\u00f3r ma\u0142ych przerw.<\/p>\n<\/li>\n<li data-start=\"830\" data-end=\"948\">\n<p data-start=\"832\" data-end=\"948\">Zapewnia szczelniejsze uszczelnienie i p\u0142ynniejsz\u0105 prac\u0119, utrzymuj\u0105c p\u0142asko\u015b\u0107 i jako\u015b\u0107 kraw\u0119dzi dzi\u0119ki kontrolowanej obr\u00f3bce.<\/p>\n<\/li>\n<li data-start=\"949\" data-end=\"1072\">\n<p data-start=\"951\" data-end=\"1072\">Umo\u017cliwiaj\u0105 zastosowanie bezpiecznych szyb w drzwiach, skrzyd\u0142ach bocznych i wybranych oknach.<\/p>\n<\/li>\n<li data-start=\"1073\" data-end=\"1140\">\n<p data-start=\"1075\" data-end=\"1140\">Utrzymanie sp\u00f3jno\u015bci z wewn\u0119trzn\u0105 kontrol\u0105 jako\u015bci i identyfikowalno\u015bci\u0105 jako\u015bci.<\/p>\n<\/li>\n<\/ul>\n<p data-start=\"1142\" data-end=\"1171\"><strong data-start=\"1142\" data-end=\"1169\">Opcje i personalizacja<\/strong><\/p>\n<ul data-start=\"1172\" data-end=\"1664\">\n<li data-start=\"1172\" data-end=\"1257\">\n<p data-start=\"1174\" data-end=\"1257\">Wykonywane na zam\u00f3wienie, niestandardowy rozmiar zgodnie ze specyfikacj\u0105 projektu, z rysunkami warsztatowymi i wsparciem rysunkowym.<\/p>\n<\/li>\n<li data-start=\"1258\" data-end=\"1338\">\n<p data-start=\"1260\" data-end=\"1338\">Wyko\u0144czenie kraw\u0119dzi: ze szwem, szlifowane, polerowane o\u0142\u00f3wkiem, polerowane na p\u0142asko lub z ma\u0142ymi fazami.<\/p>\n<\/li>\n<li data-start=\"1339\" data-end=\"1464\">\n<p data-start=\"1341\" data-end=\"1464\">Otwory, wyci\u0119cia i wyci\u0119cia sprz\u0119towe wykonane przed odpuszczaniem, zgodnie z rysunkami.<\/p>\n<\/li>\n<li data-start=\"1465\" data-end=\"1549\">\n<p data-start=\"1467\" data-end=\"1549\">Pod\u0142o\u017ca: przezroczyste, o niskiej zawarto\u015bci \u017celaza, przyciemniane; frytka\/druk i folie ochronne na \u017cyczenie.<\/p>\n<\/li>\n<li data-start=\"1550\" data-end=\"1664\">\n<p data-start=\"1552\" data-end=\"1664\">Szyby hartowane gotowe do monta\u017cu w szybach zespolonych, dost\u0119pne w wersjach do drzwi\/okien z podw\u00f3jnymi szybami.<\/p>\n<\/li>\n<\/ul>\n<p data-start=\"1666\" data-end=\"1865\"><strong data-start=\"1666\" data-end=\"1690\">Typowe zastosowania<\/strong><br data-start=\"1690\" data-end=\"1693\" \/>Przesuwne panele drzwi tarasowych, drzwi wej\u015bciowe na zawiasach, przeszklenia drzwi sklepowych, bocznice i rygle, pod\u015bwietlenia skrzyde\u0142 okiennych, drzwi balkonowe, szklane drzwi wewn\u0119trzne, pod\u015bwietlenia zamienne.<\/p>\n<p data-start=\"1867\" data-end=\"2068\"><strong data-start=\"1867\" data-end=\"1887\">Dostawa i wsparcie<\/strong><br data-start=\"1887\" data-end=\"1890\" \/>Fabryczne bezpo\u015brednie dostawy masowe wspieraj\u0105 produkcj\u0119 masow\u0105 ze stabilnym planowaniem czasu realizacji. Dost\u0119pne s\u0105 opakowania eksportowe i skrzynkowe. Zgodno\u015b\u0107 z normami dost\u0119pna na \u017cyczenie.<\/p>","protected":false},"excerpt":{"rendered":"<p>Szk\u0142o hartowane do drzwi i okien jest produkowane na zam\u00f3wienie, aby zapewni\u0107 wi\u0119ksz\u0105 wytrzyma\u0142o\u015b\u0107 i bezpieczniejszy wz\u00f3r p\u0119kni\u0119cia, pomagaj\u0105c chroni\u0107 osoby przebywaj\u0105ce w otworach o du\u017cym nat\u0119\u017ceniu ruchu. Zbudowane zgodnie z rysunkami dla drzwi przesuwnych i bocznych, z czystymi kraw\u0119dziami i opcjonalnymi szybami gotowymi do monta\u017cu w izolowanych zespo\u0142ach.<\/p>","protected":false},"featured_media":583,"template":"","meta":{"_gspb_post_css":""},"product_brand":[],"product_cat":[42],"product_tag":[116,64,112,77,114,115,65,120,117,119,113,118],"class_list":{"0":"post-582","1":"product","2":"type-product","3":"status-publish","4":"has-post-thumbnail","6":"product_cat-door-window-glass","7":"product_tag-cnc-drilling-and-notching","8":"product_tag-custom-size","9":"product_tag-custom-size-bulk-supply-tempered-door-and-window-glass","10":"product_tag-factory-direct-bulk-supply","11":"product_tag-heat-treated-glass","12":"product_tag-polished-edgework","13":"product_tag-shop-drawing-support","14":"product_tag-sidelite-and-transom-glass","15":"product_tag-sliding-door-glass","16":"product_tag-storefront-door-glazing","17":"product_tag-tempered-safety-glass","18":"product_tag-window-sash-glass","20":"first","21":"instock","22":"shipping-taxable","23":"purchasable","24":"product-type-simple"},"_links":{"self":[{"href":"https:\/\/theinsulatedglass.com\/pl\/wp-json\/wp\/v2\/product\/582","targetHints":{"allow":["GET"]}}],"collection":[{"href":"https:\/\/theinsulatedglass.com\/pl\/wp-json\/wp\/v2\/product"}],"about":[{"href":"https:\/\/theinsulatedglass.com\/pl\/wp-json\/wp\/v2\/types\/product"}],"wp:featuredmedia":[{"embeddable":true,"href":"https:\/\/theinsulatedglass.com\/pl\/wp-json\/wp\/v2\/media\/583"}],"wp:attachment":[{"href":"https:\/\/theinsulatedglass.com\/pl\/wp-json\/wp\/v2\/media?parent=582"}],"wp:term":[{"taxonomy":"product_brand","embeddable":true,"href":"https:\/\/theinsulatedglass.com\/pl\/wp-json\/wp\/v2\/product_brand?post=582"},{"taxonomy":"product_cat","embeddable":true,"href":"https:\/\/theinsulatedglass.com\/pl\/wp-json\/wp\/v2\/product_cat?post=582"},{"taxonomy":"product_tag","embeddable":true,"href":"https:\/\/theinsulatedglass.com\/pl\/wp-json\/wp\/v2\/product_tag?post=582"}],"curies":[{"name":"wp","href":"https:\/\/api.w.org\/{rel}","templated":true}]}}