{"id":589,"date":"2026-01-27T07:02:11","date_gmt":"2026-01-27T07:02:11","guid":{"rendered":"https:\/\/theinsulatedglass.com\/?post_type=product&#038;p=589"},"modified":"2026-01-27T07:02:11","modified_gmt":"2026-01-27T07:02:11","slug":"cut-to-size-bulk-hard-coat-online-low-e-glass","status":"publish","type":"product","link":"https:\/\/theinsulatedglass.com\/pl\/cut-to-size-bulk-hard-coat-online-low-e-glass\/","title":{"rendered":"Przycinane na wymiar szk\u0142o niskoemisyjne z tward\u0105 pow\u0142ok\u0105 online"},"content":{"rendered":"<p data-start=\"50\" data-end=\"537\"><strong data-start=\"58\" data-end=\"70\">Przegl\u0105d<\/strong><br data-start=\"70\" data-end=\"73\" \/>W przypadku projekt\u00f3w, kt\u00f3re wymagaj\u0105 czystego, sp\u00f3jnego wygl\u0105du i praktycznej obs\u0142ugi, niezawodnym wyborem jest twarda pow\u0142oka (pirolityczna) Low-E. Pow\u0142oki pirolityczne s\u0105 nak\u0142adane online podczas produkcji float i tworz\u0105 trwa\u0142e wi\u0105zanie powierzchniowe, kt\u00f3re wspiera procesy produkcji i przetwarzania. Pow\u0142oki niskoemisyjne odbijaj\u0105 d\u0142ugofalow\u0105 energi\u0119 podczerwon\u0105, aby poprawi\u0107 komfort cieplny bez blokowania naturalnego \u015bwiat\u0142a dziennego.<\/p>\n<p data-start=\"539\" data-end=\"557\"><strong data-start=\"539\" data-end=\"555\">Kluczowe cechy<\/strong><\/p>\n<ul data-start=\"558\" data-end=\"1104\">\n<li data-start=\"558\" data-end=\"646\">\n<p data-start=\"560\" data-end=\"646\">Utrzymanie sp\u00f3jnego odcienia wizualnego we wszystkich partiach z kontrolowan\u0105 jednorodno\u015bci\u0105 pow\u0142oki.<\/p>\n<\/li>\n<li data-start=\"647\" data-end=\"762\">\n<p data-start=\"649\" data-end=\"762\">Poprawa komfortu w pomieszczeniach poprzez odbijanie promieniowania cieplnego z powrotem w kierunku jego \u017ar\u00f3d\u0142a.<\/p>\n<\/li>\n<li data-start=\"763\" data-end=\"887\">\n<p data-start=\"765\" data-end=\"887\">Wspieraj\u0105 wydajne linie ci\u0119cia dzi\u0119ki wytrzyma\u0142ej naturze powierzchni z tward\u0105 pow\u0142ok\u0105.<\/p>\n<\/li>\n<li data-start=\"888\" data-end=\"1030\">\n<p data-start=\"890\" data-end=\"1030\">Umo\u017cliwiaj\u0105 bezpieczne budowanie poprzez po\u0142\u0105czenie z odpuszczaniem lub laminowaniem w razie potrzeby (dost\u0119pne na \u017cyczenie).<\/p>\n<\/li>\n<li data-start=\"1031\" data-end=\"1104\">\n<p data-start=\"1033\" data-end=\"1104\">Utrzymanie wewn\u0119trznej kontroli jako\u015bci z mo\u017cliwo\u015bci\u0105 \u015bledzenia jako\u015bci w celu uzyskania powtarzalnych wynik\u00f3w.<\/p>\n<\/li>\n<\/ul>\n<p data-start=\"1106\" data-end=\"1135\"><strong data-start=\"1106\" data-end=\"1133\">Opcje i personalizacja<\/strong><\/p>\n<ul data-start=\"1136\" data-end=\"1683\">\n<li data-start=\"1136\" data-end=\"1233\">\n<p data-start=\"1138\" data-end=\"1233\">Produkowane na zam\u00f3wienie arkusze o niestandardowych rozmiarach, prostok\u0105ty ci\u0119te na wymiar lub profile kszta\u0142towe wed\u0142ug specyfikacji projektu.<\/p>\n<\/li>\n<li data-start=\"1234\" data-end=\"1313\">\n<p data-start=\"1236\" data-end=\"1313\">Opcje wyko\u0144czenia kraw\u0119dzi: kraw\u0119dzie ze szwem, z\u0105bkowane lub polerowane w zale\u017cno\u015bci od ekspozycji.<\/p>\n<\/li>\n<li data-start=\"1314\" data-end=\"1408\">\n<p data-start=\"1316\" data-end=\"1408\">Wskaz\u00f3wki dotycz\u0105ce rozmieszczenia pow\u0142ok za po\u015brednictwem wsparcia rysunkowego \/ przegl\u0105du rysunk\u00f3w warsztatowych pod k\u0105tem lokalizacji powierzchni.<\/p>\n<\/li>\n<li data-start=\"1409\" data-end=\"1539\">\n<p data-start=\"1411\" data-end=\"1539\">Opcje integracji szyb zespolonych (po\u0142o\u017cenie ramki dystansowej i konfiguracja wn\u0119ki) dost\u0119pne na \u017cyczenie.<\/p>\n<\/li>\n<li data-start=\"1540\" data-end=\"1683\">\n<p data-start=\"1542\" data-end=\"1683\">Zgodno\u015b\u0107 z obr\u00f3bk\u0105 ciepln\u0105 i laminowaniem dost\u0119pna na \u017cyczenie, w zale\u017cno\u015bci od wyboru szk\u0142a\/pow\u0142oki.<\/p>\n<\/li>\n<\/ul>\n<p data-start=\"1685\" data-end=\"1871\"><strong data-start=\"1685\" data-end=\"1709\">Typowe zastosowania<\/strong><br data-start=\"1709\" data-end=\"1712\" \/>Okna burzowe, przeszklenia wt\u00f3rne, wymienne szyby, szyby zespolone z podw\u00f3jnymi szybami, obszary wizyjne \u015bcian os\u0142onowych, przeszklenia \u015bwietlik\u00f3w, solary, lady serwisowe.<\/p>\n<p data-start=\"1873\" data-end=\"2143\"><strong data-start=\"1873\" data-end=\"1893\">Dostawa i wsparcie<\/strong><br data-start=\"1893\" data-end=\"1896\" \/>Programy Factory Direct Bulk Supply s\u0105 obs\u0142ugiwane z harmonogramem Stable Lead Time, Export Packaging i Crate Packing dla przesy\u0142ek na du\u017ce odleg\u0142o\u015bci. Zapisy z inspekcji mog\u0105 by\u0107 dostarczane z ka\u017cd\u0105 parti\u0105, a zgodno\u015b\u0107 z normami dost\u0119pna na \u017c\u0105danie.<\/p>","protected":false},"excerpt":{"rendered":"<p>Szk\u0142o niskoemisyjne online z tward\u0105 pow\u0142ok\u0105 jest ci\u0119te na wymiar z trwa\u0142\u0105 pow\u0142ok\u0105 pirolityczn\u0105 zaprojektowan\u0105 z my\u015bl\u0105 o wydajnej obs\u0142udze i produkcji. Dostarczane luzem do przeszkle\u0144 wt\u00f3rnych i paneli okien burzowych, wspiera praktyczne ulepszenia energetyczne przy zachowaniu sp\u00f3jnego wygl\u0105du.<\/p>","protected":false},"featured_media":590,"template":"","meta":{"_gspb_post_css":""},"product_brand":[],"product_cat":[27],"product_tag":[64,121,77,122,125,127,124,123,129,128,126,130],"class_list":{"0":"post-589","1":"product","2":"type-product","3":"status-publish","4":"has-post-thumbnail","6":"product_cat-online-low-e-glass","7":"product_tag-custom-size","8":"product_tag-cut-to-size-bulk-hard-coat-online-low-e-glass","9":"product_tag-factory-direct-bulk-supply","10":"product_tag-hard-coat-low-e-glass","11":"product_tag-igu-compatible-glass","12":"product_tag-laminated-option","13":"product_tag-low-emissivity-coating","14":"product_tag-pyrolytic-online-coating","15":"product_tag-secondary-glazing","16":"product_tag-storm-window-glass","17":"product_tag-tempered-option","18":"product_tag-window-replacement-lites","20":"first","21":"instock","22":"shipping-taxable","23":"purchasable","24":"product-type-simple"},"_links":{"self":[{"href":"https:\/\/theinsulatedglass.com\/pl\/wp-json\/wp\/v2\/product\/589","targetHints":{"allow":["GET"]}}],"collection":[{"href":"https:\/\/theinsulatedglass.com\/pl\/wp-json\/wp\/v2\/product"}],"about":[{"href":"https:\/\/theinsulatedglass.com\/pl\/wp-json\/wp\/v2\/types\/product"}],"wp:featuredmedia":[{"embeddable":true,"href":"https:\/\/theinsulatedglass.com\/pl\/wp-json\/wp\/v2\/media\/590"}],"wp:attachment":[{"href":"https:\/\/theinsulatedglass.com\/pl\/wp-json\/wp\/v2\/media?parent=589"}],"wp:term":[{"taxonomy":"product_brand","embeddable":true,"href":"https:\/\/theinsulatedglass.com\/pl\/wp-json\/wp\/v2\/product_brand?post=589"},{"taxonomy":"product_cat","embeddable":true,"href":"https:\/\/theinsulatedglass.com\/pl\/wp-json\/wp\/v2\/product_cat?post=589"},{"taxonomy":"product_tag","embeddable":true,"href":"https:\/\/theinsulatedglass.com\/pl\/wp-json\/wp\/v2\/product_tag?post=589"}],"curies":[{"name":"wp","href":"https:\/\/api.w.org\/{rel}","templated":true}]}}