{"id":604,"date":"2026-01-27T07:35:29","date_gmt":"2026-01-27T07:35:29","guid":{"rendered":"https:\/\/theinsulatedglass.com\/?post_type=product&#038;p=604"},"modified":"2026-01-27T07:35:29","modified_gmt":"2026-01-27T07:35:29","slug":"custom-size-bulk-clear-tempered-shower-glass","status":"publish","type":"product","link":"https:\/\/theinsulatedglass.com\/pl\/custom-size-bulk-clear-tempered-shower-glass\/","title":{"rendered":"Niestandardowy rozmiar przezroczystego hartowanego szk\u0142a prysznicowego"},"content":{"rendered":"<p data-start=\"57\" data-end=\"320\">Przegl\u0105d<br data-start=\"65\" data-end=\"68\" \/>Zaprojektowane z my\u015bl\u0105 o codziennym komforcie k\u0105pieli, przezroczyste hartowane szk\u0142o prysznicowe zapewnia jasno\u015b\u0107 kabiny, dodaj\u0105c jednocze\u015bnie korzy\u015bci w zakresie bezpiecze\u0144stwa wynikaj\u0105ce z zastosowania szk\u0142a poddanego obr\u00f3bce cieplnej. Precyzyjny dob\u00f3r rozmiaru i czyste kraw\u0119dzie pomagaj\u0105 drzwiom i sta\u0142ym panelom p\u0142ynnie si\u0119 zamyka\u0107 i cicho osadza\u0107 w okuciach.<\/p>\n<p data-start=\"324\" data-end=\"338\">Kluczowe cechy<\/p>\n<p data-start=\"341\" data-end=\"424\">Priorytetem jest bezpiecze\u0144stwo u\u017cytkownika dzi\u0119ki hartowanej charakterystyce przerwania odpowiedniej dla obszar\u00f3w mokrych<\/p>\n<p data-start=\"427\" data-end=\"506\">Zachowuje prawdziwe kolory i niski poziom zniekszta\u0142ce\u0144 wizualnych, zapewniaj\u0105c czysty, otwarty wygl\u0105d \u0142azienki.<\/p>\n<p data-start=\"509\" data-end=\"583\">Zmniejszenie ryzyka odprysk\u00f3w dzi\u0119ki wyko\u0144czonym kraw\u0119dziom i starannej kontroli obs\u0142ugi<\/p>\n<p data-start=\"586\" data-end=\"654\">Poprawa sp\u00f3jno\u015bci dopasowania zawias\u00f3w, zacisk\u00f3w, kana\u0142\u00f3w i uszczelek<\/p>\n<p data-start=\"657\" data-end=\"716\">Wsparcie powtarzalnej produkcji dzi\u0119ki stabilnemu, jednolitemu przetwarzaniu<\/p>\n<p data-start=\"720\" data-end=\"745\">Opcje i personalizacja<\/p>\n<p data-start=\"748\" data-end=\"814\">Panele produkowane na zam\u00f3wienie w niestandardowym rozmiarze z mo\u017cliwo\u015bci\u0105 przycinania do kszta\u0142tu<\/p>\n<p data-start=\"817\" data-end=\"880\">Wyko\u0144czenia kraw\u0119dzi dost\u0119pne na \u017cyczenie (polerowane, \u015bci\u0119te, szlifowane)<\/p>\n<p data-start=\"883\" data-end=\"950\">Otwory, naci\u0119cia i wyci\u0119cia CNC dla uchwyt\u00f3w i wzor\u00f3w oku\u0107<\/p>\n<p data-start=\"953\" data-end=\"1023\">Opcjonalne ceramiczne paski frytowe lub wzory pask\u00f3w prywatno\u015bci w razie potrzeby<\/p>\n<p data-start=\"1026\" data-end=\"1095\">Dopasowane sta\u0142e panele i zestawy drzwi dost\u0119pne w ramach us\u0142ugi OEM\/ODM<\/p>\n<p data-start=\"1099\" data-end=\"1336\">Typowe zastosowania<br data-start=\"1119\" data-end=\"1122\" \/>Bezramowe drzwi prysznicowe, kabiny prysznicowe na zawiasach, przesuwne systemy prysznicowe, sta\u0142e panele prysznicowe, parawany nawannowe, \u015bcianki dzia\u0142owe do pomieszcze\u0144 mokrych, modernizacje \u0142azienek hotelowych, przebudowy mieszka\u0144, kabiny prysznicowe w spa i szatniach<\/p>\n<p data-start=\"1340\" data-end=\"1647\">Dostawa i wsparcie<br data-start=\"1356\" data-end=\"1359\" \/>Dostawy masowe z planowaniem produkcji masowej i kr\u00f3tkim czasem realizacji harmonogram\u00f3w projekt\u00f3w. Wewn\u0119trzna kontrola jako\u015bci z mo\u017cliwo\u015bci\u0105 \u015bledzenia jako\u015bci, a tak\u017ce opakowania eksportowe i skrzynie do bezpiecznego transportu. Wsparcie rysunkowe i koordynacja rysunk\u00f3w warsztatowych s\u0105 dost\u0119pne; zgodno\u015b\u0107 z normami dost\u0119pna na \u017cyczenie.<\/p>","protected":false},"excerpt":{"rendered":"<p>Przezroczyste, hartowane szk\u0142o prysznicowe jest produkowane na zam\u00f3wienie, aby zapewni\u0107 p\u0142ynne i wygodne codzienne u\u017cytkowanie, \u0142\u0105cz\u0105c jasn\u0105 przezroczysto\u015b\u0107 z bezpieczn\u0105 obr\u00f3bk\u0105 i czystymi wyko\u0144czonymi kraw\u0119dziami. Dostarczane luzem w celu zapewnienia sp\u00f3jnych konstrukcji, jest szeroko stosowane do bezramowych drzwi prysznicowych, sta\u0142ych paneli i \u015bcianek dzia\u0142owych do pomieszcze\u0144 mokrych.<\/p>","protected":false},"featured_media":605,"template":"","meta":{"_gspb_post_css":""},"product_brand":[],"product_cat":[43],"product_tag":[148,142,141,139,145,143,149,144,146,113,147],"class_list":{"0":"post-604","1":"product","2":"type-product","3":"status-publish","4":"has-post-thumbnail","6":"product_cat-shower-glass","7":"product_tag-bulk-supply-shower-glass","8":"product_tag-clear-tempered-glass","9":"product_tag-custom-size-bulk-clear-tempered-shower-glass","10":"product_tag-custom-size-glass","11":"product_tag-frameless-shower-door-glass","12":"product_tag-heat-treated-glass-panel","13":"product_tag-oem-glass-supply","14":"product_tag-polished-edge-shower-glass","15":"product_tag-shower-enclosure-panel","16":"product_tag-tempered-safety-glass","17":"product_tag-wet-room-partition-glass","19":"first","20":"instock","21":"shipping-taxable","22":"purchasable","23":"product-type-simple"},"_links":{"self":[{"href":"https:\/\/theinsulatedglass.com\/pl\/wp-json\/wp\/v2\/product\/604","targetHints":{"allow":["GET"]}}],"collection":[{"href":"https:\/\/theinsulatedglass.com\/pl\/wp-json\/wp\/v2\/product"}],"about":[{"href":"https:\/\/theinsulatedglass.com\/pl\/wp-json\/wp\/v2\/types\/product"}],"wp:featuredmedia":[{"embeddable":true,"href":"https:\/\/theinsulatedglass.com\/pl\/wp-json\/wp\/v2\/media\/605"}],"wp:attachment":[{"href":"https:\/\/theinsulatedglass.com\/pl\/wp-json\/wp\/v2\/media?parent=604"}],"wp:term":[{"taxonomy":"product_brand","embeddable":true,"href":"https:\/\/theinsulatedglass.com\/pl\/wp-json\/wp\/v2\/product_brand?post=604"},{"taxonomy":"product_cat","embeddable":true,"href":"https:\/\/theinsulatedglass.com\/pl\/wp-json\/wp\/v2\/product_cat?post=604"},{"taxonomy":"product_tag","embeddable":true,"href":"https:\/\/theinsulatedglass.com\/pl\/wp-json\/wp\/v2\/product_tag?post=604"}],"curies":[{"name":"wp","href":"https:\/\/api.w.org\/{rel}","templated":true}]}}