{"id":618,"date":"2026-01-27T07:47:48","date_gmt":"2026-01-27T07:47:48","guid":{"rendered":"https:\/\/theinsulatedglass.com\/?post_type=product&#038;p=618"},"modified":"2026-01-27T07:47:48","modified_gmt":"2026-01-27T07:47:48","slug":"project-spec-bulk-supply-heat-soaked-tempered-glass","status":"publish","type":"product","link":"https:\/\/theinsulatedglass.com\/pl\/project-spec-bulk-supply-heat-soaked-tempered-glass\/","title":{"rendered":"Projekt Spec Bulk Supply Szk\u0142o hartowane nas\u0105czone ciep\u0142em"},"content":{"rendered":"<p data-start=\"64\" data-end=\"347\">Przegl\u0105d<br data-start=\"72\" data-end=\"75\" \/>W przypadku fasad o wysokiej widoczno\u015bci i przeszkle\u0144 g\u00f3rnych, sp\u00f3jno\u015b\u0107 wizualna jest cz\u0119\u015bci\u0105 historii wydajno\u015bci. Szk\u0142o hartowane nas\u0105czone ciep\u0142em dodaje dodatkowy etap ekranowania po hartowaniu, aby zwi\u0119kszy\u0107 pewno\u015b\u0107 u\u017cytkowania, zachowuj\u0105c jednocze\u015bnie czysty, przejrzysty wygl\u0105d, kt\u00f3rego oczekuj\u0105 architekci.<\/p>\n<p data-start=\"351\" data-end=\"365\">Kluczowe cechy<\/p>\n<p data-start=\"368\" data-end=\"424\">Wyra\u017ane linie wzroku dzi\u0119ki niskiemu zabarwieniu i wysokiej przezroczysto\u015bci<\/p>\n<p data-start=\"427\" data-end=\"485\">Zwi\u0119kszenie bezpiecze\u0144stwa dzi\u0119ki hartowanej konstrukcji<\/p>\n<p data-start=\"488\" data-end=\"565\">Zmniejszenie ryzyka nieoczekiwanego uszkodzenia w trakcie eksploatacji poprzez zastosowanie obr\u00f3bki termicznej<\/p>\n<p data-start=\"568\" data-end=\"642\">Wspieraj\u0105 schludne detale z kontrolowan\u0105 jako\u015bci\u0105 kraw\u0119dzi i wyko\u0144czeniem naro\u017cnik\u00f3w<\/p>\n<p data-start=\"645\" data-end=\"713\">Utrzymanie powtarzalnego wygl\u0105du partii dla du\u017cych elewacji<\/p>\n<p data-start=\"716\" data-end=\"794\">Umo\u017cliwiaj\u0105 p\u0142ynniejsz\u0105 instalacj\u0119, utrzymuj\u0105c panele p\u0142askie i stabilne wymiarowo.<\/p>\n<p data-start=\"798\" data-end=\"823\">Opcje i personalizacja<\/p>\n<p data-start=\"826\" data-end=\"900\">Ci\u0119cie na zam\u00f3wienie zgodnie ze specyfikacj\u0105 projektu, w tym ci\u0119cie do kszta\u0142tu na \u017c\u0105danie<\/p>\n<p data-start=\"903\" data-end=\"978\">Otwory, naci\u0119cia i wyci\u0119cia CNC na wsporniki, mocowania punktowe i osprz\u0119t<\/p>\n<p data-start=\"981\" data-end=\"1047\">Opcje wyko\u0144czenia kraw\u0119dzi dost\u0119pne na \u017cyczenie (polerowane, szlifowane, \u015bci\u0119te)<\/p>\n<p data-start=\"1050\" data-end=\"1121\">Opcjonalne wzory fryty ceramicznej lub nadruki antypo\u015blizgowe dla wybranych obszar\u00f3w<\/p>\n<p data-start=\"1124\" data-end=\"1184\">Makija\u017ce laminowane lub integracja IGU dost\u0119pne na \u017cyczenie<\/p>\n<p data-start=\"1187\" data-end=\"1250\">Pakowanie, etykietowanie i zestawianie dostosowane do sekwencjonowania lokalizacji<\/p>\n<p data-start=\"1254\" data-end=\"1460\">Typowe zastosowania<br data-start=\"1274\" data-end=\"1277\" \/>Szklane \u015bciany os\u0142onowe, przeszklenia witryn sklepowych, \u015bwietliki, szklane zadaszenia, dachy atrialne, strefy spandreli elewacyjnych, panele wype\u0142niaj\u0105ce balustrady, przeszklenia holi windowych, os\u0142ony przeciwwiatrowe<\/p>\n<p data-start=\"1464\" data-end=\"1773\">Dostawa i wsparcie<br data-start=\"1480\" data-end=\"1483\" \/>Dostawy masowe z planowaniem produkcji masowej i kr\u00f3tkim czasem realizacji, je\u015bli pozwala na to harmonogram. Zapewniamy wsparcie rysunkowe i koordynacj\u0119 rysunk\u00f3w warsztatowych, wspierane przez wewn\u0119trzn\u0105 kontrol\u0119 jako\u015bci i identyfikowalno\u015b\u0107 jako\u015bci. Dost\u0119pne s\u0105 opakowania eksportowe i skrzyniowe; zgodno\u015b\u0107 z normami dost\u0119pna na \u017cyczenie.<\/p>","protected":false},"excerpt":{"rendered":"<p>Wygrzewane szk\u0142o hartowane zapewnia przejrzyst\u0105, sp\u00f3jn\u0105 estetyk\u0119 z dodatkowym etapem ekranowania w celu zapewnienia d\u0142ugotrwa\u0142ej niezawodno\u015bci. Dostarczane w niestandardowych rozmiarach dla program\u00f3w masowych, jest szeroko stosowane w panelach wizyjnych \u015bcian os\u0142onowych i przeszkleniach nad g\u0142ow\u0105, gdzie wygl\u0105d i pewno\u015b\u0107 siebie maj\u0105 znaczenie.<\/p>","protected":false},"featured_media":619,"template":"","meta":{"_gspb_post_css":""},"product_brand":[],"product_cat":[23],"product_tag":[161,62,139,160,158,157,159,156,65,76,109,113],"class_list":{"0":"post-618","1":"product","2":"type-product","3":"status-publish","4":"has-post-thumbnail","6":"product_cat-heat-soaked-tempered-glass","7":"product_tag-bulk-supply-glass","8":"product_tag-curtain-wall-glazing","9":"product_tag-custom-size-glass","10":"product_tag-glass-canopy-panels","11":"product_tag-heat-soak-processed-glass","12":"product_tag-heat-soaked-tempered-glass","13":"product_tag-laminated-heat-soaked-glass","14":"product_tag-project-spec-bulk-supply-heat-soaked-tempered-glass","15":"product_tag-shop-drawing-support","16":"product_tag-skylight-glazing","17":"product_tag-storefront-glass","18":"product_tag-tempered-safety-glass","20":"first","21":"instock","22":"shipping-taxable","23":"purchasable","24":"product-type-simple"},"_links":{"self":[{"href":"https:\/\/theinsulatedglass.com\/pl\/wp-json\/wp\/v2\/product\/618","targetHints":{"allow":["GET"]}}],"collection":[{"href":"https:\/\/theinsulatedglass.com\/pl\/wp-json\/wp\/v2\/product"}],"about":[{"href":"https:\/\/theinsulatedglass.com\/pl\/wp-json\/wp\/v2\/types\/product"}],"wp:featuredmedia":[{"embeddable":true,"href":"https:\/\/theinsulatedglass.com\/pl\/wp-json\/wp\/v2\/media\/619"}],"wp:attachment":[{"href":"https:\/\/theinsulatedglass.com\/pl\/wp-json\/wp\/v2\/media?parent=618"}],"wp:term":[{"taxonomy":"product_brand","embeddable":true,"href":"https:\/\/theinsulatedglass.com\/pl\/wp-json\/wp\/v2\/product_brand?post=618"},{"taxonomy":"product_cat","embeddable":true,"href":"https:\/\/theinsulatedglass.com\/pl\/wp-json\/wp\/v2\/product_cat?post=618"},{"taxonomy":"product_tag","embeddable":true,"href":"https:\/\/theinsulatedglass.com\/pl\/wp-json\/wp\/v2\/product_tag?post=618"}],"curies":[{"name":"wp","href":"https:\/\/api.w.org\/{rel}","templated":true}]}}