{"id":625,"date":"2026-01-27T07:53:33","date_gmt":"2026-01-27T07:53:33","guid":{"rendered":"https:\/\/theinsulatedglass.com\/?post_type=product&#038;p=625"},"modified":"2026-01-27T07:53:33","modified_gmt":"2026-01-27T07:53:33","slug":"project-spec-custom-solar-control-coated-glass","status":"publish","type":"product","link":"https:\/\/theinsulatedglass.com\/pl\/project-spec-custom-solar-control-coated-glass\/","title":{"rendered":"Specyfikacja projektu Niestandardowe szk\u0142o z pow\u0142ok\u0105 przeciws\u0142oneczn\u0105"},"content":{"rendered":"<p data-start=\"59\" data-end=\"366\">Przegl\u0105d<br data-start=\"67\" data-end=\"70\" \/>Od wczesnej koordynacji fasady po ostateczn\u0105 wysy\u0142k\u0119, szk\u0142o powlekane przeciws\u0142oneczne dzia\u0142a najlepiej, gdy jest dostarczane dok\u0142adnie zgodnie z wymaganiami projektu w zakresie budowy i obs\u0142ugi. To rozwi\u0105zanie Project Spec pomaga zredukowa\u0107 ciep\u0142o s\u0142oneczne i odblaski, jednocze\u015bnie zachowuj\u0105c \u015bwiat\u0142o dzienne i sp\u00f3jny wygl\u0105d zewn\u0119trzny.<\/p>\n<p data-start=\"370\" data-end=\"384\">Kluczowe cechy<\/p>\n<p data-start=\"387\" data-end=\"461\">Zarz\u0105dzanie nas\u0142onecznieniem i ol\u015bnieniem w celu poprawy komfortu w pomieszczeniach w pobli\u017cu linii oszklenia<\/p>\n<p data-start=\"464\" data-end=\"546\">Utrzymanie sp\u00f3jno\u015bci kolor\u00f3w architektonicznych na elewacjach i w ramach dostaw etapowych.<\/p>\n<p data-start=\"549\" data-end=\"627\">Obs\u0142uga szyb zespolonych i zespo\u0142\u00f3w laminowanych za pomoc\u0105 praktyk przetwarzania uwzgl\u0119dniaj\u0105cych powlekanie<\/p>\n<p data-start=\"630\" data-end=\"701\">Koordynacja wytycznych dotycz\u0105cych orientacji pow\u0142oki w celu prawid\u0142owej instalacji na miejscu.<\/p>\n<p data-start=\"704\" data-end=\"788\">Wi\u0119ksza niezawodno\u015b\u0107 uszczelnienia dzi\u0119ki kontrolowanemu przygotowaniu kraw\u0119dzi pow\u0142oki<\/p>\n<p data-start=\"791\" data-end=\"863\">Umo\u017cliwienie przewidywalnej realizacji projektu z identyfikowaln\u0105 kontrol\u0105 produkcji<\/p>\n<p data-start=\"867\" data-end=\"892\">Opcje i personalizacja<\/p>\n<p data-start=\"895\" data-end=\"968\">Niestandardowy rozmiar \/ wykonane na zam\u00f3wienie ci\u0119cia, kszta\u0142ty i dopasowanie paneli na \u017cyczenie<\/p>\n<p data-start=\"971\" data-end=\"1046\">Mo\u017cliwo\u015b\u0107 wyboru odcienia pow\u0142oki\/odbicia \u015bwiat\u0142a w celu dostosowania do przeznaczenia elewacji<\/p>\n<p data-start=\"1049\" data-end=\"1128\">Konfiguracje szyb zespolonych i kompatybilno\u015b\u0107 z ramkami dystansowymi\/uszczelkami dost\u0119pne na \u017cyczenie.<\/p>\n<p data-start=\"1131\" data-end=\"1198\">Usuwanie kraw\u0119dzi, maskowanie i strefy chronione zgodnie z rysunkami<\/p>\n<p data-start=\"1201\" data-end=\"1272\">Na \u017cyczenie dost\u0119pne s\u0105 wersje hartowane lub laminowane.<\/p>\n<p data-start=\"1275\" data-end=\"1335\">Pr\u00f3bki i panele zatwierdzaj\u0105ce dost\u0119pne do zatwierdzenia projektu<\/p>\n<p data-start=\"1339\" data-end=\"1550\">Typowe zastosowania<br data-start=\"1359\" data-end=\"1362\" \/>Szyby zespolone do \u015bcian os\u0142onowych, komercyjne jednostki okienne, modernizacje fasad, wie\u017cowce biurowe, przeszklenia hoteli, witryny sklep\u00f3w detalicznych, obudowy atri\u00f3w, \u015bwietliki i na\u015bwietla dachowe, terminale lotniskowe i tranzytowe<\/p>\n<p data-start=\"1554\" data-end=\"1903\">Dostawa i wsparcie<br data-start=\"1570\" data-end=\"1573\" \/>Dostawy Factory Direct z dostosowaniem specyfikacji projektu, wsparciem rysunkowym i koordynacj\u0105 rysunk\u00f3w warsztatowych w celu zatwierdzenia i sekwencjonowania. Stabilne planowanie czasu realizacji jest dost\u0119pne dla etapowych wyda\u0144, wspieranych przez wewn\u0119trzn\u0105 kontrol\u0119 jako\u015bci i identyfikowalno\u015b\u0107 jako\u015bci. Istnieje mo\u017cliwo\u015b\u0107 zorganizowania pakowania eksportowego i pakowania w skrzynie; zgodno\u015b\u0107 z normami dost\u0119pna na \u017cyczenie.<\/p>","protected":false},"excerpt":{"rendered":"<p>Powlekane szk\u0142o przeciws\u0142oneczne Project Spec redukuje ciep\u0142o i odblaski, zachowuj\u0105c jednocze\u015bnie \u015bwiat\u0142o dzienne i czysty wygl\u0105d zewn\u0119trzny. Wykonywane na zam\u00f3wienie w niestandardowych rozmiarach z koordynacj\u0105 rysunkow\u0105, jest niezawodn\u0105 opcj\u0105 dla \u015bcian os\u0142onowych i projekt\u00f3w okien komercyjnych, kt\u00f3re wymagaj\u0105 sp\u00f3jnego wygl\u0105du we wszystkich dostawach.<\/p>","protected":false},"featured_media":629,"template":"","meta":{"_gspb_post_css":""},"product_brand":[],"product_cat":[28],"product_tag":[66,166,62,139,167,169,164,58,165,162,168,163],"class_list":{"0":"post-625","1":"product","2":"type-product","3":"status-publish","4":"has-post-thumbnail","6":"product_cat-coated-glass","7":"product_tag-bulk-supply","8":"product_tag-commercial-window-glass","9":"product_tag-curtain-wall-glazing","10":"product_tag-custom-size-glass","11":"product_tag-facade-glass","12":"product_tag-factory-direct-glass","13":"product_tag-igu-glass","14":"product_tag-low-e-coated-glass","15":"product_tag-magnetron-coated-glass","16":"product_tag-project-spec-custom-solar-control-coated-glass","17":"product_tag-project-spec-support","18":"product_tag-solar-control-coated-glass","20":"first","21":"instock","22":"shipping-taxable","23":"purchasable","24":"product-type-simple"},"_links":{"self":[{"href":"https:\/\/theinsulatedglass.com\/pl\/wp-json\/wp\/v2\/product\/625","targetHints":{"allow":["GET"]}}],"collection":[{"href":"https:\/\/theinsulatedglass.com\/pl\/wp-json\/wp\/v2\/product"}],"about":[{"href":"https:\/\/theinsulatedglass.com\/pl\/wp-json\/wp\/v2\/types\/product"}],"wp:featuredmedia":[{"embeddable":true,"href":"https:\/\/theinsulatedglass.com\/pl\/wp-json\/wp\/v2\/media\/629"}],"wp:attachment":[{"href":"https:\/\/theinsulatedglass.com\/pl\/wp-json\/wp\/v2\/media?parent=625"}],"wp:term":[{"taxonomy":"product_brand","embeddable":true,"href":"https:\/\/theinsulatedglass.com\/pl\/wp-json\/wp\/v2\/product_brand?post=625"},{"taxonomy":"product_cat","embeddable":true,"href":"https:\/\/theinsulatedglass.com\/pl\/wp-json\/wp\/v2\/product_cat?post=625"},{"taxonomy":"product_tag","embeddable":true,"href":"https:\/\/theinsulatedglass.com\/pl\/wp-json\/wp\/v2\/product_tag?post=625"}],"curies":[{"name":"wp","href":"https:\/\/api.w.org\/{rel}","templated":true}]}}