{"id":637,"date":"2026-01-27T08:06:24","date_gmt":"2026-01-27T08:06:24","guid":{"rendered":"https:\/\/theinsulatedglass.com\/?post_type=product&#038;p=637"},"modified":"2026-01-27T08:06:24","modified_gmt":"2026-01-27T08:06:24","slug":"bulk-ceramic-frit-tempered-glass-for-facade-use","status":"publish","type":"product","link":"https:\/\/theinsulatedglass.com\/pl\/bulk-ceramic-frit-tempered-glass-for-facade-use\/","title":{"rendered":"Szk\u0142o hartowane Bulk Ceramic Frit do zastosowa\u0144 fasadowych"},"content":{"rendered":"<p data-start=\"60\" data-end=\"392\">Przegl\u0105d<br data-start=\"68\" data-end=\"71\" \/>Zaprojektowane z my\u015bl\u0105 o ekspozycji zewn\u0119trznej, szk\u0142o hartowane z fryt\u0105 ceramiczn\u0105 \u0142\u0105czy w sobie odporno\u015b\u0107 na uderzenia dzi\u0119ki hartowaniu ze stapian\u0105 warstw\u0105 emalii, kt\u00f3ra wytrzymuje warunki pogodowe i cykle czyszczenia. Jest to praktyczny wyb\u00f3r dla fasad, kt\u00f3re wymagaj\u0105 trwa\u0142ego wzornictwa, kontrolowanego odblasku lub wizualnego maskowania bez konieczno\u015bci stosowania folii lub pow\u0142ok.<\/p>\n<p data-start=\"396\" data-end=\"410\">Kluczowe cechy<\/p>\n<p data-start=\"413\" data-end=\"482\">Wzmocnione parametry bezpiecze\u0144stwa odpowiednie dla przeszkle\u0144 fasadowych<\/p>\n<p data-start=\"485\" data-end=\"564\">Wtopienie ceramicznej fryty w powierzchni\u0119 podczas przetwarzania zapewnia d\u0142ugotrwa\u0142\u0105 trwa\u0142o\u015b\u0107<\/p>\n<p data-start=\"567\" data-end=\"640\">Odporno\u015b\u0107 na blakni\u0119cie pod wp\u0142ywem promieniowania UV i powszechnie stosowanych \u015brodk\u00f3w czyszcz\u0105cych jest lepsza ni\u017c w przypadku nadruk\u00f3w nak\u0142adanych<\/p>\n<p data-start=\"643\" data-end=\"717\">Poprawa jednolito\u015bci wizualnej na elewacjach dzi\u0119ki stabilnym, powtarzalnym wzorom<\/p>\n<p data-start=\"720\" data-end=\"801\">Wspieranie za\u0142o\u017ce\u0144 projektowych poprzez redukcj\u0119 odblask\u00f3w i zarz\u0105dzanie prze\u015bwitami tam, gdzie jest to wymagane.<\/p>\n<p data-start=\"804\" data-end=\"878\">Zmniejszenie obaw zwi\u0105zanych z konserwacj\u0105 poprzez zapewnienie wytrzyma\u0142ej warstwy dekoracyjnej<\/p>\n<p data-start=\"882\" data-end=\"907\">Opcje i personalizacja<\/p>\n<p data-start=\"910\" data-end=\"981\">Panele o niestandardowym rozmiarze \/ wykonane na zam\u00f3wienie, przyci\u0119te do kszta\u0142tu dost\u0119pne na \u017cyczenie<\/p>\n<p data-start=\"984\" data-end=\"1060\">Oferowane opcje wzor\u00f3w (kropka, linia, gradient, pe\u0142ny pas) zgodnie ze specyfikacj\u0105 projektu<\/p>\n<p data-start=\"1063\" data-end=\"1127\">Dopasowanie kolor\u00f3w i zatwierdzanie pr\u00f3bek paneli dost\u0119pne na \u017cyczenie<\/p>\n<p data-start=\"1130\" data-end=\"1201\">Przygotowanie otwor\u00f3w\/wci\u0119\u0107\/CNC dla wspornik\u00f3w, kotew i oku\u0107 elewacyjnych<\/p>\n<p data-start=\"1204\" data-end=\"1280\">Opcjonalne zabudowy laminowane lub IGU dost\u0119pne na \u017cyczenie w zale\u017cno\u015bci od potrzeb projektu.<\/p>\n<p data-start=\"1283\" data-end=\"1356\">Oznaczenie orientacji i zestaw dostarczony w celu dopasowania do sekwencji instalacji<\/p>\n<p data-start=\"1360\" data-end=\"1382\">Typowe zastosowania<\/p>\n<p data-start=\"1385\" data-end=\"1414\">Strefy spandreli \u015bcian os\u0142onowych<\/p>\n<p data-start=\"1417\" data-end=\"1455\">Szk\u0142o z pow\u0142ok\u0105 przeciwodblaskow\u0105<\/p>\n<p data-start=\"1458\" data-end=\"1502\">Paski na elewacji i grafika brandingowa<\/p>\n<p data-start=\"1505\" data-end=\"1538\">Zadaszenia i nawisy wej\u015bciowe<\/p>\n<p data-start=\"1541\" data-end=\"1575\">Ekrany balkonowe i os\u0142ony przeciwwiatrowe<\/p>\n<p data-start=\"1578\" data-end=\"1603\">Mechaniczne \u015bciany ekranowe<\/p>\n<p data-start=\"1606\" data-end=\"1648\">Obszary przykrywaj\u0105ce s\u0142upy i cieniowane ramki<\/p>\n<p data-start=\"1651\" data-end=\"1687\">Os\u0142ony przeciws\u0142oneczne i ekrany zewn\u0119trzne<\/p>\n<p data-start=\"1691\" data-end=\"2027\">Dostawa i wsparcie<br data-start=\"1707\" data-end=\"1710\" \/>Fabryczne dostawy masowe z planowaniem produkcji masowej i opcjami szybkiego czasu realizacji dla zaplanowanych wyda\u0144. Wewn\u0119trzna kontrola jako\u015bci z mo\u017cliwo\u015bci\u0105 \u015bledzenia jako\u015bci, a tak\u017ce pakowanie eksportowe i pakowanie w skrzynie w celu ochrony przesy\u0142ki. Wsparcie rysunkowe i koordynacja rysunk\u00f3w warsztatowych s\u0105 dost\u0119pne; zgodno\u015b\u0107 z normami dost\u0119pna na \u017cyczenie.<\/p>","protected":false},"excerpt":{"rendered":"<p>Szk\u0142o hartowane z fryt\u0105 ceramiczn\u0105 oferuje stapian\u0105, wytrzyma\u0142\u0105 warstw\u0119 wzoru, kt\u00f3ra pozostaje stabilna na zewn\u0105trz, zapewniaj\u0105c jednocze\u015bnie bezpiecze\u0144stwo oszklenia hartowanego. Dostarczane w rozmiarach na zam\u00f3wienie dla program\u00f3w masowych, jest szeroko stosowane do spandreli \u015bcian os\u0142onowych, paneli elewacyjnych z kontrol\u0105 ol\u015bnienia i zadasze\u0144 wej\u015bciowych.<\/p>","protected":false},"featured_media":643,"template":"","meta":{"_gspb_post_css":""},"product_brand":[],"product_cat":[38],"product_tag":[179,66,75,180,184,139,185,97,181,114,183,182],"class_list":{"0":"post-637","1":"product","2":"type-product","3":"status-publish","4":"has-post-thumbnail","6":"product_cat-silk-screen-printed-ceramic-frit-glass","7":"product_tag-bulk-ceramic-frit-tempered-glass-for-facade-use","8":"product_tag-bulk-supply","9":"product_tag-canopy-glazing","10":"product_tag-ceramic-frit-tempered-glass","11":"product_tag-curtain-wall-spandrel-glass","12":"product_tag-custom-size-glass","13":"product_tag-facade-glare-control-glass","14":"product_tag-factory-direct","15":"product_tag-fritted-tempered-glass-panels","16":"product_tag-heat-treated-glass","17":"product_tag-igu-frit-glass","18":"product_tag-laminated-frit-glass","20":"first","21":"instock","22":"shipping-taxable","23":"purchasable","24":"product-type-simple"},"_links":{"self":[{"href":"https:\/\/theinsulatedglass.com\/pl\/wp-json\/wp\/v2\/product\/637","targetHints":{"allow":["GET"]}}],"collection":[{"href":"https:\/\/theinsulatedglass.com\/pl\/wp-json\/wp\/v2\/product"}],"about":[{"href":"https:\/\/theinsulatedglass.com\/pl\/wp-json\/wp\/v2\/types\/product"}],"wp:featuredmedia":[{"embeddable":true,"href":"https:\/\/theinsulatedglass.com\/pl\/wp-json\/wp\/v2\/media\/643"}],"wp:attachment":[{"href":"https:\/\/theinsulatedglass.com\/pl\/wp-json\/wp\/v2\/media?parent=637"}],"wp:term":[{"taxonomy":"product_brand","embeddable":true,"href":"https:\/\/theinsulatedglass.com\/pl\/wp-json\/wp\/v2\/product_brand?post=637"},{"taxonomy":"product_cat","embeddable":true,"href":"https:\/\/theinsulatedglass.com\/pl\/wp-json\/wp\/v2\/product_cat?post=637"},{"taxonomy":"product_tag","embeddable":true,"href":"https:\/\/theinsulatedglass.com\/pl\/wp-json\/wp\/v2\/product_tag?post=637"}],"curies":[{"name":"wp","href":"https:\/\/api.w.org\/{rel}","templated":true}]}}